{"id":253963,"date":"2026-01-10T22:19:43","date_gmt":"2026-01-10T19:19:43","guid":{"rendered":"https:\/\/baldumarket.lt\/product\/dorian-dn14-140-s-p-loze-z-pojemnikiem-na-posciel\/"},"modified":"2026-02-11T18:31:20","modified_gmt":"2026-02-11T15:31:20","slug":"dorian-dn14-140-s-p-loze-z-pojemnikiem-na-posciel","status":"publish","type":"product","link":"https:\/\/baldumarket.lt\/lt\/product\/dorian-dn14-140-s-p-loze-z-pojemnikiem-na-posciel\/","title":{"rendered":"DORIAN DN14\/140 SP Lova su patalyn\u0117s d\u0117\u017ee"},"content":{"rendered":"<p>140\/160\/180 DORIAN DN14 lova \u2013 paprasta ir labai stilinga miegamojo lova. Ji pasi\u017eymi metaliniu r\u0117mu su medin\u0117mis grotel\u0117mis ir didele daiktad\u0117\u017ee. U\u017e papildom\u0105 mokest\u012f galima \u012frengti papildom\u0105 LED ap\u0161vietim\u0105, kuris ap\u0161vie\u010dia vir\u0161utin\u0117s dalies dekoratyvinius elementus, sukurdamas \u0161veln\u0173 \u0161vyt\u0117jim\u0105 ir jauki\u0105 atmosfer\u0105. \u010ciu\u017einys \u012f komplekt\u0105 ne\u012feina; j\u012f galima \u012fsigyti atskirai. \u201eApril Oak\u201c spalv\u0173 gam\u0105 papildo juodos spalvos akcentai, pabr\u0117\u017eiantys bendr\u0105 lovos stili\u0173. \u0160iltos spalvos ir minimalistin\u0117 forma sukurs patraukl\u0173, modern\u0173 interjer\u0105. Lova yra trij\u0173 dyd\u017ei\u0173: 140 cm, 160 cm ir 180 cm. Ji puikiai der\u0117s su kitais DORIAN serijos baldais arba bus naudojama kaip atskiras baldas, tod\u0117l gal\u0117site j\u0105 pritaikyti prie savo kambario interjero.<\/p>\n<p>Plotis 143 cm Ilgis 207 cm Auk\u0161tis 102 cm Miegamoji erdv\u0117 140 cm x 200 cm Produkto svoris su pakuote 116,90 kg Gamintojo kodas \/ simbolis DN14\/140 SP Kolekcijos pavadinimas DORIAN Pavadinimas b2b sistemoje DORIAN DN-14\/140 \u0105\u017euolo baland\u017eio\/bald\u0173 spalvos LOVA su talpos komplektu Produkto pakuo\u010di\u0173 skai\u010dius 7 Stilius Modernus \u012eranga Surinkimo instrukcijos \/ surinkimo priedai Surinkimas Savaranki\u0161kam surinkimui Spalva baland\u017eio \u0105\u017euolo \/ juoda Vir\u0161utin\u0117s dalies med\u017eiaga \/ tipas \/ storis 16 mm baldin\u0117 lenta \/ 18 mm MDF baldin\u0117s lentos juostel\u0117 Kair\u0117s ir de\u0161in\u0117s pusi\u0173 med\u017eiaga \/ tipas \/ storis 22 mm baldin\u0117 lenta Dugno med\u017eiaga \/ tipas \/ storis 22 mm baldin\u0117 lenta Pagrindo med\u017eiaga \/ tipas \/ storis 16 mm baldin\u0117 lenta Kojel\u0117 \/ med\u017eiaga \/ spalva Nereguliuojama \/ Bald\u0173 slydiklis \/ plastikas \/ juoda R\u0117mas Standartinis R\u0117mo med\u017eiaga Metalinis r\u0117mas \/ medin\u0117s lentjuost\u0117s R\u0117mo lentjuos\u010di\u0173 skai\u010dius 48 Patalyn\u0117 Standartinis Konteinerio tipas vidin\u0117 lovoje U\u017edar\u0173 ni\u0161\u0173 skai\u010dius 2<\/p>","protected":false},"excerpt":{"rendered":"<p>140\/160\/180 DORIAN DN14 lova \u2013 paprasta ir labai stilinga miegamojo lova. Ji pasi\u017eymi metaliniu r\u0117mu su medin\u0117mis grotel\u0117mis ir didele daiktad\u0117\u017ee. J\u0105 galima papildomai ap\u0161viesti LED ap\u0161vietimu (u\u017e papildom\u0105 mokest\u012f), kuris ap\u0161vie\u010dia dekoratyvinius elementus vir\u0161uje, sukurdamas \u0161veln\u0173 \u0161vyt\u0117jim\u0105 ir [\u2026]<\/p>","protected":false},"featured_media":253964,"comment_status":"open","ping_status":"open","template":"","meta":[],"product_brand":[],"product_cat":[505,2457],"product_tag":[],"class_list":{"0":"post-253963","1":"product","2":"type-product","3":"status-publish","4":"has-post-thumbnail","6":"product_cat-bedroom-beds","7":"product_cat-liveo","9":"first","10":"instock","11":"purchasable","12":"product-type-simple"},"_links":{"self":[{"href":"https:\/\/baldumarket.lt\/lt\/wp-json\/wp\/v2\/product\/253963","targetHints":{"allow":["GET"]}}],"collection":[{"href":"https:\/\/baldumarket.lt\/lt\/wp-json\/wp\/v2\/product"}],"about":[{"href":"https:\/\/baldumarket.lt\/lt\/wp-json\/wp\/v2\/types\/product"}],"replies":[{"embeddable":true,"href":"https:\/\/baldumarket.lt\/lt\/wp-json\/wp\/v2\/comments?post=253963"}],"wp:featuredmedia":[{"embeddable":true,"href":"https:\/\/baldumarket.lt\/lt\/wp-json\/wp\/v2\/media\/253964"}],"wp:attachment":[{"href":"https:\/\/baldumarket.lt\/lt\/wp-json\/wp\/v2\/media?parent=253963"}],"wp:term":[{"taxonomy":"product_brand","embeddable":true,"href":"https:\/\/baldumarket.lt\/lt\/wp-json\/wp\/v2\/product_brand?post=253963"},{"taxonomy":"product_cat","embeddable":true,"href":"https:\/\/baldumarket.lt\/lt\/wp-json\/wp\/v2\/product_cat?post=253963"},{"taxonomy":"product_tag","embeddable":true,"href":"https:\/\/baldumarket.lt\/lt\/wp-json\/wp\/v2\/product_tag?post=253963"}],"curies":[{"name":"wp","href":"https:\/\/api.w.org\/{rel}","templated":true}]}}