{"id":253955,"date":"2026-01-10T22:19:39","date_gmt":"2026-01-10T19:19:39","guid":{"rendered":"https:\/\/baldumarket.lt\/product\/dorian-dn13-szafa-z-lustrem\/"},"modified":"2026-02-11T18:31:20","modified_gmt":"2026-02-11T15:31:20","slug":"dorian-dn13-szafa-z-lustrem","status":"publish","type":"product","link":"https:\/\/baldumarket.lt\/lt\/product\/dorian-dn13-szafa-z-lustrem\/","title":{"rendered":"DORIAN DN13 Spinta su veidrod\u017eiu"},"content":{"rendered":"<p>Stumdoma spinta DORIAN DN13 \u2013 puikus sprendimas j\u016bs\u0173 miegamajam arba kaip bendra r\u016bbin\u0117 visiems \u0161eimos nariams. Spinta turi stumdom\u0173 dur\u0173 sistem\u0105, kuri nevar\u017eo erdv\u0117s. Patogios ir erdvios ni\u0161os tilps sulankstytuose drabu\u017eiuose, aksesuaruose ar bat\u0173 d\u0117\u017e\u0117se, o keturios pakabos sutvarkys likusi\u0105 spintos dal\u012f. Vidurin\u0117se spintos duryse yra veidrodis, kuris vizualiai dar labiau padidins kambar\u012f. \u201eApril Oak\u201c spalv\u0173 gam\u0105 papildo juodos spalvos akcentai, pabr\u0117\u017eiantys bendr\u0105 spintos stili\u0173. Nat\u016bralaus med\u017eio juostel\u0117 su LED ap\u0161vietimu suteikia papildomo \u017eavesio. \u0160iltos spintos spalvos ir minimalistin\u0117 forma sukurs patraukl\u0173, modern\u0173 interjer\u0105 ir jauki\u0105 atmosfer\u0105. Spinta idealiai tinka derinti su kitais DORIAN serijos baldais arba naudoti kaip atskiras baldas, leid\u017eiantis j\u0105 pritaikyti prie savo kambario interjero.<\/p>\n<p>Plotis 235 cm Gylis 62 cm Auk\u0161tis 211 cm Produkto svoris su pakuote 193,45 kg Gamintojo kodas \/ simbolis DN13 Kolekcijos pavadinimas DORIAN Pavadinimas b2b sistemoje DORIAN DN-13 april \u0105\u017euolas\/juoda STUMDOMA SPINTEL\u0116 komplektas Produkt\u0173 pakuo\u010di\u0173 skai\u010dius 7 Stilius Modernus \u012eranga Surinkimo instrukcijos \/ surinkimo priedai Surinkimas Savaranki\u0161kam surinkimui Korpuso spalva April Oak \/ Juoda Korpuso med\u017eiaga \/ tipas \/ storis 16 mm baldin\u0117 plok\u0161t\u0117 \/ Juostel\u0117 16 mm MDF baldin\u0117 plok\u0161t\u0117 Vir\u0161utin\u0117 korpuso apdaila \/ med\u017eiaga \/ tipas \/ storis 22 mm baldin\u0117 plok\u0161t\u0117 Apatin\u0117 korpuso apdaila \/ med\u017eiaga \/ tipas \/ storis 22 mm baldin\u0117 plok\u0161t\u0117 Lentynos spalva April Oak Lentynos med\u017eiaga \/ tipas \/ storis 16 mm baldin\u0117 plok\u0161t\u0117 Lentyn\u0173 kiekis 3 Kar\u016bnin\u0117s lentynos kiekis 1 Galin\u0117s sienel\u0117s med\u017eiaga \/ tipas \/ storis 2,5 mm HDF baldin\u0117 plok\u0161t\u0117 Galin\u0117s sienel\u0117s \u2013 matomos dalies spalva Juoda Priekin\u0117s spalvos April Oak Priekin\u0117s med\u017eiagos \/ tipas \/ storis 18 mm MDF baldin\u0117 plok\u0161t\u0117 Priekin\u0117 dalis su veidrod\u017eiu TAIP Priekin\u0117 dalis su veidrod\u017eiu kiekis 1 Priekinis vyris Stumdom\u0173 dur\u0173 sistema Priekin\u0117 rankena \/ med\u017eiaga \/ spalva Aliuminio profilis \/ Juoda I\u0161orinis ap\u0161vietimas Standartinis I\u0161orinio ap\u0161vietimo \u0161viesos spalva \u0160iltai balta I\u0161orinio ap\u0161vietimo energijos klas\u0117 A++ Kojel\u0117 \/ dizainas \/ spalva Be reguliavimo \/ plastikin\u0117 \/ juoda Papildoma kojel\u0117 \/ dizainas \/ spalva Be reguliavimo per vidur\u012f \/ plastikin\u0117 \/ juoda Dureli\u0173 skai\u010dius 3 U\u017edar\u0173 ni\u0161\u0173 skai\u010dius 7 Korpuso \u012franga 4 pakabos kaip standartin\u0117 \u012franga<\/p>","protected":false},"excerpt":{"rendered":"<p>DORIAN DN13 stumdoma spinta \u2013 puikus sprendimas j\u016bs\u0173 miegamajam arba kaip bendra persirengimo kambarys visiems \u0161eimos nariams. Spinta turi stumdom\u0173 dur\u0173 sistem\u0105, kuri nevar\u017eo erdv\u0117s. Patogios ir erdvios ni\u0161os tilps sulankstytuose drabu\u017eiuose, aksesuaruose ar bat\u0173 d\u0117\u017e\u0117se, o keturios pakabos sutvarkys likusi\u0105 j\u016bs\u0173 spintos dal\u012f. [\u2026]<\/p>","protected":false},"featured_media":253956,"comment_status":"open","ping_status":"open","template":"","meta":[],"product_brand":[],"product_cat":[2457,1177],"product_tag":[],"class_list":{"0":"post-253955","1":"product","2":"type-product","3":"status-publish","4":"has-post-thumbnail","6":"product_cat-liveo","7":"product_cat-wardrobes","9":"first","10":"instock","11":"purchasable","12":"product-type-simple"},"_links":{"self":[{"href":"https:\/\/baldumarket.lt\/lt\/wp-json\/wp\/v2\/product\/253955","targetHints":{"allow":["GET"]}}],"collection":[{"href":"https:\/\/baldumarket.lt\/lt\/wp-json\/wp\/v2\/product"}],"about":[{"href":"https:\/\/baldumarket.lt\/lt\/wp-json\/wp\/v2\/types\/product"}],"replies":[{"embeddable":true,"href":"https:\/\/baldumarket.lt\/lt\/wp-json\/wp\/v2\/comments?post=253955"}],"wp:featuredmedia":[{"embeddable":true,"href":"https:\/\/baldumarket.lt\/lt\/wp-json\/wp\/v2\/media\/253956"}],"wp:attachment":[{"href":"https:\/\/baldumarket.lt\/lt\/wp-json\/wp\/v2\/media?parent=253955"}],"wp:term":[{"taxonomy":"product_brand","embeddable":true,"href":"https:\/\/baldumarket.lt\/lt\/wp-json\/wp\/v2\/product_brand?post=253955"},{"taxonomy":"product_cat","embeddable":true,"href":"https:\/\/baldumarket.lt\/lt\/wp-json\/wp\/v2\/product_cat?post=253955"},{"taxonomy":"product_tag","embeddable":true,"href":"https:\/\/baldumarket.lt\/lt\/wp-json\/wp\/v2\/product_tag?post=253955"}],"curies":[{"name":"wp","href":"https:\/\/api.w.org\/{rel}","templated":true}]}}