{"id":253948,"date":"2026-01-10T22:19:34","date_gmt":"2026-01-10T19:19:34","guid":{"rendered":"https:\/\/baldumarket.lt\/product\/dorian-dn12-stol-rozkladany\/"},"modified":"2026-02-11T18:31:20","modified_gmt":"2026-02-11T15:31:20","slug":"dorian-dn12-stol-rozkladany","status":"publish","type":"product","link":"https:\/\/baldumarket.lt\/lt\/product\/dorian-dn12-stol-rozkladany\/","title":{"rendered":"DORIAN DN12 I\u0160PL\u0116STAMAS STALAS"},"content":{"rendered":"<p>I\u0161traukiamas stalas DORIAN DN12 puikiai atrodys modernioje svetain\u0117je arba valgomajame. \u0160i\u0105 stabili\u0105 konstrukcij\u0105 papildomai palaiko plati koja su stalvir\u0161iu, kuri taip pat atlieka dekoratyvinio elemento funkcij\u0105. D\u0117l 40 cm \u012fd\u0117klo j\u012f galima lengvai transformuoti \u012f pilnai funkcional\u0173 stal\u0105, kurio pavir\u0161iaus plotas yra 200 cm. Jis nepakei\u010diamas tiek jaukiems \u0161eimos susib\u016brimams, tiek proginiams vakar\u0117liams. \u201eApril Oak\u201c spalv\u0173 gam\u0105 skaido juodos spalvos akcentai, pabr\u0117\u017eiantys bendr\u0105 stalo stili\u0173. \u0160iltos stalo spalvos ir minimalistin\u0117 forma sukurs patraukl\u0173 modern\u0173 interjer\u0105 ir jauki\u0105 atmosfer\u0105. Stalas idealiai tinka derinti su kitais DORIAN serijos baldais arba kaip atskiras baldas, prisitaikantis prie j\u016bs\u0173 kambario interjero.<\/p>\n<p>I\u0161traukiama TAIP \u012ed\u0117kl\u0173 skai\u010dius 1 Plotis 90 cm Ilgis 160 cm Ilgis po i\u0161skleidimo 200 cm Auk\u0161tis 76,5 cm Produkto svoris su pakuote 72,55 kg Gamintojo kodas \/ simbolis DN12 Kolekcijos pavadinimas DORIAN Pavadinimas b2b sistemoje DORIAN DN-12 baland\u017eio \u0105\u017euolo\/juodo STAL\u0172 komplektas Produkto pakuo\u010di\u0173 skai\u010dius 3 Stilius Modernus \u012eranga Surinkimo instrukcijos \/ surinkimo priedai Surinkimas Savaranki\u0161kam surinkimui Spalva baland\u017eio \u0105\u017euolo \/ Juoda Stalvir\u0161io med\u017eiaga \/ tipas \/ storis 28 mm baldin\u0117 lenta R\u0117mo med\u017eiaga \/ tipas \/ storis 22 mm baldin\u0117 lenta Kolonos med\u017eiaga \/ tipas \/ storis 16 mm baldin\u0117 lenta Kolonos pagrindo med\u017eiaga \/ tipas \/ storis 28 mm baldin\u0117 lenta Kojel\u0117 \/ med\u017eiaga \/ spalva Nereguliuojama \/ Bald\u0173 b\u0117geliai \/ plastikas \/ Juoda<\/p>","protected":false},"excerpt":{"rendered":"<p>DORIAN DN12 i\u0161skleid\u017eiamas stalas puikiai atrodys modernioje svetain\u0117je arba valgomajame. \u0160i\u0105 stabili\u0105 konstrukcij\u0105 papildomai palaiko plati koja su stalvir\u0161iu, kuri taip pat atlieka dekoratyvinio elemento funkcij\u0105. D\u0117l 40 cm \u012fd\u0117klo j\u012f galima lengvai transformuoti \u012f pilnai funkcional\u0173 stal\u0105 su pavir\u0161iumi [\u2026]<\/p>","protected":false},"featured_media":253884,"comment_status":"open","ping_status":"open","template":"","meta":[],"product_brand":[],"product_cat":[2457,1934],"product_tag":[],"class_list":{"0":"post-253948","1":"product","2":"type-product","3":"status-publish","4":"has-post-thumbnail","6":"product_cat-liveo","7":"product_cat-tables","9":"first","10":"instock","11":"product-type-simple"},"_links":{"self":[{"href":"https:\/\/baldumarket.lt\/lt\/wp-json\/wp\/v2\/product\/253948","targetHints":{"allow":["GET"]}}],"collection":[{"href":"https:\/\/baldumarket.lt\/lt\/wp-json\/wp\/v2\/product"}],"about":[{"href":"https:\/\/baldumarket.lt\/lt\/wp-json\/wp\/v2\/types\/product"}],"replies":[{"embeddable":true,"href":"https:\/\/baldumarket.lt\/lt\/wp-json\/wp\/v2\/comments?post=253948"}],"wp:featuredmedia":[{"embeddable":true,"href":"https:\/\/baldumarket.lt\/lt\/wp-json\/wp\/v2\/media\/253884"}],"wp:attachment":[{"href":"https:\/\/baldumarket.lt\/lt\/wp-json\/wp\/v2\/media?parent=253948"}],"wp:term":[{"taxonomy":"product_brand","embeddable":true,"href":"https:\/\/baldumarket.lt\/lt\/wp-json\/wp\/v2\/product_brand?post=253948"},{"taxonomy":"product_cat","embeddable":true,"href":"https:\/\/baldumarket.lt\/lt\/wp-json\/wp\/v2\/product_cat?post=253948"},{"taxonomy":"product_tag","embeddable":true,"href":"https:\/\/baldumarket.lt\/lt\/wp-json\/wp\/v2\/product_tag?post=253948"}],"curies":[{"name":"wp","href":"https:\/\/api.w.org\/{rel}","templated":true}]}}