{"id":253941,"date":"2026-01-10T22:19:30","date_gmt":"2026-01-10T19:19:30","guid":{"rendered":"https:\/\/baldumarket.lt\/product\/dorian-dn11-lawa-rozkladana\/"},"modified":"2026-02-11T18:31:20","modified_gmt":"2026-02-11T15:31:20","slug":"dorian-dn11-lawa-rozkladana","status":"publish","type":"product","link":"https:\/\/baldumarket.lt\/lt\/product\/dorian-dn11-lawa-rozkladana\/","title":{"rendered":"DORIAN DN11 SULANKSTOMAS SUOLAS"},"content":{"rendered":"<p>I\u0161traukiamas kavos staliukas DORIAN DN11 atrodo i\u0161skirtinai eleganti\u0161kai bet kurioje svetain\u0117je ar darbo kambaryje. D\u0117l i\u0161traukiamos funkcijos jis puikiai tinka tiek kasdieniam naudojimui, tiek didesniems susib\u016brimams ir \u0161vent\u0117ms. Modernus pagrindo ir koloninio r\u0117mo dizainas yra \u012fsp\u016bdingas ir u\u017etikrina tinkam\u0105 stabilum\u0105. \u201eApril Oak\u201c spalv\u0173 gam\u0105 papildo juodos spalvos akcentai, pabr\u0117\u017eiantys bendr\u0105 kavos staliuko stili\u0173. \u0160ilta spalv\u0173 gama ir minimalistin\u0117 forma sukurs patraukl\u0173, modern\u0173 interjer\u0105 ir jauki\u0105 atmosfer\u0105. Kavos staliukas idealiai dera su kitais DORIAN serijos baldais arba yra atskiras baldas, leid\u017eiantis j\u012f pritaikyti prie savo kambario dizaino.<\/p>\n<p>I\u0161traukiama TAIP \u012ed\u0117kl\u0173 skai\u010dius 1 Plotis 68 cm Ilgis 114 cm Ilgis po i\u0161skleidimo 144 cm Auk\u0161tis 51,5 cm Produkto svoris su pakuote 41,10 kg Gamintojo kodas \/ simbolis DN11 Kolekcijos pavadinimas DORIAN Pavadinimas b2b sistemoje DORIAN DN-11 baland\u017eio \u0105\u017euolo\/juodos spalvos KAVOS STALIUKO komplektas Produkto pakuo\u010di\u0173 skai\u010dius 3 Stilius Modernus \u012eranga Surinkimo instrukcijos \/ surinkimo priedai Surinkimas Savaranki\u0161kam surinkimui Spalva baland\u017eio \u0105\u017euolo \/ juoda Stalvir\u0161io med\u017eiaga \/ tipas \/ storis 28 mm baldin\u0117 lenta R\u0117mo med\u017eiaga \/ tipas \/ storis 16 mm baldin\u0117 lenta Kolonos med\u017eiaga \/ tipas \/ storis 16 mm baldin\u0117 lenta Kolonos pagrindo med\u017eiaga \/ tipas \/ storis 28 mm baldin\u0117 lenta Kojel\u0117 \/ med\u017eiaga \/ spalva Nereguliuojama \/ Bald\u0173 b\u0117geliai \/ plastikas \/ juoda<\/p>","protected":false},"excerpt":{"rendered":"<p>DORIAN DN11 i\u0161traukiamas kavos staliukas atrodo i\u0161skirtinai eleganti\u0161kai bet kurioje svetain\u0117je ar darbo kambaryje. D\u0117l i\u0161traukiamos funkcijos jis puikiai tinka tiek kasdieniam naudojimui, tiek didesniems susib\u016brimams ir \u0161vent\u0117ms. Modernus pagrindo ir kolonos formos r\u0117mo dizainas yra \u012fsp\u016bdingas ir u\u017etikrina pakankam\u0105 stabilum\u0105. \u201eApril Oak\u201c spalv\u0173 gam\u0105 papildo juoda [\u2026]<\/p>","protected":false},"featured_media":253885,"comment_status":"open","ping_status":"open","template":"","meta":[],"product_brand":[],"product_cat":[866,2457],"product_tag":[],"class_list":{"0":"post-253941","1":"product","2":"type-product","3":"status-publish","4":"has-post-thumbnail","6":"product_cat-coffee-tables","7":"product_cat-liveo","9":"first","10":"instock","11":"product-type-simple"},"_links":{"self":[{"href":"https:\/\/baldumarket.lt\/lt\/wp-json\/wp\/v2\/product\/253941","targetHints":{"allow":["GET"]}}],"collection":[{"href":"https:\/\/baldumarket.lt\/lt\/wp-json\/wp\/v2\/product"}],"about":[{"href":"https:\/\/baldumarket.lt\/lt\/wp-json\/wp\/v2\/types\/product"}],"replies":[{"embeddable":true,"href":"https:\/\/baldumarket.lt\/lt\/wp-json\/wp\/v2\/comments?post=253941"}],"wp:featuredmedia":[{"embeddable":true,"href":"https:\/\/baldumarket.lt\/lt\/wp-json\/wp\/v2\/media\/253885"}],"wp:attachment":[{"href":"https:\/\/baldumarket.lt\/lt\/wp-json\/wp\/v2\/media?parent=253941"}],"wp:term":[{"taxonomy":"product_brand","embeddable":true,"href":"https:\/\/baldumarket.lt\/lt\/wp-json\/wp\/v2\/product_brand?post=253941"},{"taxonomy":"product_cat","embeddable":true,"href":"https:\/\/baldumarket.lt\/lt\/wp-json\/wp\/v2\/product_cat?post=253941"},{"taxonomy":"product_tag","embeddable":true,"href":"https:\/\/baldumarket.lt\/lt\/wp-json\/wp\/v2\/product_tag?post=253941"}],"curies":[{"name":"wp","href":"https:\/\/api.w.org\/{rel}","templated":true}]}}