{"id":253935,"date":"2026-01-10T22:19:26","date_gmt":"2026-01-10T19:19:26","guid":{"rendered":"https:\/\/baldumarket.lt\/product\/dorian-dn10-polka-wiszaca\/"},"modified":"2026-02-11T18:31:20","modified_gmt":"2026-02-11T15:31:20","slug":"dorian-dn10-polka-wiszaca","status":"publish","type":"product","link":"https:\/\/baldumarket.lt\/lt\/product\/dorian-dn10-polka-wiszaca\/","title":{"rendered":"DORIAN DN10 PAKABINAMA LENTYNA"},"content":{"rendered":"<p>D\u0117l savo paprasto dizaino DORIAN DN10 lentyna puikiai der\u0117s prie bet kokio interjero. Joje gra\u017eiai tilps \u0161eimos nuotraukos, albumai ir knygos. \u201eApril Oak\u201c spalv\u0173 gam\u0105 skaido juodos spalvos akcentai, pabr\u0117\u017eiantys bendr\u0105 lentynos stili\u0173. \u0160iltos lentynos spalvos ir minimalistin\u0117 forma sukurs patraukl\u0173, modern\u0173 interjer\u0105 ir jauki\u0105 atmosfer\u0105. Lentyna idealiai dera su kitais DORIAN serijos baldais arba yra atskiras baldas, prisitaikantis prie j\u016bs\u0173 kambario dekoro.<\/p>\n<p>Plotis 153 cm Gylis 23,5 cm Auk\u0161tis 22 cm Produkto svoris su pakuote 10,30 kg Gamintojo kodas \/ simbolis DN10 Kolekcijos pavadinimas DORIAN Pavadinimas b2b sistemoje DORIAN DN-10 baland\u017eio \u0105\u017euolo\/juoda PAKABINAM\u0172 LENTYN\u0172 komplektas Produkto pakuo\u010di\u0173 skai\u010dius 1 Stilius Modernus \u012eranga Surinkimo instrukcijos \/ surinkimo priedai Surinkimas Savaranki\u0161kam surinkimui Spalvos baland\u017eio \u0105\u017euolo \/ juoda Korpuso med\u017eiaga \/ tipas \/ storis 16 mm bald\u0173 plok\u0161t\u0117 Korpuso vir\u0161utin\u0117s dalies med\u017eiaga \/ tipas \/ storis 22 mm bald\u0173 plok\u0161t\u0117 Korpuso \u012franga Reguliuojami bald\u0173 pakabos<\/p>","protected":false},"excerpt":{"rendered":"<p>DORIAN DN10 lentyna, d\u0117l savo paprasto dizaino, puikiai der\u0117s prie bet kokio interjero. Joje gra\u017eiai tilps \u0161eimos nuotraukos, albumai ir knygos. \u201eApril Oak\u201c spalv\u0173 gam\u0105 skaido juodos spalvos akcentai, pabr\u0117\u017eiantys bendr\u0105 lentynos stili\u0173. \u0160iltos lentynos spalvos ir minimalistin\u0117 forma sukurs patraukl\u0173, modern\u0173 interjer\u0105 ir [\u2026]<\/p>","protected":false},"featured_media":253920,"comment_status":"open","ping_status":"open","template":"","meta":[],"product_brand":[],"product_cat":[1174,2457],"product_tag":[],"class_list":{"0":"post-253935","1":"product","2":"type-product","3":"status-publish","4":"has-post-thumbnail","6":"product_cat-hanging-shelves","7":"product_cat-liveo","9":"first","10":"instock","11":"product-type-simple"},"_links":{"self":[{"href":"https:\/\/baldumarket.lt\/lt\/wp-json\/wp\/v2\/product\/253935","targetHints":{"allow":["GET"]}}],"collection":[{"href":"https:\/\/baldumarket.lt\/lt\/wp-json\/wp\/v2\/product"}],"about":[{"href":"https:\/\/baldumarket.lt\/lt\/wp-json\/wp\/v2\/types\/product"}],"replies":[{"embeddable":true,"href":"https:\/\/baldumarket.lt\/lt\/wp-json\/wp\/v2\/comments?post=253935"}],"wp:featuredmedia":[{"embeddable":true,"href":"https:\/\/baldumarket.lt\/lt\/wp-json\/wp\/v2\/media\/253920"}],"wp:attachment":[{"href":"https:\/\/baldumarket.lt\/lt\/wp-json\/wp\/v2\/media?parent=253935"}],"wp:term":[{"taxonomy":"product_brand","embeddable":true,"href":"https:\/\/baldumarket.lt\/lt\/wp-json\/wp\/v2\/product_brand?post=253935"},{"taxonomy":"product_cat","embeddable":true,"href":"https:\/\/baldumarket.lt\/lt\/wp-json\/wp\/v2\/product_cat?post=253935"},{"taxonomy":"product_tag","embeddable":true,"href":"https:\/\/baldumarket.lt\/lt\/wp-json\/wp\/v2\/product_tag?post=253935"}],"curies":[{"name":"wp","href":"https:\/\/api.w.org\/{rel}","templated":true}]}}