{"id":253927,"date":"2026-01-10T22:19:23","date_gmt":"2026-01-10T19:19:23","guid":{"rendered":"https:\/\/baldumarket.lt\/product\/dorian-dn09-szafa\/"},"modified":"2026-02-11T18:31:20","modified_gmt":"2026-02-11T15:31:20","slug":"dorian-dn09-szafa","status":"publish","type":"product","link":"https:\/\/baldumarket.lt\/lt\/product\/dorian-dn09-szafa\/","title":{"rendered":"DORIAN DN09 Spinta"},"content":{"rendered":"<p>Spinta DORIAN DN09 \u2013 universalus baldas, kuris lengvai tilps bet kuriame svetain\u0117je ar darbo kambaryje. Dviej\u0173 dur\u0173 spinta pasi\u017eymi funkcionalia erdve, turi du stal\u010dius, drabu\u017ei\u0173 kabykl\u0105 ir vir\u0161utin\u0119 ni\u0161\u0105 patogiam drabu\u017ei\u0173 laikymui. \u201eApril Oak\u201c spalv\u0173 gam\u0105 papildo juodos spalvos akcentai, pabr\u0117\u017eiantys bendr\u0105 spintos stili\u0173. Nat\u016bralaus med\u017eio juostel\u0117 su LED ap\u0161vietimu suteikia papildomo \u017eavesio. \u0160iltos spintos spalvos ir minimalistin\u0117 forma sukurs patraukl\u0173, modern\u0173 interjer\u0105 ir jauki\u0105 atmosfer\u0105. Spinta idealiai tinka derinti su kitais DORIAN serijos baldais arba naudoti kaip atskir\u0105 bald\u0105, leid\u017eiant\u012f jums suasmeninti savo kambario dizain\u0105.<\/p>\n<p>Plotis 94,5 cm Gylis 54 cm Auk\u0161tis 192 cm Produkto svoris su pakuote 87,90 kg Gamintojo kodas \/ simbolis DN09 Kolekcijos pavadinimas DORIAN Pavadinimas b2b sistemoje DORIAN DN-9 baland\u017eio \u0105\u017euolo\/juodos spalvos SPINTEL\u0116 2D komplektas Produkto pakuo\u010di\u0173 skai\u010dius 3 Stilius Modernus \u012eranga Surinkimo instrukcijos \/ surinkimo priedai Surinkimas Savaranki\u0161kam surinkimui Korpuso spalva April Oak \/ Juoda Korpuso med\u017eiaga \/ tipas \/ storis 16 mm bald\u0173 plok\u0161t\u0117 \/ Juostel\u0117 16 mm MDF bald\u0173 plok\u0161t\u0117 Vir\u0161utinio korpuso med\u017eiaga \/ tipas \/ storis 22 mm bald\u0173 plok\u0161t\u0117 Apatinio korpuso med\u017eiaga \/ tipas \/ storis 22 mm bald\u0173 plok\u0161t\u0117 Pagrindo korpuso med\u017eiaga \/ tipas \/ storis 16 mm bald\u0173 plok\u0161t\u0117 Lentynos spalva April Oak Lentynos med\u017eiaga \/ tipas \/ storis 16 mm bald\u0173 plok\u0161t\u0117 Kar\u016bn\u0117l\u0117s tipo lentyn\u0173 kiekis 1 Galin\u0117s sienel\u0117s med\u017eiaga \/ tipas \/ storis 2,5 mm Bald\u0173 plok\u0161t\u0117 Galin\u0117s sienel\u0117s spalva Juoda Priekin\u0117s spalvos April Oak Priekin\u0117s med\u017eiagos \/ tipas \/ storis 18 mm Bald\u0173 plok\u0161t\u0117 MDF Priekinis vyris \u2300 35 mm, reguliuojamas trijose plok\u0161tumose Priekin\u0117 rankena \/ med\u017eiaga \/ spalva Plastikas \/ juoda Ap\u0161vietimas I\u0161orinis ap\u0161vietimas Standarti\u0161kai I\u0161orinis Ap\u0161vietimo spalva \u0160iltai balta I\u0161orinis ap\u0161vietimas Energijos klas\u0117 A++ \u0160velnaus u\u017edarymo dur\u0173 sistema Standarti\u0161kai Pilnai i\u0161traukiamos stal\u010di\u0173 b\u0117gel\u0117s Kojel\u0117 \/ apdaila \/ spalva Nereguliuojama \/ Bald\u0173 b\u0117gelis \/ plastikin\u0117 \/ juoda Dureli\u0173 skai\u010dius 2 Stal\u010di\u0173 skai\u010dius 2 U\u017edar\u0173 ni\u0161\u0173 skai\u010dius 2 Korpuso \u012franga Standarti\u0161kai 1 pakabinimo karnizas<\/p>","protected":false},"excerpt":{"rendered":"<p>DORIAN DN09 spinta yra universalus baldas, kuris lengvai tilps bet kurioje svetain\u0117je ar darbo kambaryje. Dviej\u0173 dur\u0173 spinta pasi\u017eymi funkcionalia erdve, turi du stal\u010dius, drabu\u017ei\u0173 kabykl\u0105 ir vir\u0161utin\u0119 ni\u0161\u0105 patogiam drabu\u017ei\u0173 laikymui. \u201eApril Oak\u201c spalv\u0173 gam\u0105 papildo juodos spalvos akcentai, pabr\u0117\u017eiantys bendr\u0105 spintos stili\u0173. [\u2026]<\/p>","protected":false},"featured_media":253928,"comment_status":"open","ping_status":"open","template":"","meta":[],"product_brand":[],"product_cat":[2457,1177],"product_tag":[],"class_list":{"0":"post-253927","1":"product","2":"type-product","3":"status-publish","4":"has-post-thumbnail","6":"product_cat-liveo","7":"product_cat-wardrobes","9":"first","10":"instock","11":"product-type-simple"},"_links":{"self":[{"href":"https:\/\/baldumarket.lt\/lt\/wp-json\/wp\/v2\/product\/253927","targetHints":{"allow":["GET"]}}],"collection":[{"href":"https:\/\/baldumarket.lt\/lt\/wp-json\/wp\/v2\/product"}],"about":[{"href":"https:\/\/baldumarket.lt\/lt\/wp-json\/wp\/v2\/types\/product"}],"replies":[{"embeddable":true,"href":"https:\/\/baldumarket.lt\/lt\/wp-json\/wp\/v2\/comments?post=253927"}],"wp:featuredmedia":[{"embeddable":true,"href":"https:\/\/baldumarket.lt\/lt\/wp-json\/wp\/v2\/media\/253928"}],"wp:attachment":[{"href":"https:\/\/baldumarket.lt\/lt\/wp-json\/wp\/v2\/media?parent=253927"}],"wp:term":[{"taxonomy":"product_brand","embeddable":true,"href":"https:\/\/baldumarket.lt\/lt\/wp-json\/wp\/v2\/product_brand?post=253927"},{"taxonomy":"product_cat","embeddable":true,"href":"https:\/\/baldumarket.lt\/lt\/wp-json\/wp\/v2\/product_cat?post=253927"},{"taxonomy":"product_tag","embeddable":true,"href":"https:\/\/baldumarket.lt\/lt\/wp-json\/wp\/v2\/product_tag?post=253927"}],"curies":[{"name":"wp","href":"https:\/\/api.w.org\/{rel}","templated":true}]}}