{"id":253921,"date":"2026-01-10T22:19:19","date_gmt":"2026-01-10T19:19:19","guid":{"rendered":"https:\/\/baldumarket.lt\/product\/dorian-dn08-bielizniarka-uniwersalna-lewostronna-prawostronna\/"},"modified":"2026-02-11T18:31:20","modified_gmt":"2026-02-11T15:31:20","slug":"dorian-dn08-bielizniarka-uniwersalna-lewostronna-prawostronna","status":"publish","type":"product","link":"https:\/\/baldumarket.lt\/lt\/product\/dorian-dn08-bielizniarka-uniwersalna-lewostronna-prawostronna\/","title":{"rendered":"DORIAN DN08 UNIVERSALUS S\u016aRIO STAL\u010cIUS KAIR\u0116\/DE\u0160IN\u0116"},"content":{"rendered":"<p>DORIAN DN08 L\/R komoda \u2013 tai baldas, puikiai tinkantis svetain\u0117ms ir darbo erdv\u0117ms. Ji pasi\u017eymi standartiniu i\u0161planavimu su penkiais erdviais skyriais. Ji puikiai tinka tvarkingai susid\u0117ti ir susitvarkyti b\u016btiniausius daiktus bei drabu\u017eius. Komoda yra universali, j\u0105 galima atidaryti i\u0161 kair\u0117s arba de\u0161in\u0117s. \u2019April Oak\u201c spalv\u0173 gam\u0105 papildo juodos spalvos akcentai, pabr\u0117\u017eiantys bendr\u0105 spintel\u0117s stili\u0173. Nat\u016bralaus med\u017eio juostel\u0117 su LED ap\u0161vietimu suteikia papildomo \u017eavesio. \u0160iltos komodos spalvos ir minimalistinis dizainas sukurs patraukl\u0173, modern\u0173 interjer\u0105 ir jauki\u0105 atmosfer\u0105. Komoda idealiai dera su kitais DORIAN serijos baldais arba yra atskiras baldas, leid\u017eiantis j\u0105 pritaikyti prie savo kambario interjero.<\/p>\n<p>Plotis 63,5 cm Gylis 39,5 cm Auk\u0161tis 192 cm Produkto svoris su pakuote 56,50 kg Gamintojo kodas \/ simbolis DN08 Kolekcijos pavadinimas DORIAN Pavadinimas b2b sistemoje DORIAN DN-8 april \u0105\u017euolas\/juoda APATINI\u0172 KOMOD\u0172 LP komplektas Produkto pakuo\u010di\u0173 skai\u010dius 3 Stilius Modernus \u012eranga Surinkimo instrukcijos \/ surinkimo priedai Surinkimas Savaranki\u0161kam surinkimui Korpuso spalva April Oak \/ Juoda Korpuso med\u017eiaga \/ tipas \/ storis 16 mm baldin\u0117 plok\u0161t\u0117 \/ Juostel\u0117 16 mm MDF baldin\u0117 plok\u0161t\u0117 Vir\u0161utinio korpuso med\u017eiaga \/ tipas \/ storis 22 mm baldin\u0117 plok\u0161t\u0117 Apatinio korpuso med\u017eiaga \/ tipas \/ storis 22 mm baldin\u0117 plok\u0161t\u0117 Pagrindo korpuso med\u017eiaga \/ tipas \/ storis 16 mm baldin\u0117 plok\u0161t\u0117 Lentynos spalva April Oak Lentynos med\u017eiaga \/ tipas \/ storis 16 mm baldin\u0117 plok\u0161t\u0117 Lentyn\u0173 kiekis 3 Galin\u0117s sienel\u0117s med\u017eiaga \/ tipas \/ storis 2,5 mm HDF baldin\u0117 plok\u0161t\u0117 Galin\u0117s sienel\u0117s \u2013 matomos dalies spalva Juoda Priekin\u0117s spalvos April Oak Priekin\u0117s med\u017eiagos \/ tipas \/ storis 18 mm MDF baldin\u0117 plok\u0161t\u0117 Priekinis vyris \u2300 35 mm, reguliuojamas trijose plok\u0161tumose Priekin\u0117 rankena \/ med\u017eiaga \/ spalva Plastikas \/ juoda I\u0161orinis ap\u0161vietimas Standarti\u0161kai I\u0161orinio ap\u0161vietimo \u0161viesos spalva \u0160iltai balta I\u0161orinio ap\u0161vietimo energijos klas\u0117 A++ \u0160velnaus u\u017edarymo dur\u0173 sistema Standartin\u0117 komplektacija Kojel\u0117 \/ apdaila \/ spalva Be reguliavimo \/ Bald\u0173 b\u0117geliai \/ plastikas \/ juoda Dureli\u0173 skai\u010dius 2 U\u017edar\u0173 ni\u0161\u0173 skai\u010dius 5 Universalus korpusas kairysis \/ de\u0161inysis TAIP<\/p>","protected":false},"excerpt":{"rendered":"<p>DORIAN DN08 L\/R komoda \u2013 tai baldas, puikiai tinkantis svetain\u0117ms ir darbo erdv\u0117ms. Ji pasi\u017eymi standartiniu i\u0161planavimu, penkiais erdviais skyriais. Ji puikiai tinka tvarkyti ir tvarkingai susid\u0117ti b\u016btiniausius daiktus ir drabu\u017eius. Komoda yra universali, j\u0105 galima atidaryti i\u0161 kair\u0117s arba de\u0161in\u0117s. [\u2026]<\/p>","protected":false},"featured_media":253922,"comment_status":"open","ping_status":"open","template":"","meta":[],"product_brand":[],"product_cat":[2457,1177],"product_tag":[],"class_list":{"0":"post-253921","1":"product","2":"type-product","3":"status-publish","4":"has-post-thumbnail","6":"product_cat-liveo","7":"product_cat-wardrobes","9":"first","10":"instock","11":"purchasable","12":"product-type-simple"},"_links":{"self":[{"href":"https:\/\/baldumarket.lt\/lt\/wp-json\/wp\/v2\/product\/253921","targetHints":{"allow":["GET"]}}],"collection":[{"href":"https:\/\/baldumarket.lt\/lt\/wp-json\/wp\/v2\/product"}],"about":[{"href":"https:\/\/baldumarket.lt\/lt\/wp-json\/wp\/v2\/types\/product"}],"replies":[{"embeddable":true,"href":"https:\/\/baldumarket.lt\/lt\/wp-json\/wp\/v2\/comments?post=253921"}],"wp:featuredmedia":[{"embeddable":true,"href":"https:\/\/baldumarket.lt\/lt\/wp-json\/wp\/v2\/media\/253922"}],"wp:attachment":[{"href":"https:\/\/baldumarket.lt\/lt\/wp-json\/wp\/v2\/media?parent=253921"}],"wp:term":[{"taxonomy":"product_brand","embeddable":true,"href":"https:\/\/baldumarket.lt\/lt\/wp-json\/wp\/v2\/product_brand?post=253921"},{"taxonomy":"product_cat","embeddable":true,"href":"https:\/\/baldumarket.lt\/lt\/wp-json\/wp\/v2\/product_cat?post=253921"},{"taxonomy":"product_tag","embeddable":true,"href":"https:\/\/baldumarket.lt\/lt\/wp-json\/wp\/v2\/product_tag?post=253921"}],"curies":[{"name":"wp","href":"https:\/\/api.w.org\/{rel}","templated":true}]}}