{"id":253915,"date":"2026-01-10T22:19:15","date_gmt":"2026-01-10T19:19:15","guid":{"rendered":"https:\/\/baldumarket.lt\/product\/dorian-dn07-witryna-prawostronna\/"},"modified":"2026-02-11T18:31:20","modified_gmt":"2026-02-11T15:31:20","slug":"dorian-dn07-witryna-prawostronna","status":"publish","type":"product","link":"https:\/\/baldumarket.lt\/lt\/product\/dorian-dn07-witryna-prawostronna\/","title":{"rendered":"DORIAN DN07 DE\u0160IN\u0116S PUS\u0116S VITRINA"},"content":{"rendered":"<p>De\u0161in\u0117s pus\u0117s vitrina DORIAN DN07 puikiai tinka svetainei arba darbo kambariui. \u0160is baldas suteiks j\u016bs\u0173 svetainei elegancijos ir stiliaus. Joje yra penkios prakti\u0161kos ni\u0161os daiktams susid\u0117ti. Pagrindinis spintel\u0117s bruo\u017eas \u2013 stiklin\u0117s lentynos u\u017e stiklinio priekio. Stiklas leid\u017eia eksponuoti dekoratyvinius daiktus, o galimyb\u0117 \u012fsigyti LED ap\u0161vietim\u0105 sustiprins j\u016bs\u0173 dekoro elegancij\u0105. Apatin\u0117je spintel\u0117s dalyje yra vietos kitiems daiktams. \u201eApril Oak\u201c spalv\u0173 gam\u0105 papildo juodos spalvos akcentai, pabr\u0117\u017eiantys bendr\u0105 spintel\u0117s dizain\u0105. Nat\u016bralaus med\u017eio juostel\u0117 su LED ap\u0161vietimu suteikia dar daugiau \u017eavesio. \u0160iltos spintel\u0117s spalvos ir minimalistin\u0117 forma sukurs patraukl\u0173, modern\u0173 interjer\u0105 ir jauki\u0105 atmosfer\u0105. Spintel\u0117 idealiai tinka derinti su kitais DORIAN serijos baldais arba naudoti kaip atskiras vienetas, leid\u017eiantis pritaikyti j\u0105 prie savo kambario interjero.<\/p>\n<p>Plotis 63,5 cm Gylis 39,5 cm Auk\u0161tis 192 cm Produkto svoris su pakuote 56,15 kg Gamintojo kodas \/ simbolis DN07 Kolekcijos pavadinimas DORIAN Pavadinimas b2b sistemoje DORIAN DN-7 baland\u017eio \u0105\u017euolo\/juodos spalvos EKSPONUOJAMAS P rinkinys Produkto pakuo\u010di\u0173 skai\u010dius 3 Stilius Modernus \u012eranga Surinkimo instrukcijos \/ surinkimo priedai Surinkimas Savaranki\u0161kam surinkimui Korpuso spalva April Oak \/ Juoda Korpuso med\u017eiaga \/ tipas \/ storis 16 mm bald\u0173 plok\u0161t\u0117 \/ Juostel\u0117 16 mm MDF bald\u0173 plok\u0161t\u0117 Vir\u0161utinio korpuso med\u017eiaga \/ tipas \/ storis 22 mm bald\u0173 plok\u0161t\u0117 Apatinio korpuso med\u017eiaga \/ tipas \/ storis 22 mm bald\u0173 plok\u0161t\u0117 Pagrindo korpuso med\u017eiaga \/ tipas \/ storis 16 mm bald\u0173 plok\u0161t\u0117 Galin\u0117s sienel\u0117s med\u017eiaga \/ tipas \/ storis 2,5 mm HDF bald\u0173 plok\u0161t\u0117 Matoma galin\u0117s sienel\u0117s dalis Juoda Priekin\u0117 spalva April Oak Priekin\u0117 med\u017eiaga \/ tipas \/ storis 18 mm MDF bald\u0173 plok\u0161t\u0117 Priekinis vyris \u2300 35 mm, reguliuojamas trijose plok\u0161tumose Priekin\u0117 rankena \/ med\u017eiaga \/ spalva Plastikas \/ juoda Glaz\u016bruotos priekin\u0117s dalies med\u017eiaga \/ stiklo spalva Gr\u016bdintas \/ Antisol grafitas Glaz\u016bruoto priekinio stiklo storis 4 mm Stiklin\u0117s lentynos spalva Stiklas Bespalv\u0117 Stiklin\u0117 lentyna Stiklo storis 6 mm stiklini\u0173 lentyn\u0173 kiekis 2 I\u0161orinis ap\u0161vietimas Standartinis variantas I\u0161orinio ap\u0161vietimo \u0161viesos spalva \u0160iltai balta I\u0161orinio ap\u0161vietimo energijos klas\u0117 A++ \u0160velnaus u\u017edarymo dureli\u0173 sistema Standartinis variantas Kojel\u0117 \/ apdaila \/ spalva Nereguliuojama \/ Bald\u0173 b\u0117geliai \/ plastikas \/ juoda Dureli\u0173 skai\u010dius 2 U\u017edar\u0173 ni\u0161\u0173 skai\u010dius u\u017e priekinio stiklo 3 U\u017edar\u0173 ni\u0161\u0173 skai\u010dius 2<\/p>","protected":false},"excerpt":{"rendered":"<p>De\u0161in\u0117s pus\u0117s vitrina DORIAN DN07 puikiai tinka svetainei arba darbo kambariui. \u0160is baldas suteiks j\u016bs\u0173 svetainei elegancijos ir stiliaus. Joje yra penkios prakti\u0161kos ni\u0161os daiktams susid\u0117ti. Pagrindinis spintel\u0117s bruo\u017eas \u2013 stiklin\u0117s lentynos u\u017e stiklinio priekio. Stiklas leid\u017eia eksponuoti dekoratyvinius daiktus, o [\u2026]<\/p>","protected":false},"featured_media":253916,"comment_status":"open","ping_status":"open","template":"","meta":[],"product_brand":[],"product_cat":[2457,2006],"product_tag":[],"class_list":{"0":"post-253915","1":"product","2":"type-product","3":"status-publish","4":"has-post-thumbnail","6":"product_cat-liveo","7":"product_cat-vitrines","9":"first","10":"instock","11":"product-type-simple"},"_links":{"self":[{"href":"https:\/\/baldumarket.lt\/lt\/wp-json\/wp\/v2\/product\/253915","targetHints":{"allow":["GET"]}}],"collection":[{"href":"https:\/\/baldumarket.lt\/lt\/wp-json\/wp\/v2\/product"}],"about":[{"href":"https:\/\/baldumarket.lt\/lt\/wp-json\/wp\/v2\/types\/product"}],"replies":[{"embeddable":true,"href":"https:\/\/baldumarket.lt\/lt\/wp-json\/wp\/v2\/comments?post=253915"}],"wp:featuredmedia":[{"embeddable":true,"href":"https:\/\/baldumarket.lt\/lt\/wp-json\/wp\/v2\/media\/253916"}],"wp:attachment":[{"href":"https:\/\/baldumarket.lt\/lt\/wp-json\/wp\/v2\/media?parent=253915"}],"wp:term":[{"taxonomy":"product_brand","embeddable":true,"href":"https:\/\/baldumarket.lt\/lt\/wp-json\/wp\/v2\/product_brand?post=253915"},{"taxonomy":"product_cat","embeddable":true,"href":"https:\/\/baldumarket.lt\/lt\/wp-json\/wp\/v2\/product_cat?post=253915"},{"taxonomy":"product_tag","embeddable":true,"href":"https:\/\/baldumarket.lt\/lt\/wp-json\/wp\/v2\/product_tag?post=253915"}],"curies":[{"name":"wp","href":"https:\/\/api.w.org\/{rel}","templated":true}]}}