{"id":253902,"date":"2026-01-10T22:19:09","date_gmt":"2026-01-10T19:19:09","guid":{"rendered":"https:\/\/baldumarket.lt\/product\/dorian-dn05-kredens\/"},"modified":"2026-02-11T18:31:21","modified_gmt":"2026-02-11T15:31:21","slug":"dorian-dn05-kredens","status":"publish","type":"product","link":"https:\/\/baldumarket.lt\/lt\/product\/dorian-dn05-kredens\/","title":{"rendered":"DORIAN DN05 INDAUJA"},"content":{"rendered":"<p>DORIAN DN05 indauja \u2013 \u012fdomus pasirinkimas j\u016bs\u0173 svetainei ar valgomajam. Tai baldas, kuris suteiks j\u016bs\u0173 erdvei elegancijos ir stiliaus. Interjere yra septynios erdvios, rakinamos ni\u0161os, kuriose yra daug vietos daiktams susid\u0117ti. I\u0161 dalies \u012fstiklintas priekis leid\u017eia eksponuoti stalo \u012frankius, stiklines ar dekoratyvinius daiktus, o papildomas LED ap\u0161vietimas i\u0161ry\u0161kina viduje esan\u010dius daiktus. \u201eApril Oak\u201c spalv\u0173 gam\u0105 papildo juodos spalvos akcentai, pabr\u0117\u017eiantys bendr\u0105 indaujai b\u016bding\u0105 dizain\u0105. Nat\u016bralaus med\u017eio juostel\u0117 su LED ap\u0161vietimu suteikia dar daugiau \u017eavesio. \u0160iltos indaujai b\u016bdingos spalvos ir minimalistin\u0117 forma sukurs patraukl\u0173, modern\u0173 interjer\u0105 ir jauki\u0105 atmosfer\u0105. Indauja idealiai tinka derinti su kitais DORIAN serijos baldais arba naudoti kaip atskiras baldas, leid\u017eiantis pritaikyti j\u0105 prie savo kambario interjero.<\/p>\n<p>Plotis 94,5 cm Gylis 39,5 cm Auk\u0161tis 144,5 cm Produkto svoris su pakuote 63,90 kg Gamintojo kodas \/ simbolis DN05 Kolekcijos pavadinimas DORIAN Pavadinimas b2b sistemoje DORIAN DN-5 april \u0105\u017euolas\/juoda SPINTEL\u0116S komplektas Produkto pakuo\u010di\u0173 skai\u010dius 3 Stilius Modernus \u012eranga Surinkimo instrukcijos \/ surinkimo priedai Surinkimas Savaranki\u0161kam surinkimui Korpuso spalva April Oak \/ Juoda Korpuso med\u017eiaga \/ tipas \/ storis 16 mm baldin\u0117 plok\u0161t\u0117 \/ Juostel\u0117 16 mm MDF baldin\u0117 plok\u0161t\u0117 Vir\u0161utinio korpuso med\u017eiaga \/ tipas \/ storis 22 mm baldin\u0117 plok\u0161t\u0117 Apatinio korpuso med\u017eiaga \/ tipas \/ storis 22 mm baldin\u0117 plok\u0161t\u0117 Pagrindo korpuso med\u017eiaga \/ tipas \/ storis 16 mm baldin\u0117 plok\u0161t\u0117 Lentynos spalva April Oak Lentynos med\u017eiaga \/ tipas \/ storis 16 mm baldin\u0117 plok\u0161t\u0117 Lentyn\u0173 kiekis 2 Kar\u016bn\u0117l\u0117s tipo lentyn\u0173 kiekis 2 Galin\u0117s sienel\u0117s med\u017eiaga \/ tipas \/ storis 2,5 mm HDF baldin\u0117 plok\u0161t\u0117 Galin\u0117s sienel\u0117s spalva Juoda Priekin\u0117s spalvos April Oak Priekin\u0117s med\u017eiagos \/ tipas \/ storis 18 mm MDF baldin\u0117 plok\u0161t\u0117 Priekinis vyris \u2300 35 mm reguliuojamas trijose plok\u0161tumose Priekin\u0117 rankena \/ med\u017eiaga \/ spalva Dirbtinis plastikas \/ juoda Glaz\u016bruoto priekinio stiklo apdaila \/ spalva Gr\u016bdintas \/ Antisol grafitas Glaz\u016bruoto priekinio stiklo storis 4 mm Stiklin\u0117s lentynos stiklo spalva Bespalv\u0117 Stiklin\u0117s lentynos stiklo storis 6 mm Stiklini\u0173 lentyn\u0173 kiekis 1 I\u0161orinis ap\u0161vietimas Standarti\u0161kai I\u0161orinio ap\u0161vietimo \u0161viesos spalva \u0160iltai balta I\u0161orinio ap\u0161vietimo energijos klas\u0117 A++ \u0160velnaus u\u017edarymo dureli\u0173 sistema Standarti\u0161kai Kojel\u0117 \/ apdaila \/ spalva Nereguliuojama \/ Bald\u0173 slankiklis \/ plastikas \/ juoda Dureli\u0173 skai\u010dius 3 U\u017edar\u0173 ni\u0161\u0173 skai\u010dius u\u017e priekinio stiklo 2 U\u017edar\u0173 ni\u0161\u0173 skai\u010dius 6<\/p>","protected":false},"excerpt":{"rendered":"<p>DORIAN DN05 indauja \u2013 \u012fdomus pasirinkimas j\u016bs\u0173 svetainei ar valgomajam. Tai baldas, kuris suteiks j\u016bs\u0173 erdvei elegancijos ir stiliaus. Viduje yra septynios erdvios, rakinamos ni\u0161os, kuriose yra daug vietos daiktams susid\u0117ti. I\u0161 dalies \u012fstiklinta priekin\u0117 dalis leid\u017eia eksponuoti stalo \u012frankius, stiklinius indus ar dekoratyvinius daiktus, o [\u2026]<\/p>","protected":false},"featured_media":253903,"comment_status":"open","ping_status":"open","template":"","meta":[],"product_brand":[],"product_cat":[1173,2457],"product_tag":[],"class_list":{"0":"post-253902","1":"product","2":"type-product","3":"status-publish","4":"has-post-thumbnail","6":"product_cat-chests-of-drawers","7":"product_cat-liveo","9":"first","10":"instock","11":"product-type-simple"},"_links":{"self":[{"href":"https:\/\/baldumarket.lt\/lt\/wp-json\/wp\/v2\/product\/253902","targetHints":{"allow":["GET"]}}],"collection":[{"href":"https:\/\/baldumarket.lt\/lt\/wp-json\/wp\/v2\/product"}],"about":[{"href":"https:\/\/baldumarket.lt\/lt\/wp-json\/wp\/v2\/types\/product"}],"replies":[{"embeddable":true,"href":"https:\/\/baldumarket.lt\/lt\/wp-json\/wp\/v2\/comments?post=253902"}],"wp:featuredmedia":[{"embeddable":true,"href":"https:\/\/baldumarket.lt\/lt\/wp-json\/wp\/v2\/media\/253903"}],"wp:attachment":[{"href":"https:\/\/baldumarket.lt\/lt\/wp-json\/wp\/v2\/media?parent=253902"}],"wp:term":[{"taxonomy":"product_brand","embeddable":true,"href":"https:\/\/baldumarket.lt\/lt\/wp-json\/wp\/v2\/product_brand?post=253902"},{"taxonomy":"product_cat","embeddable":true,"href":"https:\/\/baldumarket.lt\/lt\/wp-json\/wp\/v2\/product_cat?post=253902"},{"taxonomy":"product_tag","embeddable":true,"href":"https:\/\/baldumarket.lt\/lt\/wp-json\/wp\/v2\/product_tag?post=253902"}],"curies":[{"name":"wp","href":"https:\/\/api.w.org\/{rel}","templated":true}]}}