{"id":253895,"date":"2026-01-10T22:19:05","date_gmt":"2026-01-10T19:19:05","guid":{"rendered":"https:\/\/baldumarket.lt\/product\/dorian-dn04-kredens\/"},"modified":"2026-02-11T18:31:21","modified_gmt":"2026-02-11T15:31:21","slug":"dorian-dn04-kredens","status":"publish","type":"product","link":"https:\/\/baldumarket.lt\/lt\/product\/dorian-dn04-kredens\/","title":{"rendered":"DORIAN DN04 indauja"},"content":{"rendered":"<p>DORIAN DN04 indauja puikiai tinka kaip funkcionalus ir eksponuojamas elementas svetain\u0117je, svetain\u0117je ar valgomajame. Viduje yra \u0161e\u0161ios erdvios, rakinamos ni\u0161os, kuriose yra daug vietos daiktams susid\u0117ti. U\u017e i\u0161 dalies \u012fstiklint\u0173 fasad\u0173 yra stiklin\u0117 lentyna, kuri\u0105 galima dar labiau pary\u0161kinti LED ap\u0161vietimu. \u0160is sprendimas palengvina dekoracij\u0173 ir aksesuar\u0173, taip pat \u0161ventini\u0173 stalo \u012franki\u0173 eksponavim\u0105. \u201eApril Oak\u201c spalv\u0173 gam\u0105 papildo juodos spalvos akcentai, pabr\u0117\u017eiantys bendr\u0105 indaujai b\u016bding\u0105 stili\u0173. Nat\u016bralaus med\u017eio juostel\u0117 su LED ap\u0161vietimu suteikia dar daugiau \u017eavesio. \u0160iltos indaujai b\u016bdingos spalvos ir minimalistin\u0117 forma sukurs patraukl\u0173, modern\u0173 interjer\u0105 ir jauki\u0105 atmosfer\u0105. Indauja idealiai tinka derinti su kitais DORIAN serijos baldais arba naudoti kaip atskiras baldas, leid\u017eiantis pritaikyti j\u0105 prie savo kambario interjero.<\/p>\n<p>Plotis 153 cm Gylis 39,5 cm Auk\u0161tis 84 cm Produkto svoris su pakuote 59,45 kg Gamintojo kodas \/ simbolis DN04 Kolekcijos pavadinimas DORIAN Pavadinimas b2b sistemoje DORIAN DN-4 april \u0105\u017euolas\/juoda SPINTEL\u0116S komplektas Produkt\u0173 pakuo\u010di\u0173 skai\u010dius 3 Stilius Modernus \u012eranga Surinkimo instrukcijos \/ surinkimo priedai Surinkimas Savaranki\u0161kam surinkimui Korpuso spalva April Oak \/ Juoda Korpuso med\u017eiaga \/ tipas \/ storis 16 mm bald\u0173 plok\u0161t\u0117 \/ Juostel\u0117 16 mm MDF bald\u0173 plok\u0161t\u0117 Korpuso vir\u0161utin\u0117 dalis \/ tipas \/ storis 22 mm bald\u0173 plok\u0161t\u0117 Korpuso apa\u010dia \/ tipas \/ storis 22 mm bald\u0173 plok\u0161t\u0117 Korpuso pagrindo dalis \/ tipas \/ storis 16 mm bald\u0173 plok\u0161t\u0117 Lentynos spalva April Oak Lentynos med\u017eiaga \/ tipas \/ storis 16 mm bald\u0173 plok\u0161t\u0117 Lentynos kar\u016bn\u0117l\u0117s tipo kiekis 1 Galin\u0117s sienel\u0117s med\u017eiaga \/ tipas \/ storis 2,5 mm Bald\u0173 plok\u0161t\u0117 Galin\u0117s sienel\u0117s spalva Juoda Priekin\u0117s spalvos April Oak Priekin\u0117s med\u017eiagos \/ tipas \/ storis 18 mm Bald\u0173 plok\u0161t\u0117 MDF Priekinis vyris \u2300 35 mm, reguliuojamas trijose plok\u0161tumose Priekin\u0117 rankena \/ med\u017eiaga \/ spalva Plastikas \/ juoda Priekis Glaz\u016bruota apdaila \/ stiklo spalva Gr\u016bdintas \/ Antisol grafitas Glaz\u016bruoto priekinio stiklo storis 4 mm Stiklin\u0117s lentynos stiklo spalva Skaidri Stiklin\u0117s lentynos stiklo storis 6 mm Stiklini\u0173 lentyn\u0173 kiekis 1 I\u0161orinis ap\u0161vietimas Standarti\u0161kai I\u0161orinio ap\u0161vietimo \u0161viesos spalva \u0160iltai balta I\u0161orinio ap\u0161vietimo energijos klas\u0117 A++ \u0160velnaus u\u017edarymo dureli\u0173 sistema Standarti\u0161kai Kojel\u0117 \/ apdaila \/ spalva Nereguliuojama \/ Bald\u0173 slankiklis \/ plastikas \/ juoda Dureli\u0173 skai\u010dius 4 U\u017edar\u0173 ni\u0161\u0173 skai\u010dius u\u017e priekinio stiklo 2 U\u017edar\u0173 ni\u0161\u0173 skai\u010dius 3<\/p>","protected":false},"excerpt":{"rendered":"<p>DORIAN DN04 indauja puikiai tinka kaip funkcionalus ir eksponuojamas elementas svetain\u0117je, svetain\u0117je ar valgomajame. Viduje yra \u0161e\u0161ios erdvios, rakinamos ni\u0161os, kuriose yra daug vietos daiktams susid\u0117ti. U\u017e i\u0161 dalies \u012fstiklint\u0173 fasad\u0173 yra stiklin\u0117 lentyna, kuri\u0105 galima dar labiau pary\u0161kinti LED ap\u0161vietimu. \u0160is sprendimas palengvina [\u2026]<\/p>","protected":false},"featured_media":253896,"comment_status":"open","ping_status":"open","template":"","meta":[],"product_brand":[],"product_cat":[1173,2457],"product_tag":[],"class_list":{"0":"post-253895","1":"product","2":"type-product","3":"status-publish","4":"has-post-thumbnail","6":"product_cat-chests-of-drawers","7":"product_cat-liveo","9":"first","10":"instock","11":"product-type-simple"},"_links":{"self":[{"href":"https:\/\/baldumarket.lt\/lt\/wp-json\/wp\/v2\/product\/253895","targetHints":{"allow":["GET"]}}],"collection":[{"href":"https:\/\/baldumarket.lt\/lt\/wp-json\/wp\/v2\/product"}],"about":[{"href":"https:\/\/baldumarket.lt\/lt\/wp-json\/wp\/v2\/types\/product"}],"replies":[{"embeddable":true,"href":"https:\/\/baldumarket.lt\/lt\/wp-json\/wp\/v2\/comments?post=253895"}],"wp:featuredmedia":[{"embeddable":true,"href":"https:\/\/baldumarket.lt\/lt\/wp-json\/wp\/v2\/media\/253896"}],"wp:attachment":[{"href":"https:\/\/baldumarket.lt\/lt\/wp-json\/wp\/v2\/media?parent=253895"}],"wp:term":[{"taxonomy":"product_brand","embeddable":true,"href":"https:\/\/baldumarket.lt\/lt\/wp-json\/wp\/v2\/product_brand?post=253895"},{"taxonomy":"product_cat","embeddable":true,"href":"https:\/\/baldumarket.lt\/lt\/wp-json\/wp\/v2\/product_cat?post=253895"},{"taxonomy":"product_tag","embeddable":true,"href":"https:\/\/baldumarket.lt\/lt\/wp-json\/wp\/v2\/product_tag?post=253895"}],"curies":[{"name":"wp","href":"https:\/\/api.w.org\/{rel}","templated":true}]}}