{"id":253886,"date":"2026-01-10T22:19:01","date_gmt":"2026-01-10T19:19:01","guid":{"rendered":"https:\/\/baldumarket.lt\/product\/dorian-dn03-komoda\/"},"modified":"2026-02-11T18:31:22","modified_gmt":"2026-02-11T15:31:22","slug":"dorian-dn03-komoda","status":"publish","type":"product","link":"https:\/\/baldumarket.lt\/lt\/product\/dorian-dn03-komoda\/","title":{"rendered":"DORIAN DN03 komoda su stal\u010diais"},"content":{"rendered":"<p>Komoda DORIAN DN03 puikiai tinka svetainei, darbo kambariui ar valgomajam. \u0160i moderni komoda su trimis stal\u010diais ir viena atidaroma spintele si\u016blo daug vietos b\u016btiniausiems daiktams laikyti bet kuriuose namuose. Ant stalvir\u0161io galima laikyti stilingas dekoracijas, suvenyrus ar nuotraukas. \u2019April Oak\u201c spalv\u0173 gam\u0105 papildo juodos spalvos akcentai, pabr\u0117\u017eiantys bendr\u0105 komodos dizain\u0105. Nat\u016bralaus med\u017eio juostel\u0117 su LED ap\u0161vietimu suteikia dar daugiau \u017eavesio. \u0160iltos komodos spalvos ir minimalistin\u0117 forma sukurs patraukl\u0173, modern\u0173 interjer\u0105 ir jauki\u0105 atmosfer\u0105. Komoda puikiai der\u0117s su kitais DORIAN serijos baldais arba bus naudojama kaip atskiras baldas, prisitaikant prie j\u016bs\u0173 kambario interjero.<\/p>\n<p>Plotis 153 cm Gylis 39,5 cm Auk\u0161tis 84 cm Produkto svoris su pakuote 63,85 kg Gamintojo kodas \/ simbolis DN03 Kolekcijos pavadinimas DORIAN Pavadinimas b2b sistemoje DORIAN DN-3 april \u0105\u017euolas\/juoda KOMODOS komplektas Produkto pakuo\u010di\u0173 skai\u010dius 3 Stilius Modernus \u012eranga Surinkimo instrukcijos \/ surinkimo priedai Surinkimas Savaranki\u0161kam surinkimui Korpuso spalva April Oak \/ Juoda Korpuso med\u017eiaga \/ tipas \/ storis 16 mm bald\u0173 plok\u0161t\u0117 \/ Juostel\u0117 16 mm MDF bald\u0173 plok\u0161t\u0117 Vir\u0161utinio korpuso med\u017eiaga \/ tipas \/ storis 22 mm bald\u0173 plok\u0161t\u0117 Apatinio korpuso med\u017eiaga \/ tipas \/ storis 22 mm bald\u0173 plok\u0161t\u0117 Pagrindo korpuso med\u017eiaga \/ tipas \/ storis 16 mm bald\u0173 plok\u0161t\u0117 Lentynos spalva April Oak Lentynos med\u017eiaga \/ tipas \/ storis 16 mm bald\u0173 plok\u0161t\u0117 Kar\u016bn\u0117l\u0117s tipo lentyn\u0173 kiekis 1 Galin\u0117s sienel\u0117s med\u017eiaga \/ tipas \/ storis 2,5 mm HDF bald\u0173 plok\u0161t\u0117 Galin\u0117s sienel\u0117s spalva Juoda Priekin\u0117s spalvos April Oak Priekin\u0117s med\u017eiagos \/ tipas \/ storis 18 mm MDF bald\u0173 plok\u0161t\u0117 Priekinis vyris \u2300 35 mm, reguliuojamas trijose plok\u0161tumose Priekin\u0117 rankena \/ med\u017eiaga \/ spalva Plastikas \/ juoda Ap\u0161vietimas I\u0161orinis ap\u0161vietimas Standarti\u0161kai I\u0161orinis ap\u0161vietimas \u0160viesos spalva \u0160iltai balta I\u0161orinis ap\u0161vietimas Energijos klas\u0117 A++ \u0160velnaus u\u017edarymo dureli\u0173 sistema Standartin\u0117 komplektacija Pilnai i\u0161traukiamos stal\u010di\u0173 b\u0117gel\u0117s Kojel\u0117 \/ apdaila \/ spalva Nereguliuojama \/ Bald\u0173 b\u0117gelis \/ plastikas \/ juoda Dureli\u0173 skai\u010dius 2 Stal\u010di\u0173 skai\u010dius 3 U\u017edar\u0173 ni\u0161\u0173 skai\u010dius 2<\/p>","protected":false},"excerpt":{"rendered":"<p>DORIAN DN03 komoda puikiai tinka svetainei, darbo kambariui ar valgomajam. \u0160i moderni komoda su trimis stal\u010diais ir viena atidaroma spintele si\u016blo daug vietos b\u016btiniausiems daiktams laikyti bet kuriuose namuose. Ant stalvir\u0161io galima eksponuoti stilingas dekoracijas, suvenyrus ar nuotraukas. \u201eApril Oak\u201c spalv\u0173 schema yra [\u2026]<\/p>","protected":false},"featured_media":253887,"comment_status":"open","ping_status":"open","template":"","meta":[],"product_brand":[],"product_cat":[1173,2457],"product_tag":[],"class_list":{"0":"post-253886","1":"product","2":"type-product","3":"status-publish","4":"has-post-thumbnail","6":"product_cat-chests-of-drawers","7":"product_cat-liveo","9":"first","10":"instock","11":"product-type-simple"},"_links":{"self":[{"href":"https:\/\/baldumarket.lt\/lt\/wp-json\/wp\/v2\/product\/253886","targetHints":{"allow":["GET"]}}],"collection":[{"href":"https:\/\/baldumarket.lt\/lt\/wp-json\/wp\/v2\/product"}],"about":[{"href":"https:\/\/baldumarket.lt\/lt\/wp-json\/wp\/v2\/types\/product"}],"replies":[{"embeddable":true,"href":"https:\/\/baldumarket.lt\/lt\/wp-json\/wp\/v2\/comments?post=253886"}],"wp:featuredmedia":[{"embeddable":true,"href":"https:\/\/baldumarket.lt\/lt\/wp-json\/wp\/v2\/media\/253887"}],"wp:attachment":[{"href":"https:\/\/baldumarket.lt\/lt\/wp-json\/wp\/v2\/media?parent=253886"}],"wp:term":[{"taxonomy":"product_brand","embeddable":true,"href":"https:\/\/baldumarket.lt\/lt\/wp-json\/wp\/v2\/product_brand?post=253886"},{"taxonomy":"product_cat","embeddable":true,"href":"https:\/\/baldumarket.lt\/lt\/wp-json\/wp\/v2\/product_cat?post=253886"},{"taxonomy":"product_tag","embeddable":true,"href":"https:\/\/baldumarket.lt\/lt\/wp-json\/wp\/v2\/product_tag?post=253886"}],"curies":[{"name":"wp","href":"https:\/\/api.w.org\/{rel}","templated":true}]}}