{"id":253871,"date":"2026-01-10T22:18:52","date_gmt":"2026-01-10T19:18:52","guid":{"rendered":"https:\/\/baldumarket.lt\/product\/dorian-dn01-rtv\/"},"modified":"2026-02-11T18:31:22","modified_gmt":"2026-02-11T15:31:22","slug":"dorian-dn01-rtv","status":"publish","type":"product","link":"https:\/\/baldumarket.lt\/lt\/product\/dorian-dn01-rtv\/","title":{"rendered":"DORIAN DN01 RTV"},"content":{"rendered":"<p>DORIAN DN01 televizoriaus staliukas \u2013 prakti\u0161kas baldas, kuris puikiai tiks tiek svetain\u0117je, tiek darbo kambaryje. Viduje yra du erdv\u016bs, rakinami skyriai, vienas atviras skyrius ir stal\u010dius, kuriuose gal\u0117site susid\u0117ti b\u016btiniausius daiktus. Didelis vir\u0161utinis pavir\u0161ius leid\u017eia j\u012f lengvai eksponuoti. \u201eApril Oak\u201c spalv\u0173 gam\u0105 papildo juodos spalvos akcentai, pabr\u0117\u017eiantys bendr\u0105 staliuko stili\u0173. Nat\u016bralaus med\u017eio juostel\u0117 su LED ap\u0161vietimu suteikia papildomo \u017eavesio. \u0160ilta spalv\u0173 gama ir minimalistin\u0117 forma sukurs patraukl\u0173, modern\u0173 interjer\u0105 ir jauki\u0105 atmosfer\u0105. Televizoriaus staliukas idealiai dera su kitais DORIAN serijos baldais arba yra atskiras baldas, leid\u017eiantis j\u012f pritaikyti prie savo kambario dizaino.<\/p>\n<p>Plotis 153 cm Gylis 39,5 cm Auk\u0161tis 54 cm Produkto svoris su pakuote 43,75 kg Gamintojo kodas \/ simbolis DN01 Kolekcijos pavadinimas DORIAN Pavadinimas b2b sistemoje DORIAN DN-1 april oak\/black RTV komplektas Produkto pakuo\u010di\u0173 skai\u010dius 2 Stilius Modernus \u012eranga Surinkimo instrukcijos \/ surinkimo priedai Surinkimas Savaranki\u0161kam surinkimui Korpuso spalva April Oak \/ Black Korpuso med\u017eiaga \/ tipas \/ storis 16 mm bald\u0173 plok\u0161t\u0117 \/ Juostel\u0117 16 mm MDF bald\u0173 plok\u0161t\u0117 Vir\u0161utin\u0117 korpuso apdaila \/ med\u017eiaga \/ tipas \/ storis 22 mm bald\u0173 plok\u0161t\u0117 Apatin\u0117 korpuso apdaila \/ med\u017eiaga \/ tipas \/ storis 22 mm bald\u0173 plok\u0161t\u0117 Pagrindo korpuso apdaila \/ med\u017eiaga \/ tipas \/ storis 16 mm bald\u0173 plok\u0161t\u0117 Galin\u0117s sienel\u0117s med\u017eiaga \/ tipas \/ storis 2,5 mm HDF bald\u0173 plok\u0161t\u0117 Matomos galin\u0117s sienel\u0117s dalies spalva Juoda Priekin\u0117 spalva April Oak Priekin\u0117 med\u017eiaga \/ tipas \/ storis 18 mm MDF bald\u0173 plok\u0161t\u0117 Priekinis vyris \u2300 35 mm, reguliuojamas trijose plok\u0161tumose Priekin\u0117 rankena \/ med\u017eiaga \/ spalva Plastikas \/ juoda Skyl\u0117 RTV laidams \u2300 50 mm I\u0161orinis ap\u0161vietimas Standartinis I\u0161orinio ap\u0161vietimo \u0161viesos spalva \u0160iltai balta I\u0161orinio ap\u0161vietimo klas\u0117 Energijos vartojimo efektyvumo klas\u0117 A++ \u0160velnaus u\u017edarymo dureli\u0173 sistema Standartin\u0117 Pilnai i\u0161traukiami stal\u010di\u0173 b\u0117geliai Kojel\u0117 \/ apdaila \/ spalva Nereguliuojama \/ Bald\u0173 b\u0117geliai \/ plastikas \/ juoda Dureli\u0173 skai\u010dius 2 Stal\u010di\u0173 skai\u010dius 1 Atvir\u0173 ni\u0161\u0173 skai\u010dius 1 U\u017edar\u0173 ni\u0161\u0173 skai\u010dius 1<\/p>","protected":false},"excerpt":{"rendered":"<p>DORIAN DN01 televizoriaus staliukas yra prakti\u0161kas baldas, kuris puikiai tiks tiek svetain\u0117je, tiek darbo kambaryje. Viduje yra du erdv\u016bs, u\u017erakinami skyriai, vienas atviras skyrius ir stal\u010dius, leid\u017eiantys tvarkingai susid\u0117ti svarbiausius daiktus. Didelis vir\u0161utinis pavir\u0161ius leid\u017eia j\u012f lengvai eksponuoti. \u201eApril Oak\u201c spalv\u0173 schema [\u2026]<\/p>","protected":false},"featured_media":253872,"comment_status":"open","ping_status":"open","template":"","meta":[],"product_brand":[],"product_cat":[2457,1175],"product_tag":[],"class_list":{"0":"post-253871","1":"product","2":"type-product","3":"status-publish","4":"has-post-thumbnail","6":"product_cat-liveo","7":"product_cat-tv-stands","9":"first","10":"instock","11":"product-type-simple"},"_links":{"self":[{"href":"https:\/\/baldumarket.lt\/lt\/wp-json\/wp\/v2\/product\/253871","targetHints":{"allow":["GET"]}}],"collection":[{"href":"https:\/\/baldumarket.lt\/lt\/wp-json\/wp\/v2\/product"}],"about":[{"href":"https:\/\/baldumarket.lt\/lt\/wp-json\/wp\/v2\/types\/product"}],"replies":[{"embeddable":true,"href":"https:\/\/baldumarket.lt\/lt\/wp-json\/wp\/v2\/comments?post=253871"}],"wp:featuredmedia":[{"embeddable":true,"href":"https:\/\/baldumarket.lt\/lt\/wp-json\/wp\/v2\/media\/253872"}],"wp:attachment":[{"href":"https:\/\/baldumarket.lt\/lt\/wp-json\/wp\/v2\/media?parent=253871"}],"wp:term":[{"taxonomy":"product_brand","embeddable":true,"href":"https:\/\/baldumarket.lt\/lt\/wp-json\/wp\/v2\/product_brand?post=253871"},{"taxonomy":"product_cat","embeddable":true,"href":"https:\/\/baldumarket.lt\/lt\/wp-json\/wp\/v2\/product_cat?post=253871"},{"taxonomy":"product_tag","embeddable":true,"href":"https:\/\/baldumarket.lt\/lt\/wp-json\/wp\/v2\/product_tag?post=253871"}],"curies":[{"name":"wp","href":"https:\/\/api.w.org\/{rel}","templated":true}]}}