{"id":253868,"date":"2026-01-10T22:18:44","date_gmt":"2026-01-10T19:18:44","guid":{"rendered":"https:\/\/baldumarket.lt\/product\/dante-dt25-polka-wiszaca\/"},"modified":"2026-02-11T18:31:22","modified_gmt":"2026-02-11T15:31:22","slug":"dante-dt25-polka-wiszaca","status":"publish","type":"product","link":"https:\/\/baldumarket.lt\/lt\/product\/dante-dt25-polka-wiszaca\/","title":{"rendered":"DANTE DT25 SIENIN\u0116 LENTYNA"},"content":{"rendered":"<p>\u201eDante DT25\u201c sienin\u0117 lentyna \u2013 stilingas minimalizmas pa\u010dioje geriausioje formoje. \u201eDante DT25\u201c \u2013 tai paprastumo ir elegancijos esm\u0117, \u012fk\u016bnyta subtilioje sienin\u0117je lentynoje. Pagaminta i\u0161 auk\u0161tos kokyb\u0117s med\u017eiag\u0173 ir padengta nat\u016braliu \u0105\u017euolu, ji puikiai papildys modern\u0173, skandinavi\u0161k\u0105 ir lofto interjer\u0105, suteikdama erdvei med\u017eio \u0161ilumos ir estetin\u0117s tvarkos. Lentyna \u2013 puiki vieta eksponuoti m\u0117gstamiausias dekoracijas \u2013 nuo nuotrauk\u0173 r\u0117meli\u0173 ir \u017evaki\u0173 iki ma\u017e\u0173 augal\u0173 ir knyg\u0173. Optimalus ilgis ir kompakti\u0161kas gylis leid\u017eia j\u0105 montuoti vir\u0161 komodos ar stalo, taip pat miegamajame vir\u0161 lovos ar koridoriuje. Lentynos dizainas derina funkcionalum\u0105 su nesenstan\u010diu stiliumi, tod\u0117l ji yra ne tik prakti\u0161kas baldas, bet ir dekoratyvus elementas. \u201eDante DT25\u201c sienin\u0117 lentyna \u2013 ma\u017ea detal\u0117, kuri pakei\u010dia erdv\u0119. \u0160i nepretenzinga lentyna gali suteikti kambariui unikal\u0173 charakter\u012f. I\u0161d\u0117stykite j\u0105 atskirai arba derinkite su kitomis kolekcijos lentynomis, kad sukurtum\u0117te \u012fsp\u016bding\u0105, funkcional\u0173 sien\u0173 i\u0161d\u0117stym\u0105. \u201eDT25\u201c \u012frodo, kad ma\u017eiau yra daugiau.<\/p>\n<p>Plotis 162 cm Gylis 26,5 cm Auk\u0161tis 22 cm Produkto svoris su pakuote 9,65 kg Gamintojo kodas \/ simbolis DT25 Kolekcijos pavadinimas DANTE Pavadinimas b2b sistemoje DANTE DT25 CREMONA \u0104\u017dUOLO T. PAKABINAM\u0172 LENTYN\u0172 KOMPLEKTAS Produkto pakuo\u010di\u0173 skai\u010dius 1 Stilius Modernus \u012eranga Surinkimo instrukcijos \/ surinkimo priedai Surinkimas Savaranki\u0161kam surinkimui Spalvos Cremona Torro \u0105\u017euolas Korpuso med\u017eiaga \/ tipas \/ storis 16 mm bald\u0173 plok\u0161t\u0117 Korpuso vir\u0161utin\u0117s dalies med\u017eiaga \/ tipas \/ storis 16 mm bald\u0173 plok\u0161t\u0117 Korpuso \u012franga Reguliuojami bald\u0173 pakabos<\/p>","protected":false},"excerpt":{"rendered":"<p>\u201eDante DT25\u201c sienin\u0117 lentyna \u2013 stilingas minimalizmas pa\u010dioje geriausioje formoje. \u201eDante DT25\u201c \u2013 tai paprastumo ir elegancijos \u012fsik\u016bnijimas, \u012fk\u016bnytas subtilioje sienin\u0117je lentynoje. Pagaminta i\u0161 auk\u0161tos kokyb\u0117s med\u017eiag\u0173 ir padengta nat\u016bralaus \u0105\u017euolo apdaila, ji puikiai papildys modern\u0173, skandinavi\u0161k\u0105 ir lofto interjer\u0105, suteikdama med\u017eio \u0161ilum\u0105 ir estetin\u0119 tvark\u0105 [\u2026]<\/p>","protected":false},"featured_media":253176,"comment_status":"open","ping_status":"open","template":"","meta":[],"product_brand":[],"product_cat":[1174,2457],"product_tag":[],"class_list":{"0":"post-253868","1":"product","2":"type-product","3":"status-publish","4":"has-post-thumbnail","6":"product_cat-hanging-shelves","7":"product_cat-liveo","9":"first","10":"instock","11":"purchasable","12":"product-type-simple"},"_links":{"self":[{"href":"https:\/\/baldumarket.lt\/lt\/wp-json\/wp\/v2\/product\/253868","targetHints":{"allow":["GET"]}}],"collection":[{"href":"https:\/\/baldumarket.lt\/lt\/wp-json\/wp\/v2\/product"}],"about":[{"href":"https:\/\/baldumarket.lt\/lt\/wp-json\/wp\/v2\/types\/product"}],"replies":[{"embeddable":true,"href":"https:\/\/baldumarket.lt\/lt\/wp-json\/wp\/v2\/comments?post=253868"}],"wp:featuredmedia":[{"embeddable":true,"href":"https:\/\/baldumarket.lt\/lt\/wp-json\/wp\/v2\/media\/253176"}],"wp:attachment":[{"href":"https:\/\/baldumarket.lt\/lt\/wp-json\/wp\/v2\/media?parent=253868"}],"wp:term":[{"taxonomy":"product_brand","embeddable":true,"href":"https:\/\/baldumarket.lt\/lt\/wp-json\/wp\/v2\/product_brand?post=253868"},{"taxonomy":"product_cat","embeddable":true,"href":"https:\/\/baldumarket.lt\/lt\/wp-json\/wp\/v2\/product_cat?post=253868"},{"taxonomy":"product_tag","embeddable":true,"href":"https:\/\/baldumarket.lt\/lt\/wp-json\/wp\/v2\/product_tag?post=253868"}],"curies":[{"name":"wp","href":"https:\/\/api.w.org\/{rel}","templated":true}]}}