{"id":253863,"date":"2026-01-10T22:18:40","date_gmt":"2026-01-10T19:18:40","guid":{"rendered":"https:\/\/baldumarket.lt\/product\/dante-dt24-polka-wiszaca\/"},"modified":"2026-02-11T18:31:22","modified_gmt":"2026-02-11T15:31:22","slug":"dante-dt24-polka-wiszaca","status":"publish","type":"product","link":"https:\/\/baldumarket.lt\/lt\/product\/dante-dt24-polka-wiszaca\/","title":{"rendered":"DANTE DT24 SIENIN\u0116 LENTYNA"},"content":{"rendered":"<p>\u201eDante DT24\u201c sienin\u0117 lentyna \u2013 subtilus akcentas su charakteriu. \u201eDante DT24\u201c \u2013 tai minimalistinis, ta\u010diau funkcionalus interjero dizaino elementas, puikiai papildantis tiek modern\u0173, tiek klasikin\u012f interjer\u0105. Paprasta forma ir \u0161iltas nat\u016bralaus \u0105\u017euolo atspalvis suteiks erdvei harmonijos, lengvumo ir jaukios atmosferos. Lentyna sukurta esteti\u0161kam dekoracij\u0173, nuotrauk\u0173 r\u0117meli\u0173, knyg\u0173 ar ma\u017e\u0173 vazonini\u0173 augal\u0173 eksponavimui. Ji gali b\u016bti naudojama tiek dekoratyviniais, tiek praktiniais tikslais \u2013 puikiai tinka svetainei, miegamajam, prie\u0161kambariui ar nam\u0173 biurui. D\u0117l tvirtos konstrukcijos, pagamintos i\u0161 auk\u0161tos kokyb\u0117s med\u017eiag\u0173 ir tikslios apdailos, \u201eDT24\u201c lentyna yra patvarus ir stilingas bet kokio interjero papildymas. Subtilus profilis ir dizainas be ranken\u0117li\u0173 atitinka \u0161iuolaikines dizaino tendencijas, kartu i\u0161laikant nesenstant\u012f estetik\u0105. \u201eDante DT24\u201c sienin\u0117 lentyna \u2013 ma\u017ea detal\u0117, didelis poveikis. Nors ir nepretenzinga, \u201eDT24\u201c lentyna turi did\u017eiul\u012f dizaino potencial\u0105. Tai puikus pasirinkimas tiems, kurie vertina \u0161var\u0173, funkcional\u0173 dizain\u0105 ir estetines detales, kurios pabr\u0117\u017eia interjero charakter\u012f. Sukurkite erdv\u0119, kuri i\u0161reik\u0161t\u0173 j\u016bs\u0173 stili\u0173.<\/p>\n<p>Plotis 106 cm Gylis 26,5 cm Auk\u0161tis 22 cm Produkto svoris su pakuote 6,60 kg Gamintojo kodas \/ simbolis DT24 Kolekcijos pavadinimas DANTE Pavadinimas b2b sistemoje DANTE DT24 CREMONA \u0104\u017dUOLO T. PAKABINAM\u0172 LENTYN\u0172 KOMPLEKTAS Produkto pakuo\u010di\u0173 skai\u010dius 1 Stilius Modernus \u012eranga Surinkimo instrukcijos \/ surinkimo priedai Surinkimas Savaranki\u0161kam surinkimui Spalvos Cremona Torro \u0105\u017euolas Korpuso med\u017eiaga \/ tipas \/ storis 16 mm bald\u0173 plok\u0161t\u0117 Korpuso vir\u0161utin\u0117s dalies med\u017eiaga \/ tipas \/ storis 16 mm bald\u0173 plok\u0161t\u0117 Korpuso \u012franga Reguliuojami bald\u0173 pakabos<\/p>","protected":false},"excerpt":{"rendered":"<p>\u201eDante DT24\u201c sienin\u0117 lentyna \u2013 subtilus akcentas su charakteriu. \u201eDante DT24\u201c \u2013 tai minimalistinis, ta\u010diau funkcionalus interjero dizaino elementas, puikiai papildantis tiek modern\u0173, tiek klasikin\u012f interjer\u0105. Paprasta forma ir \u0161iltas nat\u016bralaus \u0105\u017euolo atspalvis erdvei suteiks harmonijos, lengvumo ir jaukios atmosferos. Lentyna buvo sukurta [\u2026]<\/p>","protected":false},"featured_media":253864,"comment_status":"open","ping_status":"open","template":"","meta":[],"product_brand":[],"product_cat":[1174,2457],"product_tag":[],"class_list":{"0":"post-253863","1":"product","2":"type-product","3":"status-publish","4":"has-post-thumbnail","6":"product_cat-hanging-shelves","7":"product_cat-liveo","9":"first","10":"instock","11":"purchasable","12":"product-type-simple"},"_links":{"self":[{"href":"https:\/\/baldumarket.lt\/lt\/wp-json\/wp\/v2\/product\/253863","targetHints":{"allow":["GET"]}}],"collection":[{"href":"https:\/\/baldumarket.lt\/lt\/wp-json\/wp\/v2\/product"}],"about":[{"href":"https:\/\/baldumarket.lt\/lt\/wp-json\/wp\/v2\/types\/product"}],"replies":[{"embeddable":true,"href":"https:\/\/baldumarket.lt\/lt\/wp-json\/wp\/v2\/comments?post=253863"}],"wp:featuredmedia":[{"embeddable":true,"href":"https:\/\/baldumarket.lt\/lt\/wp-json\/wp\/v2\/media\/253864"}],"wp:attachment":[{"href":"https:\/\/baldumarket.lt\/lt\/wp-json\/wp\/v2\/media?parent=253863"}],"wp:term":[{"taxonomy":"product_brand","embeddable":true,"href":"https:\/\/baldumarket.lt\/lt\/wp-json\/wp\/v2\/product_brand?post=253863"},{"taxonomy":"product_cat","embeddable":true,"href":"https:\/\/baldumarket.lt\/lt\/wp-json\/wp\/v2\/product_cat?post=253863"},{"taxonomy":"product_tag","embeddable":true,"href":"https:\/\/baldumarket.lt\/lt\/wp-json\/wp\/v2\/product_tag?post=253863"}],"curies":[{"name":"wp","href":"https:\/\/api.w.org\/{rel}","templated":true}]}}