{"id":253839,"date":"2026-01-10T22:18:26","date_gmt":"2026-01-10T19:18:26","guid":{"rendered":"https:\/\/baldumarket.lt\/product\/dante-dt23-biurko-2\/"},"modified":"2026-02-11T18:31:22","modified_gmt":"2026-02-11T15:31:22","slug":"dante-dt23-biurko-2","status":"publish","type":"product","link":"https:\/\/baldumarket.lt\/lt\/product\/dante-dt23-biurko-2\/","title":{"rendered":"DANTE DT23 STALAS"},"content":{"rendered":"<p>\u201eDante DT23\u201c ra\u0161omasis stalas \u2013 stilius ir funkcionalumas moderniu pavidalu. \u201eDante\u201c ra\u0161omasis stalas \u2013 tai tobulas rafinuoto dizaino ir funkcionalaus po\u017ei\u016brio \u012f darbo viet\u0105 derinys. Sukurtas galvojant apie modern\u0173 interjer\u0105, jis puikiai tiks tiek eleganti\u0161kuose biuruose, tiek nam\u0173 biuruose, tiek stilingose studij\u0173 erdv\u0117se. I\u0161skirtin\u0119 form\u0105, \u0161ilt\u0105 med\u017eio apdail\u0105 ir penki\u0173 atspalvi\u0173 fasadus, pary\u0161kina auksin\u0117s arba juodos ranken\u0117l\u0117s ir plonos metalin\u0117s kojel\u0117s, tod\u0117l \u0161is baldas yra i\u0161skirtinai esteti\u0161kas ir universalus dizaino elementas. Ra\u0161omasis stalas \u017eavi ne tik savo i\u0161vaizda, bet ir funkcionalumu \u2013 jame yra du prakti\u0161ki stal\u010diai ir atvira ni\u0161a, puikiai tinkanti smulkiems aksesuarams, u\u017era\u0161ams ar ne\u0161iojamam kompiuteriui. Metalin\u0117s kojel\u0117s su dekoratyvine aukso apdaila u\u017etikrina stabilum\u0105 ir suteikia visai konstrukcijai vizualinio lengvumo. D\u0117l to jis puikiai tinka tiek lofto dekorui, tiek eleganti\u0161kam, minimalistiniam interjerui. Spalvos: \u0105\u017euolo \/ matin\u0117s juodos \/ auksin\u0117s detal\u0117s. \u201eDante DT23\u201c \u2013 ra\u0161omasis stalas, \u012fkvepiantis veikti. Tai daugiau nei tik darbo vieta. Tai baldas, kuriame dera stilius ir komfortas, sukuriant tobul\u0105 aplink\u0105 mokymuisi, darbui ar k\u016brybini\u0173 aistr\u0173 \u012fgyvendinimui. DT23 ra\u0161omasis stalas yra patikimas palydovas kasdieniams i\u0161\u0161\u016bkiams, dar labiau sustiprinantis j\u016bs\u0173 interjero charakter\u012f.<\/p>\n<p>Plotis 140,5 cm Gylis 56,5 cm Auk\u0161tis 75 cm Produkto svoris su pakuote 32,15 kg Gamintojo kodas \/ simbolis DT23 Kolekcijos pavadinimas DANTE Pavadinimas b2b sistemoje DANTE DT23 CREMONA OAK T\/MATT KA\u0160MYRO STALO KOMPLEKTAS Produkto pakuo\u010di\u0173 skai\u010dius 4 Stilius Modernus \u012eranga Surinkimo instrukcijos \/ surinkimo priedai Surinkimas Savaranki\u0161kam surinkimui Korpuso spalva Cremona Torro Oak Korpuso apdailos med\u017eiaga \/ tipas \/ storis 16 mm baldin\u0117 plok\u0161t\u0117 \/ Juostel\u0117 32 mm MDF baldin\u0117 plok\u0161t\u0117 Vir\u0161utin\u0117 korpuso apdaila \/ med\u017eiaga \/ tipas \/ storis 16 mm baldin\u0117 plok\u0161t\u0117 Apatin\u0117 korpuso apdaila \/ med\u017eiaga \/ tipas \/ storis 16 mm baldin\u0117 plok\u0161t\u0117 Priekin\u0117 spalva Ka\u0161myro matin\u0117 Priekin\u0117s apdailos med\u017eiaga \/ tipas \/ storis 18 mm MDF baldin\u0117 plok\u0161t\u0117 Priekin\u0117 rankena \/ apdaila \/ spalva Metalin\u0117 \/ Juoda arba auksin\u0117 \u0160velnaus u\u017edarymo stal\u010di\u0173 sistema Standartin\u0117 Stal\u010di\u0173 b\u0117geliai Favorit Q2 Kojel\u0117 \/ apdaila \/ spalva Nereguliuojama \/ metalin\u0117 \/ juoda \u2013 auksin\u0117 Stal\u010di\u0173 skai\u010dius 2<\/p>","protected":false},"excerpt":{"rendered":"<p>\u201eDante DT23\u201c ra\u0161omasis stalas \u2013 stilius ir funkcionalumas moderniu pavidalu. \u201eDante\u201c ra\u0161omasis stalas \u2013 tai tobulas rafinuoto dizaino ir funkcionalaus po\u017ei\u016brio \u012f darbo viet\u0105 derinys. Sukurtas galvojant apie modern\u0173 interjer\u0105, jis puikiai tiks tiek eleganti\u0161kuose biuruose, tiek nam\u0173 biuruose, tiek stilingose studij\u0173 erdv\u0117se. Jo i\u0161skirtin\u0117 forma su \u0161iltu med\u017eio [\u2026]<\/p>","protected":false},"featured_media":253756,"comment_status":"open","ping_status":"open","template":"","meta":[],"product_brand":[],"product_cat":[1312,2457],"product_tag":[],"class_list":{"0":"post-253839","1":"product","2":"type-product","3":"status-publish","4":"has-post-thumbnail","6":"product_cat-desks","7":"product_cat-liveo","9":"first","10":"instock","11":"purchasable","12":"product-type-simple"},"_links":{"self":[{"href":"https:\/\/baldumarket.lt\/lt\/wp-json\/wp\/v2\/product\/253839","targetHints":{"allow":["GET"]}}],"collection":[{"href":"https:\/\/baldumarket.lt\/lt\/wp-json\/wp\/v2\/product"}],"about":[{"href":"https:\/\/baldumarket.lt\/lt\/wp-json\/wp\/v2\/types\/product"}],"replies":[{"embeddable":true,"href":"https:\/\/baldumarket.lt\/lt\/wp-json\/wp\/v2\/comments?post=253839"}],"wp:featuredmedia":[{"embeddable":true,"href":"https:\/\/baldumarket.lt\/lt\/wp-json\/wp\/v2\/media\/253756"}],"wp:attachment":[{"href":"https:\/\/baldumarket.lt\/lt\/wp-json\/wp\/v2\/media?parent=253839"}],"wp:term":[{"taxonomy":"product_brand","embeddable":true,"href":"https:\/\/baldumarket.lt\/lt\/wp-json\/wp\/v2\/product_brand?post=253839"},{"taxonomy":"product_cat","embeddable":true,"href":"https:\/\/baldumarket.lt\/lt\/wp-json\/wp\/v2\/product_cat?post=253839"},{"taxonomy":"product_tag","embeddable":true,"href":"https:\/\/baldumarket.lt\/lt\/wp-json\/wp\/v2\/product_tag?post=253839"}],"curies":[{"name":"wp","href":"https:\/\/api.w.org\/{rel}","templated":true}]}}