{"id":253799,"date":"2026-01-10T22:18:04","date_gmt":"2026-01-10T19:18:04","guid":{"rendered":"https:\/\/baldumarket.lt\/product\/dante-dt22-szafka-nocna\/"},"modified":"2026-02-11T18:31:23","modified_gmt":"2026-02-11T15:31:23","slug":"dante-dt22-szafka-nocna","status":"publish","type":"product","link":"https:\/\/baldumarket.lt\/lt\/product\/dante-dt22-szafka-nocna\/","title":{"rendered":"DANTE DT22 naktin\u0117 spintel\u0117"},"content":{"rendered":"<p>\u201eDante DT22\u201c naktinis staliukas \u2013 funkcionalumas su elegancijos prisilietimu. \u201eDante DT22\u201c naktinis staliukas \u2013 puikus pasirinkimas tiems, kurie vertina apgalvot\u0105 dizain\u0105, funkcionalum\u0105 ir modern\u0173 stili\u0173 vienoje kompakti\u0161koje formoje. Nesvarbu, ar pastatytas \u0161alia lovos miegamajame, ar prie sofos svetain\u0117je, jis visada suteiks interjerui elegancijos su industriniu priekiu. Platus kolekcijai b\u016bding\u0173 spalv\u0173 pasirinkimas \u2013 kartu su \u0161iltu med\u017eio atspalviu \u2013 sukuria harmoning\u0105 kompozicij\u0105, kuri puikiai papildys tiek modern\u0173, tiek lofto stili\u0173. Dviej\u0173 erdvi\u0173 stal\u010di\u0173 priekiai puo\u0161ti auksin\u0117mis arba juodomis ranken\u0117l\u0117mis, kurios traukia ak\u012f ir suteikia bendram dizainui rafinuoto, \u017eavingo stiliaus. Vir\u0161 stal\u010di\u0173 esanti prakti\u0161ka atvira ni\u0161a puikiai tinka knygai, nuotolinio valdymo pulteliui, telefonui ar dekoracijoms. Tai puikus sprendimas tiems, kurie m\u0117gsta, kai viskas, ko reikia, visada yra po ranka. Tvirta konstrukcija remiasi \u012f lieknas metalines kojeles su subtilia aukso apdaila, suteikian\u010dias baldui lengvumo ir modernaus eleganti\u0161kumo. \u201eDante DT22\u201c \u2013 prakti\u0161ka detal\u0117 su klase. Naktinis staliukas yra daugiau nei baldas \u2013 tai funkcionali interjero puo\u0161mena, kuri sustiprins jo charakter\u012f ir kasdien\u012f erdv\u0117s naudojim\u0105 padarys dar malonesn\u012f.<\/p>\n<p>Plotis 56 cm Gylis 40 cm Auk\u0161tis 69 cm Gaminio svoris su pakuote 22,35 kg Gamintojo kodas \/ simbolis DT22 Kolekcijos pavadinimas DANTE Pavadinimas b2b sistemoje DANTE DT22 \u0104\u017dUOLAS CR. ANTRACITO SPALVOS MATINIS NAKTIN\u0116S SPINTEL\u0116S KOMPLEKTAS Produkt\u0173 pakuo\u010di\u0173 skai\u010dius 5 Stilius Moderni \u012franga Surinkimo instrukcijos \/ surinkimo priedai Surinkimas Savaranki\u0161kam surinkimui Korpuso spalva Cremona Torro Oak Korpuso med\u017eiaga \/ tipas \/ storis 16 mm baldin\u0117 plok\u0161t\u0117 \/ Juostel\u0117 32 mm MDF baldin\u0117 plok\u0161t\u0117 Vir\u0161utinio korpuso med\u017eiaga \/ tipas \/ storis 16 mm baldin\u0117 plok\u0161t\u0117 Apatinio korpuso med\u017eiaga \/ tipas \/ storis 16 mm baldin\u0117 plok\u0161t\u0117 Galin\u0117s sienel\u0117s med\u017eiaga \/ tipas \/ storis 2,5 mm HDF baldin\u0117 plok\u0161t\u0117 Matoma galin\u0117s sienel\u0117s dalis spalva Artisan Oak Priekin\u0117 spalva Antracito matin\u0117 Priekin\u0117 med\u017eiaga \/ tipas \/ storis 18 mm MDF baldin\u0117 plok\u0161t\u0117 Priekin\u0117 ranken\u0117l\u0117 \/ med\u017eiaga \/ spalva \/ spalva Metalin\u0117 \/ Juoda arba auksin\u0117 \u0160velnaus u\u017edarymo stal\u010di\u0173 sistema Standarti\u0161kai Stal\u010di\u0173 b\u0117geliai Favorit Q2 Kojel\u0117 \/ med\u017eiaga \/ spalva \/ spalva Nereguliuojama \/ metalin\u0117 \/ juoda \u2013 auksin\u0117 Kojel\u0117s auk\u0161tis 118 mm Stal\u010di\u0173 skai\u010dius: 2 Atvir\u0173 ni\u0161\u0173 skai\u010dius: 1<\/p>","protected":false},"excerpt":{"rendered":"<p>\u201eDante DT22\u201c naktinis staliukas \u2013 funkcionalumas su elegancijos prisilietimu. \u201eDante DT22\u201c naktinis staliukas yra puikus pasirinkimas tiems, kurie vertina apgalvot\u0105 dizain\u0105, funkcionalum\u0105 ir modern\u0173 stili\u0173 vienoje kompakti\u0161koje formoje. Nesvarbu, ar jis pastatytas \u0161alia lovos miegamajame, ar prie sofos svetain\u0117je, jis visada suteiks elegancijos [\u2026]<\/p>","protected":false},"featured_media":253771,"comment_status":"open","ping_status":"open","template":"","meta":[],"product_brand":[],"product_cat":[1176,2457],"product_tag":[],"class_list":{"0":"post-253799","1":"product","2":"type-product","3":"status-publish","4":"has-post-thumbnail","6":"product_cat-bedside-tables","7":"product_cat-liveo","9":"first","10":"instock","11":"purchasable","12":"product-type-simple"},"_links":{"self":[{"href":"https:\/\/baldumarket.lt\/lt\/wp-json\/wp\/v2\/product\/253799","targetHints":{"allow":["GET"]}}],"collection":[{"href":"https:\/\/baldumarket.lt\/lt\/wp-json\/wp\/v2\/product"}],"about":[{"href":"https:\/\/baldumarket.lt\/lt\/wp-json\/wp\/v2\/types\/product"}],"replies":[{"embeddable":true,"href":"https:\/\/baldumarket.lt\/lt\/wp-json\/wp\/v2\/comments?post=253799"}],"wp:featuredmedia":[{"embeddable":true,"href":"https:\/\/baldumarket.lt\/lt\/wp-json\/wp\/v2\/media\/253771"}],"wp:attachment":[{"href":"https:\/\/baldumarket.lt\/lt\/wp-json\/wp\/v2\/media?parent=253799"}],"wp:term":[{"taxonomy":"product_brand","embeddable":true,"href":"https:\/\/baldumarket.lt\/lt\/wp-json\/wp\/v2\/product_brand?post=253799"},{"taxonomy":"product_cat","embeddable":true,"href":"https:\/\/baldumarket.lt\/lt\/wp-json\/wp\/v2\/product_cat?post=253799"},{"taxonomy":"product_tag","embeddable":true,"href":"https:\/\/baldumarket.lt\/lt\/wp-json\/wp\/v2\/product_tag?post=253799"}],"curies":[{"name":"wp","href":"https:\/\/api.w.org\/{rel}","templated":true}]}}