{"id":253779,"date":"2026-01-10T22:17:52","date_gmt":"2026-01-10T19:17:52","guid":{"rendered":"https:\/\/baldumarket.lt\/product\/dante-dt21-szafka-nocna-3\/"},"modified":"2026-02-11T18:31:23","modified_gmt":"2026-02-11T15:31:23","slug":"dante-dt21-szafka-nocna-3","status":"publish","type":"product","link":"https:\/\/baldumarket.lt\/lt\/product\/dante-dt21-szafka-nocna-3\/","title":{"rendered":"DANTE DT21 NAKTINIS STILIUKAS"},"content":{"rendered":"<p>\u201eDante DT21\u201c naktinis staliukas \u2013 elegancija kompakti\u0161koje formoje. \u201eDT21\u201c naktinis staliukas \u2013 tai tobulas modernios estetikos, prakti\u0161kumo ir eleganti\u0161k\u0173 detali\u0173 derinys, puikiai tinkantis tiek miegamajame, tiek modernioje svetain\u0117je ar biure. Kompakti\u0161kas dydis suteikia did\u017eiul\u012f dizaino ir funkcionalumo potencial\u0105. Baldams b\u016bdingas madingas penki\u0173 matini\u0173 spalv\u0173 ir \u0161ilto med\u017eio dekoro derinys, suteikiantis jiems i\u0161skirtin\u012f charakter\u012f ir malon\u0173 vizualin\u012f \u012fsp\u016bd\u012f. Du erdv\u016bs stal\u010diai su eleganti\u0161komis auksin\u0117mis arba juodomis rankenomis ne tik pabr\u0117\u017eia modern\u0173 dizain\u0105, bet ir suteikia daug vietos smulkiems daiktams laikyti \u2013 nuo knyg\u0173 ir aksesuar\u0173 iki kasdieni\u0173 nieku\u010di\u0173. Apdailintas plonomis metalin\u0117mis kojel\u0117mis su dekoratyvin\u0117mis auksin\u0117mis kojel\u0117mis, \u201eDT21\u201c naktinis staliukas suteikia interjerui lengvumo ir rafinuoto, \u017eavingo stiliaus, i\u0161laikant tvirtum\u0105 ir ilgaam\u017ei\u0161kum\u0105. \u201eDante DT21\u201c \u2013 ma\u017ea forma, didelis poveikis. \u0160i kompakti\u0161ka spintel\u0117 yra puikus pasirinkimas tiems, kurie vertina estetik\u0105 ir charakter\u012f. Kad ir kur j\u0105 pastatytum\u0117te, ji visada trauks ak\u012f ir suteiks j\u016bs\u0173 interjerui klas\u0117s bei rafinuotumo.<\/p>\n<p>Plotis 56 cm Gylis 40 cm Auk\u0161tis 57 cm Produkto svoris su pakuote 18,70 kg Gamintojo kodas \/ simbolis DT21 Kolekcijos pavadinimas DANTE Pavadinimas b2b sistemoje DANTE DT21 \u0104\u017dUOLO KR. T\/MATIN\u0116 \u017dALIA NAKTIN\u0116 SPINTEL\u0116 Produkto pakuo\u010di\u0173 skai\u010dius 4 Stilius Moderni \u012eranga Surinkimo instrukcijos \/ surinkimo priedai Surinkimui Savaranki\u0161kam surinkimui Korpuso spalva Cremona Torro Oak Korpuso med\u017eiaga \/ tipas \/ storis 16 mm baldin\u0117 plok\u0161t\u0117 \/ Juostel\u0117 32 mm MDF baldin\u0117 plok\u0161t\u0117 Vir\u0161utinio korpuso med\u017eiaga \/ tipas \/ storis 16 mm baldin\u0117 plok\u0161t\u0117 Apatinio korpuso med\u017eiaga \/ tipas \/ storis 16 mm baldin\u0117 plok\u0161t\u0117 Galin\u0117s sienel\u0117s med\u017eiaga \/ tipas \/ storis 2,5 mm HDF baldin\u0117 plok\u0161t\u0117 Priekin\u0117 spalva Matin\u0117 \u017ealia Priekin\u0117 med\u017eiaga \/ tipas \/ storis 18 mm MDF baldin\u0117 plok\u0161t\u0117 Priekin\u0117 rankena \/ med\u017eiaga \/ spalva Metalin\u0117 \/ Juoda arba auksin\u0117 \u0160velnaus u\u017edarymo stal\u010di\u0173 sistema Standarti\u0161kai Stal\u010di\u0173 b\u0117geliai Favorit Q2 Kojel\u0117 \/ med\u017eiaga \/ spalva Nereguliuojami \/ metalin\u0117 \/ juoda \u2013 auksin\u0117 Kojel\u0117s auk\u0161tis 118 mm Stal\u010di\u0173 skai\u010dius 2<\/p>","protected":false},"excerpt":{"rendered":"<p>\u201eDante DT21\u201c naktinis staliukas \u2013 elegancija kompakti\u0161koje formoje. DT21 naktinis staliukas \u2013 tai puikus modernios estetikos, prakti\u0161kumo ir eleganti\u0161k\u0173 detali\u0173 derinys, puikiai tinkantis tiek miegamajame, tiek modernioje svetain\u0117je ar biure. Kompakti\u0161kas dydis suteikia did\u017eiul\u012f dizaino ir funkcionalumo potencial\u0105. Baldai pasi\u017eymi madingu [\u2026]<\/p>","protected":false},"featured_media":253764,"comment_status":"open","ping_status":"open","template":"","meta":[],"product_brand":[],"product_cat":[1176,2457],"product_tag":[],"class_list":{"0":"post-253779","1":"product","2":"type-product","3":"status-publish","4":"has-post-thumbnail","6":"product_cat-bedside-tables","7":"product_cat-liveo","9":"first","10":"instock","11":"purchasable","12":"product-type-simple"},"_links":{"self":[{"href":"https:\/\/baldumarket.lt\/lt\/wp-json\/wp\/v2\/product\/253779","targetHints":{"allow":["GET"]}}],"collection":[{"href":"https:\/\/baldumarket.lt\/lt\/wp-json\/wp\/v2\/product"}],"about":[{"href":"https:\/\/baldumarket.lt\/lt\/wp-json\/wp\/v2\/types\/product"}],"replies":[{"embeddable":true,"href":"https:\/\/baldumarket.lt\/lt\/wp-json\/wp\/v2\/comments?post=253779"}],"wp:featuredmedia":[{"embeddable":true,"href":"https:\/\/baldumarket.lt\/lt\/wp-json\/wp\/v2\/media\/253764"}],"wp:attachment":[{"href":"https:\/\/baldumarket.lt\/lt\/wp-json\/wp\/v2\/media?parent=253779"}],"wp:term":[{"taxonomy":"product_brand","embeddable":true,"href":"https:\/\/baldumarket.lt\/lt\/wp-json\/wp\/v2\/product_brand?post=253779"},{"taxonomy":"product_cat","embeddable":true,"href":"https:\/\/baldumarket.lt\/lt\/wp-json\/wp\/v2\/product_cat?post=253779"},{"taxonomy":"product_tag","embeddable":true,"href":"https:\/\/baldumarket.lt\/lt\/wp-json\/wp\/v2\/product_tag?post=253779"}],"curies":[{"name":"wp","href":"https:\/\/api.w.org\/{rel}","templated":true}]}}