{"id":253742,"date":"2026-01-10T22:17:30","date_gmt":"2026-01-10T19:17:30","guid":{"rendered":"https:\/\/baldumarket.lt\/product\/dante-dt20-lustro\/"},"modified":"2026-02-11T18:31:23","modified_gmt":"2026-02-11T15:31:23","slug":"dante-dt20-lustro","status":"publish","type":"product","link":"https:\/\/baldumarket.lt\/lt\/product\/dante-dt20-lustro\/","title":{"rendered":"DANTE DT20 VEIDRODIS"},"content":{"rendered":"<p>\u201eDante DT20\u201c veidrodis \u2013 modernus j\u016bs\u0173 interjero papildymas. Su \u201eDante DT20 A\u201c veidrod\u017eiu suteikite savo namams modernios elegancijos ir funkcionalumo. \u0160is unikalus kolekcijos gaminys puikiai papildys j\u016bs\u0173 miegamojo dizain\u0105, ne tik prapl\u0117sdamas erdv\u0119, bet ir pabr\u0117\u017edamas modern\u0173 interjero charakter\u012f. Veidrod\u017eio dizainas derina minimalistin\u0119 form\u0105 su rafinuota spalv\u0173 palete \u2013 plat\u0173 veidrod\u017eio pavir\u0161i\u0173 \u012fr\u0117mina kontrastingos penki\u0173 sodri\u0173, matini\u0173 spalv\u0173 juostel\u0117s. Toks i\u0161d\u0117stymas suteikia jam geometrin\u0119 i\u0161rai\u0161k\u0105, kuri puikiai dera su moderniomis, lofto ir industrin\u0117mis tendencijomis. Jis gali b\u016bti naudojamas tiek kaip atskiras dekoratyvinis elementas, tiek kaip neatsiejama \u201eDante\u201c kolekcijos tualetinio staliuko dalis \u2013 suteikiant esteti\u0161k\u0105 sienos apdail\u0105 ir strukt\u016br\u0105, kuri suteikia interjerui tvarkos. \u201eDante DT20\u201c veidrodis \u2013 subtilus akcentas, kuris daro didel\u012f skirtum\u0105. \u0160is veidrodis yra puikus pasirinkimas tiems, kurie ie\u0161ko netradicinio b\u016bdo u\u017ebaigti savo interjer\u0105, kartu suteikdamas gylio ir stiliaus. Paprastas, bet efektyvus \u2013 jis bus kaip vy\u0161nia ant torto bet kokiame i\u0161d\u0117styme.<\/p>\n<p>Plotis 83 cm Gylis 2 cm Auk\u0161tis 66 cm Produkto svoris su pakuote 16,40 kg Gamintojo kodas \/ simbolis DT20 Kolekcijos pavadinimas DANTE Pavadinimas b2b sistemoje DANTE DT20 BALTA\/ANTRACITO SPALVOS MATINIS VEIDRODIS KPL Produkto pakuo\u010di\u0173 skai\u010dius 2 Stilius Modernus \u012eranga Surinkimo instrukcijos \/ surinkimo priedai Surinkimas Savaranki\u0161kam surinkimui Korpuso spalva Antracito spalvos Matinis Korpuso apdailos med\u017eiaga \/ tipas \/ storis Bald\u0173 plok\u0161t\u0117 12 mm \/ Juostin\u0117 bald\u0173 plok\u0161t\u0117 MDF 18 mm Korpuso \u012franga Reguliuojami bald\u0173 pakabos<\/p>","protected":false},"excerpt":{"rendered":"<p>\u201eDante DT20\u201c veidrodis \u2013 modernus j\u016bs\u0173 interjero papildymas. Su \u201eDante DT20 A\u201c veidrod\u017eiu suteikite savo namams modernaus elegancijos ir funkcionalumo. \u0160is unikalus kolekcijos elementas puikiai papildys j\u016bs\u0173 miegamojo dizain\u0105, ne tik pagra\u017eindamas erdv\u0119, bet ir pabr\u0117\u017edamas modern\u0173 kambario charakter\u012f.<\/p>","protected":false},"featured_media":253528,"comment_status":"open","ping_status":"open","template":"","meta":[],"product_brand":[],"product_cat":[2457,1108],"product_tag":[],"class_list":{"0":"post-253742","1":"product","2":"type-product","3":"status-publish","4":"has-post-thumbnail","6":"product_cat-liveo","7":"product_cat-mirrors","9":"first","10":"instock","11":"purchasable","12":"product-type-simple"},"_links":{"self":[{"href":"https:\/\/baldumarket.lt\/lt\/wp-json\/wp\/v2\/product\/253742","targetHints":{"allow":["GET"]}}],"collection":[{"href":"https:\/\/baldumarket.lt\/lt\/wp-json\/wp\/v2\/product"}],"about":[{"href":"https:\/\/baldumarket.lt\/lt\/wp-json\/wp\/v2\/types\/product"}],"replies":[{"embeddable":true,"href":"https:\/\/baldumarket.lt\/lt\/wp-json\/wp\/v2\/comments?post=253742"}],"wp:featuredmedia":[{"embeddable":true,"href":"https:\/\/baldumarket.lt\/lt\/wp-json\/wp\/v2\/media\/253528"}],"wp:attachment":[{"href":"https:\/\/baldumarket.lt\/lt\/wp-json\/wp\/v2\/media?parent=253742"}],"wp:term":[{"taxonomy":"product_brand","embeddable":true,"href":"https:\/\/baldumarket.lt\/lt\/wp-json\/wp\/v2\/product_brand?post=253742"},{"taxonomy":"product_cat","embeddable":true,"href":"https:\/\/baldumarket.lt\/lt\/wp-json\/wp\/v2\/product_cat?post=253742"},{"taxonomy":"product_tag","embeddable":true,"href":"https:\/\/baldumarket.lt\/lt\/wp-json\/wp\/v2\/product_tag?post=253742"}],"curies":[{"name":"wp","href":"https:\/\/api.w.org\/{rel}","templated":true}]}}