{"id":253715,"date":"2026-01-10T22:17:16","date_gmt":"2026-01-10T19:17:16","guid":{"rendered":"https:\/\/baldumarket.lt\/product\/dante-dt19-toaletka-2\/"},"modified":"2026-02-11T18:31:24","modified_gmt":"2026-02-11T15:31:24","slug":"dante-dt19-toaletka-2","status":"publish","type":"product","link":"https:\/\/baldumarket.lt\/lt\/product\/dante-dt19-toaletka-2\/","title":{"rendered":"DANTE DT19 TUALETINIS STALIUKAS"},"content":{"rendered":"<p>\u201eDante DT19\u201c ra\u0161omasis stalas \u2013 moderni forma, maksimalus funkcionalumas. \u201eDante DT19\u201c \u2013 tai unikalus baldas, kuriame dera elegancija, minimalizmas ir prakti\u0161ki sprendimai. Sukurtas galvojant apie modern\u0173 interjer\u0105, jis puikiai tinka tiek nam\u0173 biurui, tiek jaunimo kambariui ar darbo vietai. Stalo konstrukcija remiasi \u012f stabilias juodo metalo kojeles, kurias papildo stilingi laikikliai ir auksiniai akcentai. \u0160is derinys suteikia baldui industrin\u012f charakter\u012f, i\u0161laikant subtili\u0105 elegancij\u0105. \u0160iltas \u0105\u017euolo stalvir\u0161is sukuria jauki\u0105 darbo viet\u0105, o du plat\u016bs, lengvai pasiekiami stal\u010diai, pasirinktinai i\u0161 penki\u0173 matini\u0173 spalv\u0173, suteikia vietos b\u016btiniausiems aksesuarams, dokumentams ir biuro reikmenims. Plonos auksin\u0117s arba juodos ranken\u0117l\u0117s pary\u0161kina modernias bald\u0173 linijas ir suteikia elegancijos. \u201eDT19\u201c ra\u0161omasis stalas \u2013 stilinga darbo vieta j\u016bs\u0173 namuose. \u0160is stalas \u2013 puikus pasirinkimas tiems, kurie vertina dizaineri\u0173 formas ir ergonomik\u0105. \u0160is stalas leis dirbti, mokytis ir kasdienius darbus atlikti maloniau ir organizuotiau. Suteikite savo erdvei charakterio!<\/p>\n<p>Plotis 120 cm Gylis 44 cm Auk\u0161tis 78 cm Produkto svoris su pakuote 25,45 kg Gamintojo kodas \/ simbolis DT19 Kolekcijos pavadinimas DANTE Pavadinimas b2b sistemoje DANTE DT19 CREMONA OAK T\/CASHMERE MATTE TUALETINIO STALIUKO RINKINYS Produkto pakuo\u010di\u0173 skai\u010dius 4 Stilius Modernus \u012eranga Surinkimo instrukcijos \/ surinkimo priedai Surinkimas Savaranki\u0161kam surinkimui Korpuso spalva Cremona Torro Oak Korpuso apdailos med\u017eiaga \/ tipas \/ storis 16 mm baldin\u0117 plok\u0161t\u0117 \/ Juostel\u0117 32 mm MDF baldin\u0117 plok\u0161t\u0117 Vir\u0161utin\u0117 korpuso apdaila \/ med\u017eiaga \/ tipas \/ storis 16 mm baldin\u0117 plok\u0161t\u0117 Apatin\u0117 korpuso apdaila \/ med\u017eiaga \/ tipas \/ storis 16 mm baldin\u0117 plok\u0161t\u0117 Priekin\u0117 spalva Ka\u0161myro matin\u0117 Priekin\u0117s apdailos med\u017eiaga \/ tipas \/ storis 18 mm MDF baldin\u0117 plok\u0161t\u0117 Priekin\u0117 rankena \/ apdaila \/ spalva Metalin\u0117 \/ Juoda arba auksin\u0117 \u0160velnaus u\u017edarymo stal\u010di\u0173 sistema Standarti\u0161kai Stal\u010di\u0173 b\u0117geliai Favorit Q2 Kojel\u0117 \/ apdaila \/ spalva Nereguliuojami \/ metalin\u0117 \/ juoda \u2013 auksin\u0117 Stal\u010di\u0173 skai\u010dius 2<\/p>","protected":false},"excerpt":{"rendered":"<p>\u201eDante DT19\u201c ra\u0161omasis stalas \u2013 moderni forma, maksimalus funkcionalumas. \u201eDante DT19\u201c yra unikalus baldas, kuriame dera elegancija, minimalizmas ir prakti\u0161ki sprendimai. Sukurtas galvojant apie modern\u0173 interjer\u0105, jis puikiai tinka tiek nam\u0173 biurui, tiek jaunimo kambariui ar darbo vietai. Stalo konstrukcija remiasi \u012f stabilias juodas metalines kojeles, kurios [\u2026]<\/p>","protected":false},"featured_media":253552,"comment_status":"open","ping_status":"open","template":"","meta":[],"product_brand":[],"product_cat":[1237,2457],"product_tag":[],"class_list":{"0":"post-253715","1":"product","2":"type-product","3":"status-publish","4":"has-post-thumbnail","6":"product_cat-dressing-tables","7":"product_cat-liveo","9":"first","10":"instock","11":"purchasable","12":"product-type-simple"},"_links":{"self":[{"href":"https:\/\/baldumarket.lt\/lt\/wp-json\/wp\/v2\/product\/253715","targetHints":{"allow":["GET"]}}],"collection":[{"href":"https:\/\/baldumarket.lt\/lt\/wp-json\/wp\/v2\/product"}],"about":[{"href":"https:\/\/baldumarket.lt\/lt\/wp-json\/wp\/v2\/types\/product"}],"replies":[{"embeddable":true,"href":"https:\/\/baldumarket.lt\/lt\/wp-json\/wp\/v2\/comments?post=253715"}],"wp:featuredmedia":[{"embeddable":true,"href":"https:\/\/baldumarket.lt\/lt\/wp-json\/wp\/v2\/media\/253552"}],"wp:attachment":[{"href":"https:\/\/baldumarket.lt\/lt\/wp-json\/wp\/v2\/media?parent=253715"}],"wp:term":[{"taxonomy":"product_brand","embeddable":true,"href":"https:\/\/baldumarket.lt\/lt\/wp-json\/wp\/v2\/product_brand?post=253715"},{"taxonomy":"product_cat","embeddable":true,"href":"https:\/\/baldumarket.lt\/lt\/wp-json\/wp\/v2\/product_cat?post=253715"},{"taxonomy":"product_tag","embeddable":true,"href":"https:\/\/baldumarket.lt\/lt\/wp-json\/wp\/v2\/product_tag?post=253715"}],"curies":[{"name":"wp","href":"https:\/\/api.w.org\/{rel}","templated":true}]}}