{"id":253696,"date":"2026-01-10T22:17:04","date_gmt":"2026-01-10T19:17:04","guid":{"rendered":"https:\/\/baldumarket.lt\/product\/dante-dt17-szafa-z-lustrem-4\/"},"modified":"2026-02-11T18:31:24","modified_gmt":"2026-02-11T15:31:24","slug":"dante-dt17-szafa-z-lustrem-4","status":"publish","type":"product","link":"https:\/\/baldumarket.lt\/lt\/product\/dante-dt17-szafa-z-lustrem-4\/","title":{"rendered":"DANTE DT17 spinta su veidrod\u017eiu"},"content":{"rendered":"<p>7D DT17 spinta \u2013 \u012fsp\u016bdinga forma, nesenstantis stilius. \u201eDante DT17\u201c \u2013 tai baldas, kuris ne tik traukia ak\u012f eleganti\u0161ku dizainu, bet ir \u017eavi funkcionalumu. \u0160i erdvi spinta \u2013 idealus pasirinkimas tiems, kurie vertina auk\u0161t\u0105 meistri\u0161kumo kokyb\u0119, apgalvot\u0105 erdv\u0117s organizavim\u0105 ir modern\u0173 dizain\u0105. Centrin\u0119 spintos dal\u012f u\u017eima keturios didel\u0117s durys, u\u017etikrinan\u010dios puik\u0173 patekim\u0105 \u012f prakti\u0161k\u0105 ir erdv\u0173 vid\u0173. Durys su dideliu veidrod\u017eiu suteikia baldui lengvumo ir elegancijos. Apatin\u0117je dalyje yra keturi prakti\u0161ki stal\u010diai, kuriuose lengva susid\u0117ti smulkius aksesuarus. Baldai dekoruoti madinga spalv\u0173 gama: matin\u0117s apdailos, kuri\u0105 galima pasirinkti i\u0161 penki\u0173 atspalvi\u0173, ir \u0105\u017euolo medienos dekoro derinys sukuria harmoning\u0105 ir prabang\u0173 kontrast\u0105. Visuma u\u017ebaigiama plonomis auksin\u0117mis arba juodomis ranken\u0117l\u0117mis ir metalin\u0117mis kojel\u0117mis, kurios pabr\u0117\u017eia modern\u0173, ta\u010diau \u0161ilt\u0105 baldo charakter\u012f. \u201eDante 7D\u201c spinta \u2013 stiliaus ir funkcionalumo centras j\u016bs\u0173 interjere. \u0160is modelis puikiai tinka svetainei, valgomajam ar biurui \u2013 visur, kur svarbiausia estetika ir tobula organizuotumas. DT17 spinta sukurs charaktering\u0105 erdv\u0119.<\/p>\n<p>Plotis 185,5 cm Gylis 56,5 cm Auk\u0161tis 207 cm Produkto svoris su pakuote 151,50 kg Gamintojo kodas \/ simbolis DT17 Kolekcijos pavadinimas DANTE Pavadinimas b2b sistemoje DANTE DT17 CREMONA \u0104\u017dUOLAS T\/MATIN\u0116 PILKA 3D SPINTEL\u0116S KOMPLEKTAS Produkto pakuo\u010di\u0173 skai\u010dius 7 Stilius Modernus \u012eranga Surinkimo instrukcijos \/ surinkimo priedai Surinkimas Savaranki\u0161kam surinkimui Korpuso spalva Cremona Torro Oak Korpuso med\u017eiaga \/ tipas \/ storis 16 mm baldin\u0117 plok\u0161t\u0117 \/ Juostel\u0117 32 mm MDF baldin\u0117 plok\u0161t\u0117 Korpuso vir\u0161utin\u0117 dalis \/ tipas \/ storis 16 mm baldin\u0117 plok\u0161t\u0117 Korpuso apatin\u0117 dalis \/ tipas \/ storis 16 mm baldin\u0117 plok\u0161t\u0117 Lentynos spalva Cremona Torro Oak Lentynos med\u017eiaga \/ tipas \/ storis 16 mm baldin\u0117 plok\u0161t\u0117 Lentyn\u0173 kiekis 2 Galin\u0117s sienel\u0117s med\u017eiaga \/ tipas \/ storis 2,5 mm HDF baldin\u0117 plok\u0161t\u0117 Matomos galin\u0117s sienel\u0117s dalies spalva Artisan Oak Priekin\u0117 spalva Matin\u0117 pilka Priekin\u0117s apdailos med\u017eiaga \/ tipas \/ storis 18 mm MDF baldin\u0117 plok\u0161t\u0117 Priekin\u0117 dalis su veidrod\u017eiu TAIP Priekin\u0117 dalis su veidrod\u017eiu kiekis 1 Priekinis vyris \u2300 35 mm Reguliuojama trijose plok\u0161tumose Priekin\u0117 rankena \/ apdaila \/ spalva Metalin\u0117 \/ Juoda arba auksin\u0117 \u0160velniai u\u017esidaranti dureli\u0173 sistema Standartin\u0117 \u0160velniai u\u017esidaranti stal\u010di\u0173 sistema Standartin\u0117 Stal\u010di\u0173 b\u0117geliai Favorit Q2 Kojel\u0117 \/ apdaila \/ spalva Nereguliuojama \/ metalin\u0117 \/ juoda \u2013 auksin\u0117 Kojel\u0117s auk\u0161tis 118 mm Papildoma koja \/ apdaila \/ spalva Reguliuojama vidurin\u0117 dalis \/ metalin\u0117 \/ juoda Dureli\u0173 skai\u010dius 7 Stal\u010di\u0173 skai\u010dius 3 U\u017edar\u0173 ni\u0161\u0173 skai\u010dius 6 Korpuso \u012franga Standartin\u0117 2 pakabos<\/p>","protected":false},"excerpt":{"rendered":"<p>7D DT17 spinta \u2013 \u012fsp\u016bdinga forma, nesenstantis stilius. \u201eDante DT17\u201c \u2013 tai baldas, kuris ne tik traukia ak\u012f eleganti\u0161ku dizainu, bet ir \u017eavi funkcionalumu. \u0160i erdvi spinta yra idealus pasirinkimas tiems, kurie vertina auk\u0161t\u0105 meistri\u0161kumo kokyb\u0119, apgalvot\u0105 erdv\u0117s organizavim\u0105 ir modern\u0173 dizain\u0105. [\u2026]<\/p>","protected":false},"featured_media":253697,"comment_status":"open","ping_status":"open","template":"","meta":[],"product_brand":[],"product_cat":[2457,1177],"product_tag":[],"class_list":{"0":"post-253696","1":"product","2":"type-product","3":"status-publish","4":"has-post-thumbnail","6":"product_cat-liveo","7":"product_cat-wardrobes","9":"first","10":"instock","11":"purchasable","12":"product-type-simple"},"_links":{"self":[{"href":"https:\/\/baldumarket.lt\/lt\/wp-json\/wp\/v2\/product\/253696","targetHints":{"allow":["GET"]}}],"collection":[{"href":"https:\/\/baldumarket.lt\/lt\/wp-json\/wp\/v2\/product"}],"about":[{"href":"https:\/\/baldumarket.lt\/lt\/wp-json\/wp\/v2\/types\/product"}],"replies":[{"embeddable":true,"href":"https:\/\/baldumarket.lt\/lt\/wp-json\/wp\/v2\/comments?post=253696"}],"wp:featuredmedia":[{"embeddable":true,"href":"https:\/\/baldumarket.lt\/lt\/wp-json\/wp\/v2\/media\/253697"}],"wp:attachment":[{"href":"https:\/\/baldumarket.lt\/lt\/wp-json\/wp\/v2\/media?parent=253696"}],"wp:term":[{"taxonomy":"product_brand","embeddable":true,"href":"https:\/\/baldumarket.lt\/lt\/wp-json\/wp\/v2\/product_brand?post=253696"},{"taxonomy":"product_cat","embeddable":true,"href":"https:\/\/baldumarket.lt\/lt\/wp-json\/wp\/v2\/product_cat?post=253696"},{"taxonomy":"product_tag","embeddable":true,"href":"https:\/\/baldumarket.lt\/lt\/wp-json\/wp\/v2\/product_tag?post=253696"}],"curies":[{"name":"wp","href":"https:\/\/api.w.org\/{rel}","templated":true}]}}