{"id":253653,"date":"2026-01-10T22:16:31","date_gmt":"2026-01-10T19:16:31","guid":{"rendered":"https:\/\/baldumarket.lt\/product\/dante-dt16-szafa-3\/"},"modified":"2026-02-11T18:31:24","modified_gmt":"2026-02-11T15:31:24","slug":"dante-dt16-szafa-3","status":"publish","type":"product","link":"https:\/\/baldumarket.lt\/lt\/product\/dante-dt16-szafa-3\/","title":{"rendered":"DANTE DT16 drabu\u017ei\u0173 spinta"},"content":{"rendered":"<p>\u201eDante DT16 2-D\u201c spinta \u2013 maksimali talpa eleganti\u0161kame korpuse. \u201eDante DT16\u201c \u2013 tai spinta, kurioje puikiai dera eleganti\u0161kas dizainas ir i\u0161skirtinis funkcionalumas. Moderni forma ir gerai apgalvota konstrukcija daro j\u0105 puikiu pasirinkimu svetainei, valgomajam, prie\u0161kambariui ar net biurui \u2013 visur, kur reikia esteti\u0161kai patrauklios ir erdvios vietos daiktams susid\u0117ti. Penki\u0173 matini\u0173 spalv\u0173 bald\u0173 fasadai suteikia jiems rafinuot\u0105 ir modern\u0173 charakter\u012f, o nat\u016bralaus \u0105\u017euolo apdaila \u2013 \u0161ilumos ir stiliaus. Spinta turi keturias rakinamas zonas \u2013 vir\u0161utin\u0119 ir apatin\u0119 dvidures spinteles bei centrin\u012f stal\u010di\u0173, skirt\u0105 lengvai susid\u0117ti smulkius daiktus. Tvirtas, plonas spintos korpusas stovi ant lengv\u0173 metalini\u0173 kojeli\u0173 su eleganti\u0161kais auksiniais apvadais, kurie suteikia konstrukcijai lengvumo poj\u016bt\u012f ir leid\u017eia lengvai valyti apa\u010di\u0105. Auksin\u0117s arba juodos vertikalios rankenos, dekoratyvios ir ergonomi\u0161kos, u\u017ebaigia i\u0161vaizd\u0105. \u201eDante DT16\u201c \u2013 stilius ir talpa viename. \u0160is modelis yra puikus sprendimas tiems, kurie ie\u0161ko modernaus, ta\u010diau prakti\u0161ko baldo su nesenstan\u010diu charakteriu. Su \u201eDante 2D\u201c spinta suteikite savo interjerui klas\u0117s ir funkcionalumo.<\/p>\n<p>Plotis 93 cm Gylis 56,5 cm Auk\u0161tis 197 cm Produkto svoris su pakuote 73,00 kg Gamintojo kodas \/ simbolis DT16 Kolekcijos pavadinimas DANTE Pavadinimas b2b sistemoje DANTE DT16 CREMONA \u0104\u017dUOLAS T\/MATIN\u0116 \u017dALIA SPINTEL\u0116 2D KOMPLEKTAS Produkt\u0173 pakuo\u010di\u0173 skai\u010dius 5 Stilius Moderni \u012franga Surinkimo instrukcijos \/ surinkimo priedai Surinkimas Savaranki\u0161kam surinkimui Korpuso spalva Cremona Torro Oak Korpuso med\u017eiaga \/ tipas \/ storis 16 mm baldin\u0117 plok\u0161t\u0117 \/ Juostel\u0117 32 mm MDF baldin\u0117 plok\u0161t\u0117 Vir\u0161utinio korpuso med\u017eiaga \/ tipas \/ storis 16 mm baldin\u0117 plok\u0161t\u0117 Apatinio korpuso med\u017eiaga \/ tipas \/ storis 16 mm baldin\u0117 plok\u0161t\u0117 Galin\u0117s sienel\u0117s med\u017eiaga \/ tipas \/ storis 2,5 mm HDF baldin\u0117 plok\u0161t\u0117 Matoma galin\u0117s sienel\u0117s dalis Spalvota \u201eArtisan Oak\u201c Priekin\u0117 spalva Matin\u0117 \u017ealia Priekin\u0117 med\u017eiaga \/ tipas \/ storis 18 mm MDF baldin\u0117 plok\u0161t\u0117 Priekinis vyris \u2300 35 mm, reguliuojamas trijose plok\u0161tumose Priekin\u0117 rankena \/ apdaila \/ spalva Metalin\u0117 \/ Juoda arba auksin\u0117 \u0160velniai u\u017esidaranti dur\u0173 sistema Standarti\u0161kai \u0160velniai u\u017esidaranti stal\u010di\u0173 sistema Standarti\u0161kai Stal\u010di\u0173 b\u0117geliai Favorit Q2 Kojel\u0117 \/ apdaila \/ spalva Nereguliuojamas \/ metalinis \/ juodas-auksinis Kojeli\u0173 auk\u0161tis 118 mm Dureli\u0173 skai\u010dius 4 Stal\u010di\u0173 skai\u010dius 1 U\u017edar\u0173 ni\u0161\u0173 skai\u010dius 2 Korpuso \u012franga Standartin\u0117 komplektacija 1 pakabinimo karnizas<\/p>","protected":false},"excerpt":{"rendered":"<p>\u201eDante DT16 2-D\u201c spinta \u2013 maksimali talpa eleganti\u0161kame korpuse. \u201eDante DT16\u201c \u2013 tai spinta, kurioje puikiai dera eleganti\u0161kas dizainas ir i\u0161skirtinis funkcionalumas. Moderni forma ir gerai apgalvota konstrukcija daro j\u0105 puikiu pasirinkimu svetainei, valgomajam, prie\u0161kambariui ar net biurui \u2013 bet kur, kur jums reikia esteti\u0161kai patrauklaus ir [\u2026]<\/p>","protected":false},"featured_media":253544,"comment_status":"open","ping_status":"open","template":"","meta":[],"product_brand":[],"product_cat":[2457,1177],"product_tag":[],"class_list":{"0":"post-253653","1":"product","2":"type-product","3":"status-publish","4":"has-post-thumbnail","6":"product_cat-liveo","7":"product_cat-wardrobes","9":"first","10":"instock","11":"purchasable","12":"product-type-simple"},"_links":{"self":[{"href":"https:\/\/baldumarket.lt\/lt\/wp-json\/wp\/v2\/product\/253653","targetHints":{"allow":["GET"]}}],"collection":[{"href":"https:\/\/baldumarket.lt\/lt\/wp-json\/wp\/v2\/product"}],"about":[{"href":"https:\/\/baldumarket.lt\/lt\/wp-json\/wp\/v2\/types\/product"}],"replies":[{"embeddable":true,"href":"https:\/\/baldumarket.lt\/lt\/wp-json\/wp\/v2\/comments?post=253653"}],"wp:featuredmedia":[{"embeddable":true,"href":"https:\/\/baldumarket.lt\/lt\/wp-json\/wp\/v2\/media\/253544"}],"wp:attachment":[{"href":"https:\/\/baldumarket.lt\/lt\/wp-json\/wp\/v2\/media?parent=253653"}],"wp:term":[{"taxonomy":"product_brand","embeddable":true,"href":"https:\/\/baldumarket.lt\/lt\/wp-json\/wp\/v2\/product_brand?post=253653"},{"taxonomy":"product_cat","embeddable":true,"href":"https:\/\/baldumarket.lt\/lt\/wp-json\/wp\/v2\/product_cat?post=253653"},{"taxonomy":"product_tag","embeddable":true,"href":"https:\/\/baldumarket.lt\/lt\/wp-json\/wp\/v2\/product_tag?post=253653"}],"curies":[{"name":"wp","href":"https:\/\/api.w.org\/{rel}","templated":true}]}}