{"id":253605,"date":"2026-01-10T22:15:57","date_gmt":"2026-01-10T19:15:57","guid":{"rendered":"https:\/\/baldumarket.lt\/product\/dante-dt15-regal-l-p\/"},"modified":"2026-02-11T18:31:25","modified_gmt":"2026-02-11T15:31:25","slug":"dante-dt15-regal-l-p","status":"publish","type":"product","link":"https:\/\/baldumarket.lt\/lt\/product\/dante-dt15-regal-l-p\/","title":{"rendered":"DANTE DT15 LENTYNA K\/D"},"content":{"rendered":"<p>\u201eDante DT15\u201c spintel\u0117 \u2013 modernus funkcionalumas eleganti\u0161koje aplinkoje. \u201eDante DT15\u201c \u2013 tai pasirinkimas tiems, kurie vertina minimalistin\u0119 elegancij\u0105 ir maksimal\u0173 prakti\u0161kum\u0105. \u0160i auk\u0161ta, siaura lentyn\u0173 sistema puikiai tinka svetainei, darbo kambariui, prie\u0161kambariui ar net miegamajam \u2013 bet kur, kur reikia tvarkingos erdv\u0117s ir stilingos i\u0161vaizdos. Lentyn\u0173 sistema suskirstyta \u012f tris funkcines zonas. Vir\u0161utin\u0117 ir apatin\u0117 bloko dalys yra u\u017erakinamos spintel\u0117s su tvirtais fasadais, idealiai tinka laikyti daiktus, kuriuos norite tur\u0117ti po ranka, bet neb\u016btinai eksponuojamus. Vidurin\u0117, atvira lentyna, apdailinta nat\u016bralaus \u0105\u017euolo apdaila, puikiai tinka knygoms, nuotrauk\u0173 r\u0117meliams ar dekoracijoms eksponuoti, suteikdama interjerui unikalaus charakterio. Matiniai fasadai, pasirinktinai i\u0161 penki\u0173 eleganti\u0161k\u0173 spalv\u0173 atspalvi\u0173, kontrastuoja su \u0161iltu med\u017eio dekoru, sukurdami modern\u0173, bet jauk\u0173 efekt\u0105. Subtilios auksin\u0117s arba juodos ranken\u0117l\u0117s ir siauros kojel\u0117s su metaliniais akcentais u\u017ebaigia i\u0161vaizd\u0105, suteikdamos lengvumo ir stilingos apdailos. \u201eDT15\u201c spintel\u0117 \u2013 dizainas, kuris sutvarko erdv\u0119 ir patraukia d\u0117mes\u012f. \u0160is modelis yra puikus pasirinkimas ie\u0161kantiems stiling\u0173 ir prakti\u0161k\u0173 bald\u0173 sprendim\u0173. \u012ene\u0161kite funkcionalumo \u012f savo interjer\u0105 eleganti\u0161ka forma.<\/p>\n<p>Plotis 70,5 cm Gylis 40 cm Auk\u0161tis 197 cm Produkto svoris su pakuote 52,95 kg Gamintojo kodas \/ simbolis DT15 Kolekcijos pavadinimas DANTE Pavadinimas b2b sistemoje DANTE DT15 CREMONA OAK T\/ANTHRACITE MATTE CABINET LP KP Produkto pakuo\u010di\u0173 skai\u010dius 5 Stilius Modernus \u012eranga Surinkimo instrukcijos \/ surinkimo priedai Surinkimas Savaranki\u0161kam surinkimui Korpuso spalva Cremona Torro Oak Korpuso med\u017eiaga \/ tipas \/ storis Bald\u0173 plok\u0161t\u0117 16 mm \/ Juostin\u0117 bald\u0173 plok\u0161t\u0117 MDF 32 mm Korpuso vir\u0161utin\u0117s dalies med\u017eiaga \/ med\u017eiaga \/ tipas \/ storis Bald\u0173 plok\u0161t\u0117 16 mm Korpuso apa\u010dios med\u017eiagos \/ med\u017eiagos \/ tipo \/ storis Bald\u0173 plok\u0161t\u0117 16 mm Lentynos spalva Cremona Torro Oak Lentynos med\u017eiaga \/ tipas \/ storis Bald\u0173 plok\u0161t\u0117 16 mm Lentyn\u0173 kiekis 1 Galin\u0117s sienel\u0117s med\u017eiaga \/ tipas \/ storis Bald\u0173 plok\u0161t\u0117 2,5 mm HDF Sienos galin\u0117s matomos dalies spalva Artisan Oak Priekin\u0117 spalva Matin\u0117 antracito spalvos Priekin\u0117s apdailos med\u017eiaga \/ tipas \/ storis 18 mm MDF bald\u0173 plok\u0161t\u0117 Priekinis vyris \u2300 35 mm reguliuojamas trijose plok\u0161tumose Priekin\u0117 universali Atsidarymas \u012f kair\u0119 \/ \u012f de\u0161in\u0119 TAIP Priekin\u0117 rankena \/ apdaila \/ spalva Metalin\u0117 \/ Juoda arba auksin\u0117 \u0160velniai u\u017esidaranti dureli\u0173 sistema Standartin\u0117 \u0160velniai u\u017esidaranti stal\u010di\u0173 sistema Standartin\u0117s Stal\u010di\u0173 b\u0117gel\u0117s Favorit Q2 Kojel\u0117 \/ apdaila \/ spalva Nereguliuojama \/ metalin\u0117 \/ juoda \u2013 auksin\u0117 Kojel\u0117s auk\u0161tis 118 mm Dureli\u0173 skai\u010dius 2 Stal\u010di\u0173 skai\u010dius 1 Atvir\u0173 ni\u0161\u0173 skai\u010dius 1 U\u017edar\u0173 ni\u0161\u0173 skai\u010dius 3<\/p>","protected":false},"excerpt":{"rendered":"<p>\u201eDante DT15\u201c spintel\u0117 \u2013 modernus funkcionalumas eleganti\u0161koje aplinkoje. \u201eDante DT15\u201c yra pasirinkimas tiems, kurie vertina minimalistin\u0119 elegancij\u0105 ir maksimal\u0173 prakti\u0161kum\u0105. \u0160i auk\u0161ta, liekna lentyn\u0173 sistema puikiai tinka svetainei, darbo kambariui, prie\u0161kambariui ar net miegamajam \u2013 bet kur, kur reikia tvarkingos erdv\u0117s ir stilingos i\u0161vaizdos. [\u2026]<\/p>","protected":false},"featured_media":253581,"comment_status":"open","ping_status":"open","template":"","meta":[],"product_brand":[],"product_cat":[2457,1177],"product_tag":[],"class_list":{"0":"post-253605","1":"product","2":"type-product","3":"status-publish","4":"has-post-thumbnail","6":"product_cat-liveo","7":"product_cat-wardrobes","9":"first","10":"instock","11":"purchasable","12":"product-type-simple"},"_links":{"self":[{"href":"https:\/\/baldumarket.lt\/lt\/wp-json\/wp\/v2\/product\/253605","targetHints":{"allow":["GET"]}}],"collection":[{"href":"https:\/\/baldumarket.lt\/lt\/wp-json\/wp\/v2\/product"}],"about":[{"href":"https:\/\/baldumarket.lt\/lt\/wp-json\/wp\/v2\/types\/product"}],"replies":[{"embeddable":true,"href":"https:\/\/baldumarket.lt\/lt\/wp-json\/wp\/v2\/comments?post=253605"}],"wp:featuredmedia":[{"embeddable":true,"href":"https:\/\/baldumarket.lt\/lt\/wp-json\/wp\/v2\/media\/253581"}],"wp:attachment":[{"href":"https:\/\/baldumarket.lt\/lt\/wp-json\/wp\/v2\/media?parent=253605"}],"wp:term":[{"taxonomy":"product_brand","embeddable":true,"href":"https:\/\/baldumarket.lt\/lt\/wp-json\/wp\/v2\/product_brand?post=253605"},{"taxonomy":"product_cat","embeddable":true,"href":"https:\/\/baldumarket.lt\/lt\/wp-json\/wp\/v2\/product_cat?post=253605"},{"taxonomy":"product_tag","embeddable":true,"href":"https:\/\/baldumarket.lt\/lt\/wp-json\/wp\/v2\/product_tag?post=253605"}],"curies":[{"name":"wp","href":"https:\/\/api.w.org\/{rel}","templated":true}]}}