{"id":253589,"date":"2026-01-10T22:15:49","date_gmt":"2026-01-10T19:15:49","guid":{"rendered":"https:\/\/baldumarket.lt\/product\/dante-dt14-witryna-4\/"},"modified":"2026-02-11T18:31:25","modified_gmt":"2026-02-11T15:31:25","slug":"dante-dt14-witryna-4","status":"publish","type":"product","link":"https:\/\/baldumarket.lt\/lt\/product\/dante-dt14-witryna-4\/","title":{"rendered":"DANTE DT14 VITRINA"},"content":{"rendered":"<p>\u201eDante DT14\u201c vitrina \u2013 tai i\u0161skirtinio stiliaus ekspozicijos erdv\u0117. \u201eDante DT14\u201c \u2013 tai tobulas elegancijos, modernaus dizaino ir funkcionalumo derinys. Sukurta interjerams, kuriuose svarbi kiekviena detal\u0117, ji puikiai tinka svetainei, valgomajam ar nam\u0173 biurui \u2013 bet kur, kur norite derinti estetik\u0105 su prakti\u0161ku daikt\u0173 laikymu. Vir\u0161utin\u0117 spintel\u0117s dalis yra stiklin\u0117 vitrina su pasirenkamu LED foniniu ap\u0161vietimu, kurioje demonstruojami brangiausi j\u016bs\u0173 daiktai \u2013 nuo \u0161eimos relikvij\u0173, stiklo ir keramikos iki dizaineri\u0173 sukurt\u0173 aksesuar\u0173. \u0160ilta \u0161viesa i\u0161ry\u0161kina nat\u016brali\u0105 medienos tekst\u016br\u0105 ir suteikia interjerui jauki\u0105 atmosfer\u0105. Apatin\u0117je dalyje yra prakti\u0161kas stal\u010dius ir erdvi dvidur\u0117 spintel\u0117, kuri pad\u0117s jums tvarkingai laikyti daiktus ir pasl\u0117pti ma\u017eiau svarbius daiktus. Vitrina i\u0161siskiria unikaliu spalv\u0173 deriniu \u2013 matiniai fasadai, kuriuos galima \u012fsigyti penki\u0173 spalv\u0173, kartu su meni\u0161ko \u0105\u017euolo dekoru sukuria eleganti\u0161k\u0105, ta\u010diau nesenstant\u012f kontrast\u0105. Auksini\u0173 arba juod\u0173 ranken\u0117li\u0173 ir kojeli\u0173 detali\u0173 pasirinkimas u\u017ebaigia i\u0161vaizd\u0105, suteikdamas subtil\u0173 prabangos akcent\u0105. DT14 \u2013 vitrina, kuri sustiprins j\u016bs\u0173 interjero charakter\u012f. Leiskite estetikai ir funkcionalumui susijungti viename \u2013 rinkit\u0117s DT14 AZ ir sukurkite erdv\u0119, kuri \u012fkvepia kiekvien\u0105 dien\u0105.<\/p>\n<p>Plotis 93 cm Gylis 40 cm Auk\u0161tis 197 cm Produkto svoris su pakuote 67,70 kg Gamintojo kodas \/ simbolis DT14 Kolekcijos pavadinimas DANTE Pavadinimas b2b sistemoje DANTE DT14 CREMONA \u0104\u017dUOLAS T\/MATIN\u0116 PILKA VITRIN\u0116S SPINTEL\u0116S KOMPLEKTAS Produkto pakuo\u010di\u0173 skai\u010dius 5 Stilius Moderni \u012franga Surinkimo instrukcijos \/ surinkimo priedai Surinkimas Savaranki\u0161kam surinkimui Korpuso spalva Cremona Torro Oak Korpuso med\u017eiaga \/ tipas \/ storis 16 mm bald\u0173 plok\u0161t\u0117 \/ Juostel\u0117 32 mm MDF bald\u0173 plok\u0161t\u0117 Vir\u0161utinio korpuso med\u017eiaga \/ tipas \/ storis 16 mm bald\u0173 plok\u0161t\u0117 Apatinio korpuso med\u017eiaga \/ tipas \/ storis 16 mm bald\u0173 plok\u0161t\u0117 Galin\u0117s sienel\u0117s med\u017eiaga \/ tipas \/ storis 2,5 mm HDF bald\u0173 plok\u0161t\u0117 Matomos galin\u0117s sienel\u0117s dalies spalva Artisan Oak Priekin\u0117 spalva Matin\u0117 pilka Priekin\u0117 med\u017eiaga \/ tipas \/ storis 18 mm MDF bald\u0173 plok\u0161t\u0117 Vyris Priekinis \u2300 35 mm reguliuojamas trijose plok\u0161tumose Priekin\u0117 rankena \/ apdaila \/ spalva Metalin\u0117 \/ Juoda arba auksin\u0117 Glaz\u016bruota priekin\u0117 apdaila \/ stiklo spalva Gr\u016bdintas \/ Antisol grafitas Glaz\u016bruoto priekinio stiklo storis 4 mm Stiklin\u0117s lentynos stiklo spalva Bespalv\u0117 Stiklin\u0117s lentynos stiklas Storis 6 mm Stiklini\u0173 lentyn\u0173 kiekis 2 \u0160velniai u\u017esidaran\u010dios durel\u0117s Standartin\u0117 \u0160velniai u\u017esidaran\u010dios stal\u010di\u0173 sistema Standartin\u0117 Stal\u010di\u0173 b\u0117gel\u0117s Favorit Q2 Kojel\u0117 \/ apdaila \/ spalva Nereguliuojama \/ metalin\u0117 \/ juoda \u2013 auksin\u0117 Kojel\u0117s auk\u0161tis 118 mm Dureli\u0173 skai\u010dius 4 Stal\u010di\u0173 skai\u010dius 1 U\u017edaryt\u0173 ni\u0161\u0173 u\u017e stiklinio priekio skai\u010dius 3 U\u017edaryt\u0173 ni\u0161\u0173 skai\u010dius 1<\/p>","protected":false},"excerpt":{"rendered":"<p>\u201eDante DT14\u201c vitrina \u2013 tai i\u0161skirtinio stiliaus ekspozicijos erdv\u0117. \u201eDante DT14\u201c \u2013 tai tobulas elegancijos, modernaus dizaino ir funkcionalumo derinys. Sukurta interjerams, kuriuose svarbi kiekviena detal\u0117, ji puikiai tinka svetainei, valgomajam ar nam\u0173 biurui \u2013 bet kur, kur norite derinti estetik\u0105 su prakti\u0161ku daikt\u0173 laikymu. Vir\u0161utin\u0117 dalis [\u2026]<\/p>","protected":false},"featured_media":253590,"comment_status":"open","ping_status":"open","template":"","meta":[],"product_brand":[],"product_cat":[2457,2006],"product_tag":[],"class_list":{"0":"post-253589","1":"product","2":"type-product","3":"status-publish","4":"has-post-thumbnail","6":"product_cat-liveo","7":"product_cat-vitrines","9":"first","10":"instock","11":"purchasable","12":"product-type-simple"},"_links":{"self":[{"href":"https:\/\/baldumarket.lt\/lt\/wp-json\/wp\/v2\/product\/253589","targetHints":{"allow":["GET"]}}],"collection":[{"href":"https:\/\/baldumarket.lt\/lt\/wp-json\/wp\/v2\/product"}],"about":[{"href":"https:\/\/baldumarket.lt\/lt\/wp-json\/wp\/v2\/types\/product"}],"replies":[{"embeddable":true,"href":"https:\/\/baldumarket.lt\/lt\/wp-json\/wp\/v2\/comments?post=253589"}],"wp:featuredmedia":[{"embeddable":true,"href":"https:\/\/baldumarket.lt\/lt\/wp-json\/wp\/v2\/media\/253590"}],"wp:attachment":[{"href":"https:\/\/baldumarket.lt\/lt\/wp-json\/wp\/v2\/media?parent=253589"}],"wp:term":[{"taxonomy":"product_brand","embeddable":true,"href":"https:\/\/baldumarket.lt\/lt\/wp-json\/wp\/v2\/product_brand?post=253589"},{"taxonomy":"product_cat","embeddable":true,"href":"https:\/\/baldumarket.lt\/lt\/wp-json\/wp\/v2\/product_cat?post=253589"},{"taxonomy":"product_tag","embeddable":true,"href":"https:\/\/baldumarket.lt\/lt\/wp-json\/wp\/v2\/product_tag?post=253589"}],"curies":[{"name":"wp","href":"https:\/\/api.w.org\/{rel}","templated":true}]}}