{"id":253537,"date":"2026-01-10T22:15:19","date_gmt":"2026-01-10T19:15:19","guid":{"rendered":"https:\/\/baldumarket.lt\/product\/dante-dt13-witryna-l-p-2\/"},"modified":"2026-02-11T18:31:26","modified_gmt":"2026-02-11T15:31:26","slug":"dante-dt13-witryna-l-p-2","status":"publish","type":"product","link":"https:\/\/baldumarket.lt\/lt\/product\/dante-dt13-witryna-l-p-2\/","title":{"rendered":"DANTE DT13 VITRINA K\/D"},"content":{"rendered":"<p>\u201eDante DT13\u201c vitrina \u2013 eleganti\u0161ka forma, funkcionalus turinys. \u201eDante DT13 AZ\u201c \u2013 tai rafinuotas baldas, stebinantis savo grak\u0161\u010diu siluetu ir moderniu charakteriu. Puikiai tinka svetainei, valgomajam ar biurui \u2013 bet kur, kur svarbi estetika ir prakti\u0161kas daikt\u0173 laikymas. D\u0117l gerai apgalvoto dizaino ji puikiai tinka tiek erdviems, tiek kompakti\u0161kesniems interjerams. Pagrindin\u0117 spintel\u0117s dalis yra \u012fstiklinta, pasirinktinai LED ap\u0161viesta vitrina, kurioje subtiliai eksponuojamos m\u0117gstamos dekoracijos, knygos ar porcelianas. \u0160ilta \u0161viesa kartu su med\u017eio dekoru sukuria unikali\u0105 atmosfer\u0105 ir suteikia interjerui jaukumo. Apatin\u0117 spintel\u0117s dalis sukurta atsi\u017evelgiant \u012f kasdienius poreikius \u2013 joje yra prakti\u0161kas stal\u010dius ir erdvi, rakinama spintel\u0117, leid\u017eianti susitvarkyti daiktus, kurie visada tur\u0117t\u0173 b\u016bti ranka pasiekiami, bet nepastebimi. Eleganti\u0161kos, matin\u0117s apdailos fasadai penki\u0173 spalv\u0173 variantuose, subtiliai pary\u0161kinti \u0161iltu \u0105\u017euolo dekoru, o auksin\u0117s arba juodos detal\u0117s ant ranken\u0173 ir kojeli\u0173 sukuria i\u0161skirtinai stiling\u0105 derin\u012f \u2013 modern\u0173, ta\u010diau su klasikos priekiu. \u201eDante DT13\u201c vitrina \u2013 stilius, kuris patraukia ak\u012f. Funkcionalumas, kuris sutvarko erdv\u0119. \u012ene\u0161kite elegancijos \u012f savo interjer\u0105 su DT13 vitrina \u2013 baldu, kuris harmoningai derina gro\u017e\u012f ir kasdien\u012f naudingum\u0105.<\/p>\n<p>Plotis 70,5 cm Gylis 40 cm Auk\u0161tis 197 cm Gaminio svoris su pakuote 55,15 kg Gamintojo kodas \/ simbolis DT13 Kolekcijos pavadinimas DANTE Pavadinimas b2b sistemoje DANTE DT13 \u0104\u017dUOLAS CR. T\/KASZMERI MATIN\u0116 VITRIN\u0116 LP KOMPLEKTAS Produkt\u0173 pakuo\u010di\u0173 skai\u010dius 5 Stilius Moderni \u012franga Surinkimo instrukcijos \/ surinkimo priedai Surinkimas Savaranki\u0161kam surinkimui Korpuso spalva Cremona Torro \u0105\u017euolas Korpuso med\u017eiaga \/ tipas \/ storis 16 mm bald\u0173 plok\u0161t\u0117 \/ Juostel\u0117 32 mm MDF bald\u0173 plok\u0161t\u0117 Vir\u0161utin\u0117 korpuso apdaila \/ med\u017eiaga \/ tipas \/ storis 16 mm bald\u0173 plok\u0161t\u0117 Apatin\u0117 korpuso apdaila \/ med\u017eiaga \/ tipas \/ storis 16 mm bald\u0173 plok\u0161t\u0117 Galin\u0117s sienel\u0117s med\u017eiaga \/ tipas \/ storis 2,5 mm HDF bald\u0173 plok\u0161t\u0117 Matomos galin\u0117s sienel\u0117s dalies spalva Artisan \u0105\u017euolas Priekin\u0117 spalva Cashmere matin\u0117 Priekin\u0117 med\u017eiaga \/ tipas \/ storis 18 mm MDF bald\u0173 plok\u0161t\u0117 Priekinis vyris \u2300 35 mm, reguliuojamas trijose plok\u0161tumose Priekinis universalus atidarymas \u012f kair\u0119 \/ \u012f de\u0161in\u0119 TAIP Priekin\u0117 rankena \/ apdaila \/ spalva Metalas \/ Juoda arba auksin\u0117 Glaz\u016bruota priekin\u0117 apdaila \/ stiklo spalva Gr\u016bdintas \/ Antisol grafitas Glaz\u016bruoto priekinio stiklo storis 4 mm Stiklin\u0117s lentynos stiklo spalva Bespalv\u0117 Stiklin\u0117s lentynos stiklo storis 5 mm Stiklini\u0173 lentyn\u0173 kiekis 2 \u0160velniai u\u017esidaran\u010dios dureli\u0173 sistema Standarti\u0161kai \u0160velniai u\u017esidaran\u010dios stal\u010di\u0173 sistema Standarti\u0161kai Stal\u010di\u0173 b\u0117geliai Favorit Q2 Kojel\u0117 \/ apdaila \/ spalva Nereguliuojama \/ metalin\u0117 \/ juoda \u2013 auksin\u0117 Kojel\u0117 Auk\u0161tis 118 mm Dureli\u0173 skai\u010dius 2 Stal\u010di\u0173 skai\u010dius 1 U\u017e priekinio stiklo u\u017edaryt\u0173 ni\u0161\u0173 skai\u010dius 3 U\u017edaryt\u0173 ni\u0161\u0173 skai\u010dius 1<\/p>","protected":false},"excerpt":{"rendered":"<p>\u201eDante DT13\u201c vitrina \u2013 eleganti\u0161ka forma, funkcionalus turinys. \u201eDante DT13 AZ\u201c \u2013 tai rafinuotas baldas, kuris \u017eavi savo grak\u0161\u010diu siluetu ir moderniu charakteriu. Puikiai tinka svetainei, valgomajam ar biurui \u2013 visur, kur svarbi estetika ir prakti\u0161kas daikt\u0173 laikymas. D\u0117l gerai apgalvoto dizaino ji puikiai tinka [\u2026]<\/p>","protected":false},"featured_media":253538,"comment_status":"open","ping_status":"open","template":"","meta":[],"product_brand":[],"product_cat":[2457,2006],"product_tag":[],"class_list":{"0":"post-253537","1":"product","2":"type-product","3":"status-publish","4":"has-post-thumbnail","6":"product_cat-liveo","7":"product_cat-vitrines","9":"first","10":"instock","11":"purchasable","12":"product-type-simple"},"_links":{"self":[{"href":"https:\/\/baldumarket.lt\/lt\/wp-json\/wp\/v2\/product\/253537","targetHints":{"allow":["GET"]}}],"collection":[{"href":"https:\/\/baldumarket.lt\/lt\/wp-json\/wp\/v2\/product"}],"about":[{"href":"https:\/\/baldumarket.lt\/lt\/wp-json\/wp\/v2\/types\/product"}],"replies":[{"embeddable":true,"href":"https:\/\/baldumarket.lt\/lt\/wp-json\/wp\/v2\/comments?post=253537"}],"wp:featuredmedia":[{"embeddable":true,"href":"https:\/\/baldumarket.lt\/lt\/wp-json\/wp\/v2\/media\/253538"}],"wp:attachment":[{"href":"https:\/\/baldumarket.lt\/lt\/wp-json\/wp\/v2\/media?parent=253537"}],"wp:term":[{"taxonomy":"product_brand","embeddable":true,"href":"https:\/\/baldumarket.lt\/lt\/wp-json\/wp\/v2\/product_brand?post=253537"},{"taxonomy":"product_cat","embeddable":true,"href":"https:\/\/baldumarket.lt\/lt\/wp-json\/wp\/v2\/product_cat?post=253537"},{"taxonomy":"product_tag","embeddable":true,"href":"https:\/\/baldumarket.lt\/lt\/wp-json\/wp\/v2\/product_tag?post=253537"}],"curies":[{"name":"wp","href":"https:\/\/api.w.org\/{rel}","templated":true}]}}