{"id":253491,"date":"2026-01-10T22:14:51","date_gmt":"2026-01-10T19:14:51","guid":{"rendered":"https:\/\/baldumarket.lt\/product\/dante-dt12-witryna-niska\/"},"modified":"2026-02-11T18:31:26","modified_gmt":"2026-02-11T15:31:26","slug":"dante-dt12-witryna-niska","status":"publish","type":"product","link":"https:\/\/baldumarket.lt\/lt\/product\/dante-dt12-witryna-niska\/","title":{"rendered":"DANTE DT12 \u017dEMA VITRINA SPINTEL\u0116"},"content":{"rendered":"<p>\u201eDante DT12\u201c vitrina \u2013 eleganti\u0161ka ekspozicija ir funkcionalus daikt\u0173 laikymas. \u201eDante DT12\u201c derina modern\u0173 stili\u0173, funkcionalum\u0105 ir subtil\u0173 rafinuotum\u0105. \u0160i eleganti\u0161ka vitrina sukurta tiems, kurie nori dekoratyvioje aplinkoje pademonstruoti gra\u017eiausius savo interjero elementus \u2013 porcelian\u0105, stiklo dirbinius, kolekcinius daiktus ar suvenyrus. Vir\u0161utin\u0117 spintel\u0117s dalis yra stiklin\u0117 su pasirenkamu subtiliu LED ap\u0161vietimu, kuris subtiliai i\u0161ry\u0161kina ir pary\u0161kina viduje esan\u010dius daiktus. Nat\u016bralaus med\u017eio dekoras suteikia visam baldui \u0161ilt\u0105, jauk\u0173 poj\u016bt\u012f ir puikiai kontrastuoja su matine fasad\u0173 spalva, kuri\u0105 galima rinktis i\u0161 penki\u0173 spalv\u0173. Tai erdv\u0117, kuri sukuria atmosfer\u0105 \u2013 tiek svetain\u0117je, tiek valgomajame. Apatin\u0117je spintel\u0117s dalyje yra prakti\u0161kas stal\u010dius ir erdvi dvidur\u0117 spintel\u0117, kurioje yra daug vietos kasdieniams daiktams laikyti \u2013 nuo staltiesi\u0173 iki dokument\u0173 ir stalo \u012franki\u0173. Auksin\u0117s arba juodos ranken\u0117l\u0117s ir eleganti\u0161kos juodos bei auksin\u0117s metalin\u0117s kojel\u0117s suteikia lengvumo ir i\u0161skirtinumo, tod\u0117l DT12 vitrina tampa tikru bet kokio interjero akcentu. \u201eDante\u201c vitrina \u2013 eksponuokite vertingiausius savo daiktus. Pasl\u0117pkite b\u016btiniausius daiktus. Rinkit\u0117s vitrin\u0105, kurioje dera rafinuota estetika ir kasdienis funkcionalumas. \u201eDante DT12\u201c \u2013 tai baldas, kuris suteiks charakterio ir tvarkos bet kuriai erdvei \u2013 nepriklausomai nuo j\u016bs\u0173 interjero stiliaus.<\/p>\n<p>Plotis 93 cm Gylis 40 cm Auk\u0161tis 160,5 cm Produkto svoris su pakuote 56,50 kg Gamintojo kodas \/ simbolis DT12 Kolekcijos pavadinimas DANTE Pavadinimas b2b sistemoje DANTE DT12 CREMONA \u0104\u017dUOLAS T\/ANTHRACITE MATT VITRIN\u0116S SPINTEL\u0116S KOMPLEKTAS Produkto pakuo\u010di\u0173 skai\u010dius 5 Stilius Modernus \u012eranga Surinkimo instrukcijos \/ surinkimo priedai Surinkimas Savaranki\u0161kam surinkimui Korpuso spalva Cremona Torro Oak Korpuso med\u017eiaga \/ tipas \/ storis 16 mm baldin\u0117 plok\u0161t\u0117 \/ Juostel\u0117 32 mm MDF baldin\u0117 plok\u0161t\u0117 Vir\u0161utinio korpuso med\u017eiaga \/ tipas \/ storis 16 mm baldin\u0117 plok\u0161t\u0117 Apatinio korpuso med\u017eiaga \/ tipas \/ storis 16 mm baldin\u0117 plok\u0161t\u0117 Galin\u0117s sienel\u0117s med\u017eiaga \/ tipas \/ storis 2,5 mm HDF baldin\u0117 plok\u0161t\u0117 Matoma galin\u0117s sienel\u0117s dalis spalva Artisan Oak Priekin\u0117 spalva Antracito matin\u0117 Priekin\u0117 med\u017eiaga \/ tipas \/ storis 18 MDF baldin\u0117 plok\u0161t\u0117 mm Priekinis vyris \u2300 35 mm, reguliuojamas trijose plok\u0161tumose Priekin\u0117 rankena \/ apdaila \/ spalva Metalin\u0117 \/ Juoda arba auksin\u0117 Glaz\u016bruota priekin\u0117 apdaila \/ stiklo spalva Gr\u016bdintas \/ Antisol grafitas Glaz\u016bruoto priekinio stiklo storis 4 mm Stiklin\u0117s lentynos stiklo spalva Bespalv\u0117 stiklin\u0117 lentyna Stiklo storis 6 mm Stiklini\u0173 lentyn\u0173 kiekis 1 \u0160velniai u\u017esidaranti dureli\u0173 sistema Standartin\u0117 \u0160velniai u\u017esidaranti stal\u010di\u0173 sistema Standartin\u0117 Stal\u010di\u0173 b\u0117geliai Favorit Q2 Kojel\u0117 \/ apdaila \/ spalva Nereguliuojama \/ metalin\u0117 \/ juoda \u2013 auksin\u0117 Kojel\u0117s auk\u0161tis 118 mm Dureli\u0173 skai\u010dius 4 Stal\u010di\u0173 skai\u010dius 1 U\u017edaryt\u0173 ni\u0161\u0173 u\u017e stiklinio priekio skai\u010dius 2 U\u017edaryt\u0173 ni\u0161\u0173 skai\u010dius 1<\/p>","protected":false},"excerpt":{"rendered":"<p>\u201eDante DT12\u201c vitrina \u2013 eleganti\u0161ka ekspozicija ir funkcionalus daikt\u0173 laikymas. \u201eDante DT12\u201c derina modern\u0173 stili\u0173, funkcionalum\u0105 ir subtil\u0173 rafinuotum\u0105. \u0160i eleganti\u0161ka vitrina skirta tiems, kurie nori dekoratyvioje aplinkoje pademonstruoti gra\u017eiausius savo interjero elementus \u2013 porcelian\u0105, stiklo dirbinius, kolekcinius daiktus ar suvenyrus. [\u2026]<\/p>","protected":false},"featured_media":253492,"comment_status":"open","ping_status":"open","template":"","meta":[],"product_brand":[],"product_cat":[2457,2006],"product_tag":[],"class_list":{"0":"post-253491","1":"product","2":"type-product","3":"status-publish","4":"has-post-thumbnail","6":"product_cat-liveo","7":"product_cat-vitrines","9":"first","10":"instock","11":"purchasable","12":"product-type-simple"},"_links":{"self":[{"href":"https:\/\/baldumarket.lt\/lt\/wp-json\/wp\/v2\/product\/253491","targetHints":{"allow":["GET"]}}],"collection":[{"href":"https:\/\/baldumarket.lt\/lt\/wp-json\/wp\/v2\/product"}],"about":[{"href":"https:\/\/baldumarket.lt\/lt\/wp-json\/wp\/v2\/types\/product"}],"replies":[{"embeddable":true,"href":"https:\/\/baldumarket.lt\/lt\/wp-json\/wp\/v2\/comments?post=253491"}],"wp:featuredmedia":[{"embeddable":true,"href":"https:\/\/baldumarket.lt\/lt\/wp-json\/wp\/v2\/media\/253492"}],"wp:attachment":[{"href":"https:\/\/baldumarket.lt\/lt\/wp-json\/wp\/v2\/media?parent=253491"}],"wp:term":[{"taxonomy":"product_brand","embeddable":true,"href":"https:\/\/baldumarket.lt\/lt\/wp-json\/wp\/v2\/product_brand?post=253491"},{"taxonomy":"product_cat","embeddable":true,"href":"https:\/\/baldumarket.lt\/lt\/wp-json\/wp\/v2\/product_cat?post=253491"},{"taxonomy":"product_tag","embeddable":true,"href":"https:\/\/baldumarket.lt\/lt\/wp-json\/wp\/v2\/product_tag?post=253491"}],"curies":[{"name":"wp","href":"https:\/\/api.w.org\/{rel}","templated":true}]}}