{"id":253468,"date":"2026-01-10T22:14:39","date_gmt":"2026-01-10T19:14:39","guid":{"rendered":"https:\/\/baldumarket.lt\/product\/dante-dt11-szafka-3\/"},"modified":"2026-02-11T18:31:26","modified_gmt":"2026-02-11T15:31:26","slug":"dante-dt11-szafka-3","status":"publish","type":"product","link":"https:\/\/baldumarket.lt\/lt\/product\/dante-dt11-szafka-3\/","title":{"rendered":"DANTE DT11 SPINTEL\u0116"},"content":{"rendered":"<p>\u201eDante DT11\u201c spintel\u0117 \u2013 minimalistin\u0117 forma, maksimalus funkcionalumas. \u201eDante DT11\u201c \u2013 tai baldas, kuris patraukia d\u0117mes\u012f savo paprastumu, elegancija ir proporcijomis. Tai puikus pasirinkimas ie\u0161kantiems moderni\u0173 daikt\u0173 laikymo sprendim\u0173, kurie papildyt\u0173 \u0161iuolaikinio interjero estetik\u0105 \u2013 nuo lofto stiliaus, skandinavi\u0161ko iki klasikinio modernaus i\u0161d\u0117stymo. Dizainas paremtas dviej\u0173 dur\u0173 forma su plonu, vertikaliu i\u0161d\u0117stymu, tod\u0117l idealiai tinka siauresn\u0117ms erdv\u0117ms \u2013 tokioms kaip prie\u0161kambaris, darbo kambarys, ni\u0161a svetain\u0117je ar net miegamasis. U\u017e tvirt\u0173 fasad\u0173 slypi erdvus interjeras su prakti\u0161komis lentynomis, leid\u017eian\u010diomis tvarkingai laikyti drabu\u017eius, dokumentus, indus ar kitus b\u016btinus kasdienius daiktus. Rafinuotas matini\u0173 fasad\u0173 derinys su penkiais spalv\u0173 variantais ir nat\u016bralaus med\u017eio dekoru suteikia baldui elegancijos ir nesenstan\u010dio stiliaus. Visum\u0105 papildo auksin\u0117s arba juodos vertikalios ranken\u0117l\u0117s ir juodos bei auksin\u0117s metalin\u0117s kojel\u0117s, kurios suteikia lengvumo ir modernumo. Nepaisant kompakti\u0161kos formos, \u0161is baldas spinduliuoja tvirtumu ir d\u0117mesiu detal\u0117ms. \u201eDante DT11\u201c spintel\u0117 \u2013 daugiau nei tiesiog spintel\u0117. Tai stilingas j\u016bs\u0173 erdv\u0117s papildymas. Rinkit\u0117s bald\u0105, kuris \u017eav\u0117t\u0173 savo paprastumu, ta\u010diau neaukot\u0173 funkcionalumo. Su DT11 j\u016bs\u0173 interjeras \u012fgaus nauj\u0105 tvarkos ir elegancijos dimensij\u0105.<\/p>\n<p>Plotis 93 cm Gylis 40 cm Auk\u0161tis 122 cm Produkto svoris su pakuote 41,70 kg Gamintojo kodas \/ simbolis DT11 Kolekcijos pavadinimas DANTE Pavadinimas b2b sistemoje DANTE DT11 CREMONA \u0104\u017dUOLO T\/MATIN\u0116S \u017dALIOS SPINTEL\u0116S KOMPLEKTAS Produkto pakuo\u010di\u0173 skai\u010dius 5 Stilius Modernus \u012eranga Surinkimo instrukcijos \/ surinkimo priedai Surinkimas Savaranki\u0161kam surinkimui Korpuso spalva Cremona Torro Oak Korpuso med\u017eiaga \/ tipas \/ storis 16 mm bald\u0173 plok\u0161t\u0117 \/ Juostel\u0117 32 mm MDF bald\u0173 plok\u0161t\u0117 Korpuso vir\u0161utin\u0117 dalis \/ med\u017eiaga \/ tipas \/ storis 16 mm bald\u0173 plok\u0161t\u0117 Korpuso apatin\u0117 dalis \/ med\u017eiaga \/ tipas \/ storis 16 mm bald\u0173 plok\u0161t\u0117 Lentynos spalva Cremona Torro Oak Lentynos med\u017eiaga \/ tipas \/ storis 16 mm bald\u0173 plok\u0161t\u0117 Kar\u016bnuotos lentynos kiekis 2 Galin\u0117s sienel\u0117s med\u017eiaga \/ tipas \/ storis 2,5 mm HDF bald\u0173 plok\u0161t\u0117 Galin\u0117s sienel\u0117s dalies matoma spalva Artisan Oak Priekin\u0117 spalva Matin\u0117 \u017ealia Priekin\u0117 med\u017eiaga \/ tipas \/ storis 18 mm MDF bald\u0173 plok\u0161t\u0117 Priekinis vyris \u2300 35 mm reguliuojamas trijose plok\u0161tumose Priekin\u0117 rankena \/ apdaila \/ spalva Metalin\u0117 \/ Juoda arba auksin\u0117 \u0160velnaus u\u017edarymo dureli\u0173 sistema Standartin\u0117 Kojel\u0117 \/ apdaila \/ spalva Nereguliuojama \/ metalin\u0117 \/ juoda \u2013 auksin\u0117 Kojel\u0117s auk\u0161tis 118 mm Dureli\u0173 skai\u010dius 2 U\u017edar\u0173 ni\u0161\u0173 skai\u010dius 3<\/p>","protected":false},"excerpt":{"rendered":"<p>\u201eDante DT11\u201c spintel\u0117 \u2013 minimalistin\u0117 forma, maksimalus funkcionalumas. \u201eDante DT11\u201c \u2013 tai baldas, kuris patraukia d\u0117mes\u012f savo paprastumu, elegancija ir proporcijomis. Tai puikus pasirinkimas ie\u0161kantiems moderni\u0173 daikt\u0173 laikymo sprendim\u0173, kurie papildyt\u0173 \u0161iuolaikinio interjero estetik\u0105 \u2013 nuo lofto stiliaus, skandinavi\u0161ko iki klasikinio modernaus i\u0161d\u0117stymo. Dizainas [\u2026]<\/p>","protected":false},"featured_media":253469,"comment_status":"open","ping_status":"open","template":"","meta":[],"product_brand":[],"product_cat":[1173,2457],"product_tag":[],"class_list":{"0":"post-253468","1":"product","2":"type-product","3":"status-publish","4":"has-post-thumbnail","6":"product_cat-chests-of-drawers","7":"product_cat-liveo","9":"first","10":"instock","11":"purchasable","12":"product-type-simple"},"_links":{"self":[{"href":"https:\/\/baldumarket.lt\/lt\/wp-json\/wp\/v2\/product\/253468","targetHints":{"allow":["GET"]}}],"collection":[{"href":"https:\/\/baldumarket.lt\/lt\/wp-json\/wp\/v2\/product"}],"about":[{"href":"https:\/\/baldumarket.lt\/lt\/wp-json\/wp\/v2\/types\/product"}],"replies":[{"embeddable":true,"href":"https:\/\/baldumarket.lt\/lt\/wp-json\/wp\/v2\/comments?post=253468"}],"wp:featuredmedia":[{"embeddable":true,"href":"https:\/\/baldumarket.lt\/lt\/wp-json\/wp\/v2\/media\/253469"}],"wp:attachment":[{"href":"https:\/\/baldumarket.lt\/lt\/wp-json\/wp\/v2\/media?parent=253468"}],"wp:term":[{"taxonomy":"product_brand","embeddable":true,"href":"https:\/\/baldumarket.lt\/lt\/wp-json\/wp\/v2\/product_brand?post=253468"},{"taxonomy":"product_cat","embeddable":true,"href":"https:\/\/baldumarket.lt\/lt\/wp-json\/wp\/v2\/product_cat?post=253468"},{"taxonomy":"product_tag","embeddable":true,"href":"https:\/\/baldumarket.lt\/lt\/wp-json\/wp\/v2\/product_tag?post=253468"}],"curies":[{"name":"wp","href":"https:\/\/api.w.org\/{rel}","templated":true}]}}