{"id":253426,"date":"2026-01-10T22:14:14","date_gmt":"2026-01-10T19:14:14","guid":{"rendered":"https:\/\/baldumarket.lt\/product\/dante-dt10-komoda-2\/"},"modified":"2026-02-11T18:31:27","modified_gmt":"2026-02-11T15:31:27","slug":"dante-dt10-komoda-2","status":"publish","type":"product","link":"https:\/\/baldumarket.lt\/lt\/product\/dante-dt10-komoda-2\/","title":{"rendered":"DANTE DT10 komoda su stal\u010diais"},"content":{"rendered":"<p>\u201eDante DT10\u201c indauja \u2013 tobulas formos ir funkcijos balansas. Moderni DT10 indauja \u2013 puikus pasirinkimas tiems, kurie vertina eleganti\u0161k\u0105 dizain\u0105, auk\u0161t\u0105 meistri\u0161kumo kokyb\u0119 ir prakti\u0161kus daikt\u0173 laikymo sprendimus. Tai pla\u010diausias \u201eDante\u201c kolekcijos modelis, i\u0161siskiriantis simetri\u0161ku dizainu ir \u012fsp\u016bdinga talpa. Centrin\u0119 spintel\u0117s dal\u012f sudaro keturi plat\u016bs stal\u010diai, kuriuose galima laikyti tiek ma\u017eesnius aksesuarus, tiek didesnius drabu\u017ei\u0173 spintos daiktus ar nam\u0173 tekstil\u0119. Trij\u0173 dur\u0173 spintel\u0117s \u2013 viena kair\u0117je ir dvidur\u0117 de\u0161in\u0117je \u2013 yra i\u0161d\u0117stytos prakti\u0161komis lentynomis. Tai puiki vieta indams, knygoms, segtuvams, reikmenims ir kitiems didesniems daiktams. \u0160i indauja \u017eavi savo dizainu \u2013 matiniai fasadai, kuriuos galima \u012fsigyti penki\u0173 spalv\u0173, kartu su nat\u016bralaus \u0105\u017euolo korpusu sukuria eleganti\u0161k\u0105 ir nesenstan\u010di\u0105 visum\u0105. Auksin\u0117s arba juodos ranken\u0117l\u0117s ir metalin\u0117s kojel\u0117s juodos ir auksin\u0117s spalvos pabr\u0117\u017eia modern\u0173, lofto stiliaus baldo charakter\u012f, o papildoma centrin\u0117 koja u\u017etikrina stabilum\u0105 ir ilgaam\u017ei\u0161kum\u0105. \u201eDante DT10\u201c \u2013 erdv\u0117, stilius ir patogumas viename balde. \u0160i komoda ne tik sutvarkys j\u016bs\u0173 interjer\u0105, bet ir taps jo puo\u0161mena. Unikalios formos, universalios funkcijos \u2013 \u201eDante DT10\u201c yra baldas, kuris patenkins net reikliausi\u0173 vartotoj\u0173 l\u016bkes\u010dius.<\/p>\n<p>Plotis 185,5 cm Gylis 40 cm Auk\u0161tis 100 cm Produkto svoris su pakuote 72,00 kg Gamintojo kodas \/ simbolis DT10 Kolekcijos pavadinimas DANTE Pavadinimas b2b sistemoje DANTE DT10 CREMONA OAK T\/MATT KA\u0160MYRO KOMOD\u0172 RINKINYS Produkto pakuo\u010di\u0173 skai\u010dius 5 Stilius Modernus \u012eranga Surinkimo instrukcijos \/ surinkimo priedai Surinkimas Savaranki\u0161kam surinkimui Korpuso spalva Cremona Torro Oak Korpuso med\u017eiaga \/ tipas \/ storis 16 mm bald\u0173 plok\u0161t\u0117 \/ Juosta 32 mm MDF bald\u0173 plok\u0161t\u0117 Korpuso vir\u0161utin\u0117 dalis \/ tipas \/ storis 16 mm bald\u0173 plok\u0161t\u0117 Korpuso apatin\u0117 dalis \/ tipas \/ storis 16 mm bald\u0173 plok\u0161t\u0117 Lentynos spalva Cremona Torro Oak Lentynos med\u017eiaga \/ tipas \/ storis 16 mm bald\u0173 plok\u0161t\u0117 Lentyn\u0173 kiekis 1 Kar\u016bnin\u0117s lentynos kiekis 1 Galin\u0117s sienel\u0117s med\u017eiaga \/ tipas \/ storis HDF bald\u0173 plok\u0161t\u0117 2,5 mm Galin\u0117s sienel\u0117s matomos dalies spalva Artisan Oak Priekin\u0117 spalva Cashmere Matt Priekin\u0117s apdailos med\u017eiaga \/ tipas \/ storis 18 mm MDF bald\u0173 plok\u0161t\u0117 Priekinis vyris \u2300 35 mm, reguliuojamas trijose plok\u0161tumose Priekin\u0117 rankena \/ Apdaila \/ spalva Metalin\u0117 \/ Juoda arba auksin\u0117 \u0160velniai u\u017esidaranti dureli\u0173 sistema Standartin\u0117 \u0160velniai u\u017esidaranti stal\u010di\u0173 sistema Standartiniai Stal\u010di\u0173 b\u0117geliai Favorit Q2 Kojel\u0117 \/ apdaila \/ spalva Nereguliuojama \/ metalin\u0117 \/ juoda \u2013 auksin\u0117 Kojel\u0117s auk\u0161tis 118 mm Papildoma koja \/ apdaila \/ spalva Reguliuojama vidurin\u0117 dalis \/ metalin\u0117 \/ juoda Dureli\u0173 skai\u010dius 3 Stal\u010di\u0173 skai\u010dius 4 U\u017edar\u0173 ni\u0161\u0173 skai\u010dius 4<\/p>","protected":false},"excerpt":{"rendered":"<p>\u201eDante DT10\u201c indauja \u2013 tobulas formos ir funkcijos balansas. Moderni DT10 indauja yra puikus pasirinkimas tiems, kurie vertina eleganti\u0161k\u0105 dizain\u0105, auk\u0161tos kokyb\u0117s meistri\u0161kum\u0105 ir prakti\u0161kus daikt\u0173 laikymo sprendimus. Tai pla\u010diausias \u201eDante\u201c kolekcijos modelis, i\u0161siskiriantis simetri\u0161ku dizainu ir \u012fsp\u016bdinga talpa. Centrin\u0117 dalis [\u2026]<\/p>","protected":false},"featured_media":253427,"comment_status":"open","ping_status":"open","template":"","meta":[],"product_brand":[],"product_cat":[1173,2457],"product_tag":[],"class_list":{"0":"post-253426","1":"product","2":"type-product","3":"status-publish","4":"has-post-thumbnail","6":"product_cat-chests-of-drawers","7":"product_cat-liveo","9":"first","10":"instock","11":"purchasable","12":"product-type-simple"},"_links":{"self":[{"href":"https:\/\/baldumarket.lt\/lt\/wp-json\/wp\/v2\/product\/253426","targetHints":{"allow":["GET"]}}],"collection":[{"href":"https:\/\/baldumarket.lt\/lt\/wp-json\/wp\/v2\/product"}],"about":[{"href":"https:\/\/baldumarket.lt\/lt\/wp-json\/wp\/v2\/types\/product"}],"replies":[{"embeddable":true,"href":"https:\/\/baldumarket.lt\/lt\/wp-json\/wp\/v2\/comments?post=253426"}],"wp:featuredmedia":[{"embeddable":true,"href":"https:\/\/baldumarket.lt\/lt\/wp-json\/wp\/v2\/media\/253427"}],"wp:attachment":[{"href":"https:\/\/baldumarket.lt\/lt\/wp-json\/wp\/v2\/media?parent=253426"}],"wp:term":[{"taxonomy":"product_brand","embeddable":true,"href":"https:\/\/baldumarket.lt\/lt\/wp-json\/wp\/v2\/product_brand?post=253426"},{"taxonomy":"product_cat","embeddable":true,"href":"https:\/\/baldumarket.lt\/lt\/wp-json\/wp\/v2\/product_cat?post=253426"},{"taxonomy":"product_tag","embeddable":true,"href":"https:\/\/baldumarket.lt\/lt\/wp-json\/wp\/v2\/product_tag?post=253426"}],"curies":[{"name":"wp","href":"https:\/\/api.w.org\/{rel}","templated":true}]}}