{"id":253386,"date":"2026-01-10T22:13:50","date_gmt":"2026-01-10T19:13:50","guid":{"rendered":"https:\/\/baldumarket.lt\/product\/dante-dt09-komoda\/"},"modified":"2026-02-11T18:31:27","modified_gmt":"2026-02-11T15:31:27","slug":"dante-dt09-komoda","status":"publish","type":"product","link":"https:\/\/baldumarket.lt\/lt\/product\/dante-dt09-komoda\/","title":{"rendered":"DANTE DT09 KOMODA SU STAL\u010cIAIS"},"content":{"rendered":"<p>\u201eDante DT09\u201c indauja \u2013 proporcij\u0173, stiliaus ir talpos harmonija. \u0160is baldas puikiai tinka ie\u0161kantiems baldo, kuriame der\u0117t\u0173 elegancija, funkcionalumas ir i\u0161skirtinis d\u0117mesys detal\u0117ms. Sukurta modernioms erdv\u0117ms, kuriose stilius ir prakti\u0161kumas dera, indauja centre turi keturis simetri\u0161kai i\u0161d\u0117stytus stal\u010dius, u\u017etikrinan\u010dius greit\u0105 ir patogi\u0105 prieig\u0105 prie smulki\u0173 daikt\u0173, drabu\u017ei\u0173 ir dokument\u0173. Abiejose pus\u0117se yra rakinamos spintel\u0117s su lentynomis, idealiai tinkan\u010dios laikyti didesnius daiktus, tokius kaip knygos, stalo \u012frankiai, dekoratyvin\u0117s kolekcijos ar biuro reikmenys. Indauja estetik\u0105 sustiprina kontrastingas dizainas \u2013 matin\u0117s juodos spalvos fasadai, kuriuos galima \u012fsigyti penki\u0173 spalv\u0173, kartu su nat\u016bralaus med\u017eio atspalvio korpusu sukuria rafinuot\u0105, ta\u010diau universal\u0173 spalv\u0173 derin\u012f. Galima rinktis i\u0161 minimalistinio stiliaus auksini\u0173 arba juod\u0173 ranken\u0117li\u0173, o juodos ir auksin\u0117s spalvos metalin\u0117s kojel\u0117s u\u017ebaigia i\u0161vaizd\u0105, suteikdamos baldui subtilios elegancijos ir lengvumo. \u201eDante DT09\u201c indauja apibr\u0117\u017eia j\u016bs\u0173 interjero stili\u0173. Nesvarbu, ar teikiate pirmenyb\u0119 funkcionalumui, ar dizainui, DT09 komoda suteikia abu. Tai baldas, kuris ne tik sutvarko erdv\u0119, bet ir yra unikalus dekoratyvinis elementas.<\/p>\n<p>Plotis 164,5 cm Gylis 40 cm Auk\u0161tis 100 cm Produkto svoris su pakuote 65,95 kg Gamintojo kodas \/ simbolis DT09 Kolekcijos pavadinimas DANTE Pavadinimas b2b sistemoje DANTE DT09 CREMONA OAK T\/ANTHRACITE MATTE CHEST OF CHESTS COMPLET Produkto pakuo\u010di\u0173 skai\u010dius 5 Stilius Modernus \u012eranga Surinkimo instrukcijos \/ surinkimo priedai Surinkimas Savaranki\u0161kam surinkimui Korpuso spalva Cremona Torro Oak Korpuso med\u017eiaga \/ tipas \/ storis Bald\u0173 plok\u0161t\u0117 16 mm \/ Juostel\u0117 MDF bald\u0173 plok\u0161t\u0117 32 mm Korpuso vir\u0161utin\u0117s dalies med\u017eiaga \/ med\u017eiaga \/ tipas \/ storis Bald\u0173 plok\u0161t\u0117 16 mm Korpuso apa\u010dios med\u017eiagos \/ med\u017eiagos \/ tipo \/ storis Bald\u0173 plok\u0161t\u0117 16 mm Lentynos spalva Cremona Torro Oak Lentynos med\u017eiaga \/ tipas \/ storis Bald\u0173 plok\u0161t\u0117 16 mm Lentyn\u0173 kiekis 2 Galin\u0117s sienel\u0117s med\u017eiaga \/ tipas \/ storis Bald\u0173 plok\u0161t\u0117 2,5 mm HDF Galin\u0117s sienel\u0117s dalies matoma spalva Artisan Oak Priekin\u0117 spalva Matinis antracitas Priekin\u0117s apdailos med\u017eiaga \/ tipas \/ storis 18 mm MDF bald\u0173 plok\u0161t\u0117 Priekinis vyris \u2300 35 mm reguliuojamas trijose plok\u0161tumose Priekin\u0117 Rankena \/ apdaila \/ spalva Metalin\u0117 \/ Juoda arba auksin\u0117 \u0160velniai u\u017esidaranti dureli\u0173 sistema Standartin\u0117 \u0160velniai u\u017esidaranti stal\u010di\u0173 sistema Standartin\u0117s Stal\u010di\u0173 b\u0117gel\u0117s Favorit Q2 Kojel\u0117 \/ apdaila \/ spalva Nereguliuojama \/ metalin\u0117 \/ juoda \u2013 auksin\u0117 Kojel\u0117s auk\u0161tis 118 mm Papildoma koja \/ apdaila \/ spalva Reguliuojama vidurin\u0117 dalis \/ metalin\u0117 \/ juoda Dureli\u0173 skai\u010dius 2 Stal\u010di\u0173 skai\u010dius 4 U\u017edar\u0173 ni\u0161\u0173 skai\u010dius 4<\/p>","protected":false},"excerpt":{"rendered":"<p>\u201eDante DT09\u201c indauja \u2013 proporcij\u0173, stiliaus ir talpos harmonija. \u0160is baldas puikiai tinka ie\u0161kantiems baldo, kuriame der\u0117t\u0173 elegancija, funkcionalumas ir i\u0161skirtinis d\u0117mesys detal\u0117ms. Sukurta modernioms erdv\u0117ms, kur stilius ir prakti\u0161kumas dera tarpusavyje, indauja centre turi keturis simetri\u0161kai i\u0161d\u0117stytus stal\u010dius, kurie suteikia [\u2026]<\/p>","protected":false},"featured_media":253387,"comment_status":"open","ping_status":"open","template":"","meta":[],"product_brand":[],"product_cat":[1173,2457],"product_tag":[],"class_list":{"0":"post-253386","1":"product","2":"type-product","3":"status-publish","4":"has-post-thumbnail","6":"product_cat-chests-of-drawers","7":"product_cat-liveo","9":"first","10":"instock","11":"purchasable","12":"product-type-simple"},"_links":{"self":[{"href":"https:\/\/baldumarket.lt\/lt\/wp-json\/wp\/v2\/product\/253386","targetHints":{"allow":["GET"]}}],"collection":[{"href":"https:\/\/baldumarket.lt\/lt\/wp-json\/wp\/v2\/product"}],"about":[{"href":"https:\/\/baldumarket.lt\/lt\/wp-json\/wp\/v2\/types\/product"}],"replies":[{"embeddable":true,"href":"https:\/\/baldumarket.lt\/lt\/wp-json\/wp\/v2\/comments?post=253386"}],"wp:featuredmedia":[{"embeddable":true,"href":"https:\/\/baldumarket.lt\/lt\/wp-json\/wp\/v2\/media\/253387"}],"wp:attachment":[{"href":"https:\/\/baldumarket.lt\/lt\/wp-json\/wp\/v2\/media?parent=253386"}],"wp:term":[{"taxonomy":"product_brand","embeddable":true,"href":"https:\/\/baldumarket.lt\/lt\/wp-json\/wp\/v2\/product_brand?post=253386"},{"taxonomy":"product_cat","embeddable":true,"href":"https:\/\/baldumarket.lt\/lt\/wp-json\/wp\/v2\/product_cat?post=253386"},{"taxonomy":"product_tag","embeddable":true,"href":"https:\/\/baldumarket.lt\/lt\/wp-json\/wp\/v2\/product_tag?post=253386"}],"curies":[{"name":"wp","href":"https:\/\/api.w.org\/{rel}","templated":true}]}}