{"id":253358,"date":"2026-01-10T22:13:35","date_gmt":"2026-01-10T19:13:35","guid":{"rendered":"https:\/\/baldumarket.lt\/product\/dante-dt08-komoda-2\/"},"modified":"2026-02-11T18:31:28","modified_gmt":"2026-02-11T15:31:28","slug":"dante-dt08-komoda-2","status":"publish","type":"product","link":"https:\/\/baldumarket.lt\/lt\/product\/dante-dt08-komoda-2\/","title":{"rendered":"DANTE DT08 KOMODOS"},"content":{"rendered":"<p>\u201eDante DT08\u201c indauja \u2013 kompakti\u0161kas dizainas su eleganti\u0161ku akcentu. \u0160i stilinga indauja derina moderni\u0105 estetik\u0105 ir auk\u0161t\u0105 funkcionalum\u0105, idealiai tinka tiek ma\u017eesn\u0117ms, tiek didesn\u0117ms erdv\u0117ms. Kompakti\u0161ka forma slepia apgalvotus sprendimus, leid\u017eian\u010dius optimaliai i\u0161naudoti kiekvien\u0105 centimetr\u0105. De\u0161in\u0117je pus\u0117je keturi erdv\u016bs stal\u010diai suteikia lengv\u0105 prieig\u0105 prie kasdieni\u0173 daikt\u0173 \u2013 nuo dokument\u0173 ir tekstil\u0117s iki kasdieni\u0173 nieku\u010di\u0173. Kair\u0117je indauja pus\u0117je yra spintel\u0117 su erdvia lentyna, puikiai tinkan\u010dia laikyti didesnius daiktus, tokius kaip segtuvai, d\u0117\u017e\u0117s ar stalo \u012frankiai. Vizualiai baldas patraukia d\u0117mes\u012f kontrastinga spalv\u0173 gama \u2013 gil\u016bs, matiniai fasadai, kuriuos galima \u012fsigyti penki\u0173 spalv\u0173 variant\u0173, derinami su \u0161iltu nat\u016bralios medienos atspalviu, sukuriant subtil\u0173 r\u0117m\u0105. Lieknos auksin\u0117s arba juodos ranken\u0117l\u0117s ir modernios metalin\u0117s kojel\u0117s juodos ir auksin\u0117s spalvos apdailos suteikia elegancijos, suteikia konstrukcijai lengvumo ir pabr\u0117\u017eia jos lofto charakter\u012f. \u201eDante DT08\u201c komoda \u2013 kai svarbu stilius, funkcionalumas ir erdv\u0119 taupantis dizainas. \u0160is baldas puikiai der\u0117s prie bet kokio interjero, si\u016blydamas ne tik prakti\u0161k\u0105 daikt\u0173 laikym\u0105, bet ir unikali\u0105, ak\u012f traukian\u010di\u0105 estetik\u0105.<\/p>\n<p>Plotis 108,5 cm Gylis 40 cm Auk\u0161tis 100 cm Produkto svoris su pakuote 50,00 kg Gamintojo kodas \/ simbolis DT08 Kolekcijos pavadinimas DANTE Pavadinimas b2b sistemoje DANTE DT08 CREMONA OAK T\/CASHMERE MATTE CHEST OF CHESTS COMPLET Produkto pakuo\u010di\u0173 skai\u010dius 5 Stilius Modernus \u012eranga Surinkimo instrukcijos \/ surinkimo priedai Surinkimas Savaranki\u0161kam surinkimui Korpuso spalva Cremona Torro Oak Korpuso med\u017eiaga \/ tipas \/ storis Bald\u0173 plok\u0161t\u0117 16 mm \/ Juostel\u0117 MDF bald\u0173 plok\u0161t\u0117 32 mm Korpuso vir\u0161utin\u0117s dalies med\u017eiaga \/ med\u017eiaga \/ tipas \/ storis Bald\u0173 plok\u0161t\u0117 16 mm Korpuso apa\u010dios med\u017eiagos \/ med\u017eiagos \/ tipo \/ storis Bald\u0173 plok\u0161t\u0117 16 mm Lentynos spalva Cremona Torro Oak Lentynos med\u017eiaga \/ tipas \/ storis Bald\u0173 plok\u0161t\u0117 16 mm Lentyn\u0173 kiekis 1 Galin\u0117s sienel\u0117s med\u017eiaga \/ tipas \/ storis Bald\u0173 plok\u0161t\u0117 2,5 mm HDF Galin\u0117s sienel\u0117s dalies matoma spalva Artisan Oak Priekin\u0117 spalva Cashmere Matt Priekin\u0117s apdailos med\u017eiaga \/ tipas \/ storis 18 mm MDF bald\u0173 plok\u0161t\u0117 Priekinis vyris \u2300 35 mm reguliuojamas trijose plok\u0161tumose Priekin\u0117 rankena \/ Apdaila \/ spalva Metalin\u0117 \/ Juoda arba auksin\u0117 \u0160velniai u\u017esidaranti dureli\u0173 sistema Standartin\u0117 \u0160velniai u\u017esidaranti stal\u010di\u0173 sistema Standartin\u0117s Stal\u010di\u0173 b\u0117gel\u0117s Favorit Q2 Kojel\u0117 \/ apdaila \/ spalva Nereguliuojama \/ metalin\u0117 \/ juoda \u2013 auksin\u0117 Kojel\u0117s auk\u0161tis 118 mm Dureli\u0173 skai\u010dius 1 Stal\u010di\u0173 skai\u010dius 4 U\u017edar\u0173 ni\u0161\u0173 skai\u010dius 2<\/p>","protected":false},"excerpt":{"rendered":"<p>\u201eDante DT08\u201c indauja \u2013 kompakti\u0161kas dizainas su eleganti\u0161ku akcentu. \u0160i stilinga indauja derina moderni\u0105 estetik\u0105 ir auk\u0161t\u0105 funkcionalum\u0105, idealiai tinka tiek ma\u017eesn\u0117ms, tiek didesn\u0117ms erdv\u0117ms. Kompakti\u0161ka forma slepia apgalvotus sprendimus, leid\u017eian\u010dius optimaliai i\u0161naudoti kiekvien\u0105 centimetr\u0105. De\u0161in\u0117je pus\u0117je keturi erdv\u016bs stal\u010diai suteikia lengv\u0105 prieig\u0105 prie kasdieni\u0173 daikt\u0173 [\u2026]<\/p>","protected":false},"featured_media":253359,"comment_status":"open","ping_status":"open","template":"","meta":[],"product_brand":[],"product_cat":[1173,2457],"product_tag":[],"class_list":{"0":"post-253358","1":"product","2":"type-product","3":"status-publish","4":"has-post-thumbnail","6":"product_cat-chests-of-drawers","7":"product_cat-liveo","9":"first","10":"instock","11":"purchasable","12":"product-type-simple"},"_links":{"self":[{"href":"https:\/\/baldumarket.lt\/lt\/wp-json\/wp\/v2\/product\/253358","targetHints":{"allow":["GET"]}}],"collection":[{"href":"https:\/\/baldumarket.lt\/lt\/wp-json\/wp\/v2\/product"}],"about":[{"href":"https:\/\/baldumarket.lt\/lt\/wp-json\/wp\/v2\/types\/product"}],"replies":[{"embeddable":true,"href":"https:\/\/baldumarket.lt\/lt\/wp-json\/wp\/v2\/comments?post=253358"}],"wp:featuredmedia":[{"embeddable":true,"href":"https:\/\/baldumarket.lt\/lt\/wp-json\/wp\/v2\/media\/253359"}],"wp:attachment":[{"href":"https:\/\/baldumarket.lt\/lt\/wp-json\/wp\/v2\/media?parent=253358"}],"wp:term":[{"taxonomy":"product_brand","embeddable":true,"href":"https:\/\/baldumarket.lt\/lt\/wp-json\/wp\/v2\/product_brand?post=253358"},{"taxonomy":"product_cat","embeddable":true,"href":"https:\/\/baldumarket.lt\/lt\/wp-json\/wp\/v2\/product_cat?post=253358"},{"taxonomy":"product_tag","embeddable":true,"href":"https:\/\/baldumarket.lt\/lt\/wp-json\/wp\/v2\/product_tag?post=253358"}],"curies":[{"name":"wp","href":"https:\/\/api.w.org\/{rel}","templated":true}]}}