{"id":253337,"date":"2026-01-10T22:13:20","date_gmt":"2026-01-10T19:13:20","guid":{"rendered":"https:\/\/baldumarket.lt\/product\/dante-dt07-komoda-4\/"},"modified":"2026-02-11T18:31:28","modified_gmt":"2026-02-11T15:31:28","slug":"dante-dt07-komoda-4","status":"publish","type":"product","link":"https:\/\/baldumarket.lt\/lt\/product\/dante-dt07-komoda-4\/","title":{"rendered":"DANTE DT07 komoda su stal\u010diais"},"content":{"rendered":"<p>\u201eDante DT07\u201c indauja \u2013 erdv\u0117, dizainas ir rafinuotumas viename balde. Atraskite \u201eDante DT07\u201c indauja \u2013 sprendim\u0105, kuris patenkins net ir reikliausi\u0173 vartotoj\u0173 l\u016bkes\u010dius. \u0160is eleganti\u0161kas ir funkcionalus baldas yra modernaus dizaino kvintesencija, kur estetika dera su puikiu erdv\u0117s organizavimu. D\u0117l pla\u010dios konstrukcijos \u201eDT07\u201c indauja u\u017etikrina maksimali\u0105 talp\u0105. Joje yra trys erdv\u016bs stal\u010diai, i\u0161d\u0117styti centre, vien\u0173 dur\u0173 spintel\u0117 ir viena plati dviej\u0173 dur\u0173 spintel\u0117 de\u0161in\u0117je \u2013 kiekviena si\u016blo skirtingas vietos taupymo galimybes, tod\u0117l \u0161is modelis yra itin universalus. Tai puikus sprendimas tekstil\u0117s gaminiams, dokumentams, dekoratyviniams daiktams, stalo \u012frankiams ir buitinei technikai laikyti. Ji puikiai tiks svetain\u0117je, valgomajame, darbo kambaryje ar net erdviame miegamajame. Vizualiai indauja \u017eavi kontrastingu spalv\u0173 deriniu: matiniai fasadai, kuriuos galima \u012fsigyti penki\u0173 spalv\u0173, ir \u0161iltas nat\u016bralios medienos atspalvis, sudarantis baldo korpus\u0105. Visum\u0105 papildo auksin\u0117s arba juodos ranken\u0117l\u0117s ir metalin\u0117s kojel\u0117s, apdailintos eleganti\u0161ku juodos ir auksin\u0117s spalvos stiliumi, suteikian\u010dios baldui modernumo ir vizualinio lengvumo. Papildoma centrin\u0117 koja padidina stabilum\u0105, pabr\u0117\u017edama auk\u0161t\u0105 meistri\u0161kumo kokyb\u0119. Gaminio privalumai: Lofto ir minimalistinio stiliaus dizainas, idealiai tinka moderniam i\u0161d\u0117stymui, erdvus interjeras \u2013 6 atskiros daiktad\u0117\u017e\u0117s, stabili, tvirta konstrukcija su papildomais sutvirtinimais, kontrastinga apdaila: matin\u0117 juoda + nat\u016brali mediena + auksiniai akcentai, universalus panaudojimas \u2013 nuo svetaini\u0173 iki komercini\u0173 patalp\u0173, esteti\u0161kos, plonos ranken\u0117l\u0117s ir metalin\u0117s kojel\u0117s suteikia baldui lengvumo. \u201eDante DT07\u201c indauja \u2013 tai erdv\u0117, kurioje tvarka dera su presti\u017eu. Su \u0161ia indauja j\u016bs\u0173 interjeras \u012fgis ne tik funkcionalum\u0105, bet ir i\u0161skirtin\u012f charakter\u012f. \u0160is baldas ne tik sutvarko erdv\u0119 \u2013 jis j\u0105 apibr\u0117\u017eia.<\/p>\n<p>Plotis 185,5 cm Gylis 40 cm Auk\u0161tis 88 cm Produkto svoris su pakuote 64,25 kg Gamintojo kodas \/ simbolis DT07 Kolekcijos pavadinimas DANTE Pavadinimas b2b sistemoje DANTE DT07 CREMONA \u0104\u017dUOLAS T\/MATIN\u0116 PILKA KOMODOS KOMPLEKTAS Produkto pakuo\u010di\u0173 skai\u010dius 5 Stilius Modernus \u012eranga Surinkimo instrukcijos \/ surinkimo priedai Surinkimas Savaranki\u0161kam surinkimui Korpuso spalva Cremona Torro Oak Korpuso med\u017eiaga \/ tipas \/ storis 16 mm baldin\u0117 plok\u0161t\u0117 \/ Juostel\u0117 32 mm MDF baldin\u0117 plok\u0161t\u0117 Vir\u0161utinio korpuso med\u017eiaga \/ med\u017eiaga \/ tipas \/ storis 16 mm baldin\u0117 plok\u0161t\u0117 Apatinio korpuso med\u017eiaga \/ med\u017eiaga \/ tipas \/ storis 16 mm baldin\u0117 plok\u0161t\u0117 Lentynos spalva Cremona Torro Oak Lentynos med\u017eiaga \/ tipas \/ storis 16 mm baldin\u0117 plok\u0161t\u0117 Lentyn\u0173 kiekis 1 Kar\u016bnin\u0117s lentynos kiekis 1 Galin\u0117s sienel\u0117s med\u017eiaga \/ tipas \/ storis 2,5 mm HDF baldin\u0117 plok\u0161t\u0117 Galin\u0117s sienel\u0117s matomos dalies spalva Artisan Oak Priekin\u0117 spalva Matin\u0117 pilka Priekin\u0117s apdailos med\u017eiaga \/ tipas \/ storis 18 mm MDF baldin\u0117 plok\u0161t\u0117 Priekinis vyris \u2300 35 mm reguliuojamas trijose plok\u0161tumose Priekin\u0117 rankena \/ apdaila \/ spalva Metalin\u0117 \/ Juoda arba auksin\u0117 \u0160velniai u\u017esidaranti dureli\u0173 sistema Standartin\u0117 \u0160velniai u\u017esidaranti stal\u010di\u0173 sistema Standartin\u0117s Stal\u010di\u0173 b\u0117gel\u0117s Favorit Q2 Kojel\u0117 \/ apdaila \/ spalva Nereguliuojama \/ metalin\u0117 \/ juoda \u2013 auksin\u0117 Kojel\u0117s auk\u0161tis 118 mm Papildoma koja \/ apdaila \/ spalva Reguliuojama vidurin\u0117 dalis \/ metalin\u0117 \/ juoda Dureli\u0173 skai\u010dius 3 Stal\u010di\u0173 skai\u010dius 3 U\u017edar\u0173 ni\u0161\u0173 skai\u010dius 4<\/p>","protected":false},"excerpt":{"rendered":"<p>\u201eDante DT07\u201c indauja \u2013 erdv\u0117, dizainas ir rafinuotumas viename balde. Atraskite \u201eDante DT07\u201c indauja \u2013 sprendim\u0105, kuris pateisins net ir reikliausi\u0173 vartotoj\u0173 l\u016bkes\u010dius. \u0160is eleganti\u0161kas ir funkcionalus baldas yra modernaus dizaino kvintesencija, kur estetika dera su puikiu erdv\u0117s organizavimu. D\u0117l savo [\u2026]<\/p>","protected":false},"featured_media":253338,"comment_status":"open","ping_status":"open","template":"","meta":[],"product_brand":[],"product_cat":[1173,2457],"product_tag":[],"class_list":{"0":"post-253337","1":"product","2":"type-product","3":"status-publish","4":"has-post-thumbnail","6":"product_cat-chests-of-drawers","7":"product_cat-liveo","9":"first","10":"instock","11":"purchasable","12":"product-type-simple"},"_links":{"self":[{"href":"https:\/\/baldumarket.lt\/lt\/wp-json\/wp\/v2\/product\/253337","targetHints":{"allow":["GET"]}}],"collection":[{"href":"https:\/\/baldumarket.lt\/lt\/wp-json\/wp\/v2\/product"}],"about":[{"href":"https:\/\/baldumarket.lt\/lt\/wp-json\/wp\/v2\/types\/product"}],"replies":[{"embeddable":true,"href":"https:\/\/baldumarket.lt\/lt\/wp-json\/wp\/v2\/comments?post=253337"}],"wp:featuredmedia":[{"embeddable":true,"href":"https:\/\/baldumarket.lt\/lt\/wp-json\/wp\/v2\/media\/253338"}],"wp:attachment":[{"href":"https:\/\/baldumarket.lt\/lt\/wp-json\/wp\/v2\/media?parent=253337"}],"wp:term":[{"taxonomy":"product_brand","embeddable":true,"href":"https:\/\/baldumarket.lt\/lt\/wp-json\/wp\/v2\/product_brand?post=253337"},{"taxonomy":"product_cat","embeddable":true,"href":"https:\/\/baldumarket.lt\/lt\/wp-json\/wp\/v2\/product_cat?post=253337"},{"taxonomy":"product_tag","embeddable":true,"href":"https:\/\/baldumarket.lt\/lt\/wp-json\/wp\/v2\/product_tag?post=253337"}],"curies":[{"name":"wp","href":"https:\/\/api.w.org\/{rel}","templated":true}]}}