{"id":253295,"date":"2026-01-10T22:12:58","date_gmt":"2026-01-10T19:12:58","guid":{"rendered":"https:\/\/baldumarket.lt\/product\/dante-dt06-komoda-3\/"},"modified":"2026-02-11T18:31:29","modified_gmt":"2026-02-11T15:31:29","slug":"dante-dt06-komoda-3","status":"publish","type":"product","link":"https:\/\/baldumarket.lt\/lt\/product\/dante-dt06-komoda-3\/","title":{"rendered":"DANTE DT06 komoda su stal\u010diais"},"content":{"rendered":"<p>\u201eDante DT06\u201c indauja \u2013 tai stilingas modernaus dizaino ir prakti\u0161ko daikt\u0173 laikymo derinys. \u201eDante DT06\u201c \u2013 tai indauja, kuri \u017eavi gerai apgalvota konstrukcija, eleganti\u0161ka apdaila ir universaliu funkcionalumu. Ji sukurta tiems, kurie vertina modern\u0173 stili\u0173, naudojimo paprastum\u0105 ir auk\u0161t\u0105 estetin\u012f lyg\u012f. \u0160is baldas i\u0161siskiria simetri\u0161ku i\u0161d\u0117stymu \u2013 centrin\u0119 dal\u012f su trimis erdviais stal\u010diais supa dvi u\u017erakinamos spintel\u0117s, u\u017etikrinan\u010dios puik\u0173 erdv\u0117s organizavim\u0105. Tai puikus sprendimas tiek smulkiems aksesuarams, tiek didesniems daiktams, tokiems kaip dokumentai, stalo \u012frankiai ir tekstil\u0117, laikyti. Nat\u016bralios medienos spalvos korpusas kontrastuoja su matin\u0117s juodos spalvos fasadais, kurie yra penki\u0173 spalv\u0173 variant\u0173, sukurdami modern\u0173 ir eleganti\u0161k\u0105 derin\u012f. Auksin\u0117s arba juodos ranken\u0117l\u0117s ir lieknos metalin\u0117s kojel\u0117s suteikia baldui lengvumo ir prabangos, kartu u\u017etikrindamos jo stabilum\u0105. Papildoma centrin\u0117 koja padidina visos konstrukcijos patvarum\u0105. \u201eDante\u201c indauja \u2013 tobulas estetikos ir ergonomikos derinys. Sukurkite interjer\u0105, kuris d\u017eiugint\u0173 stiliumi ir funkcionalumu \u2013 rinkit\u0117s baldus, kurie atitiks j\u016bs\u0173 poreikius.<\/p>\n<p>Plotis 164,5 cm Gylis 40 cm Auk\u0161tis 88 cm Produkto svoris su pakuote 58,45 kg Gamintojo kodas \/ simbolis DT06 Kolekcijos pavadinimas DANTE Pavadinimas b2b sistemoje DANTE DT06 CREMONA \u0104\u017dUOLAS T\/MATIN\u0116 \u017dALIA KOMODOS KOMPLEKTAS Produkto pakuo\u010di\u0173 skai\u010dius 5 Stilius Moderni \u012franga Surinkimo instrukcijos \/ surinkimo priedai Surinkimas Savaranki\u0161kam surinkimui Korpuso spalva Cremona Torro \u0105\u017euolas Korpuso med\u017eiaga \/ tipas \/ storis 16 mm baldin\u0117 plok\u0161t\u0117 \/ Juostel\u0117 32 mm MDF baldin\u0117 plok\u0161t\u0117 Korpuso vir\u0161utin\u0117 dalis \/ tipas \/ storis 16 mm baldin\u0117 plok\u0161t\u0117 Korpuso apatin\u0117 dalis \/ tipas \/ storis 16 mm baldin\u0117 plok\u0161t\u0117 Lentynos spalva Cremona Torro \u0105\u017euolas Lentynos med\u017eiaga \/ tipas \/ storis 16 mm baldin\u0117 plok\u0161t\u0117 Lentyn\u0173 kiekis 2 Galin\u0117s sienel\u0117s med\u017eiaga \/ tipas \/ storis 2,5 mm HDF baldin\u0117 plok\u0161t\u0117 Matoma galin\u0117s sienel\u0117s dalis Spalva: Artisan \u0105\u017euolas Priekis: Matin\u0117 \u017ealia Priekis: Med\u017eiaga \/ tipas \/ storis: 18 mm MDF baldin\u0117 plok\u0161t\u0117 Priekin\u0117 vyrio dalis: \u2300 35 mm, reguliuojama trijose plok\u0161tumose Priekin\u0117 rankena: Apdaila \/ Apdaila \/ Spalva: Metalin\u0117 \/ Juoda arba auksin\u0117 \u0160velniai u\u017esidaran\u010di\u0173 dureli\u0173 sistema Standartin\u0117 \u0161velniai u\u017esidaran\u010di\u0173 stal\u010di\u0173 sistema Standartin\u0117 stal\u010di\u0173 b\u0117geliai: Favorit Q2 Koja \/ Apdaila \/ Spalva: Nereguliuojama \/ Metalin\u0117 \/ Juoda \u2013 auksin\u0117 Kojos auk\u0161tis: 118 mm Papildoma koja \/ Apdaila \/ Spalva: Reguliuojama per vidur\u012f \/ Metalin\u0117 \/ Juoda Dureli\u0173 skai\u010dius: 2 Stal\u010di\u0173 skai\u010dius: 3 U\u017edar\u0173 ni\u0161\u0173 skai\u010dius: 4<\/p>","protected":false},"excerpt":{"rendered":"<p>\u201eDante DT06\u201c indauja \u2013 tai stilingas modernaus dizaino ir prakti\u0161kos laikymo vietos derinys. \u201eDante DT06\u201c \u2013 tai indauja, kuri \u017eavi gerai apgalvota konstrukcija, eleganti\u0161ka apdaila ir universaliu funkcionalumu. Ji sukurta tiems, kurie vertina modern\u0173 stili\u0173, naudojimo paprastum\u0105 ir auk\u0161t\u0105 estetin\u012f detalum\u0105. \u0160is baldas i\u0161siskiria simetri\u0161ku i\u0161d\u0117stymu [\u2026]<\/p>","protected":false},"featured_media":253296,"comment_status":"open","ping_status":"open","template":"","meta":[],"product_brand":[],"product_cat":[1173,2457],"product_tag":[],"class_list":{"0":"post-253295","1":"product","2":"type-product","3":"status-publish","4":"has-post-thumbnail","6":"product_cat-chests-of-drawers","7":"product_cat-liveo","9":"first","10":"instock","11":"purchasable","12":"product-type-simple"},"_links":{"self":[{"href":"https:\/\/baldumarket.lt\/lt\/wp-json\/wp\/v2\/product\/253295","targetHints":{"allow":["GET"]}}],"collection":[{"href":"https:\/\/baldumarket.lt\/lt\/wp-json\/wp\/v2\/product"}],"about":[{"href":"https:\/\/baldumarket.lt\/lt\/wp-json\/wp\/v2\/types\/product"}],"replies":[{"embeddable":true,"href":"https:\/\/baldumarket.lt\/lt\/wp-json\/wp\/v2\/comments?post=253295"}],"wp:featuredmedia":[{"embeddable":true,"href":"https:\/\/baldumarket.lt\/lt\/wp-json\/wp\/v2\/media\/253296"}],"wp:attachment":[{"href":"https:\/\/baldumarket.lt\/lt\/wp-json\/wp\/v2\/media?parent=253295"}],"wp:term":[{"taxonomy":"product_brand","embeddable":true,"href":"https:\/\/baldumarket.lt\/lt\/wp-json\/wp\/v2\/product_brand?post=253295"},{"taxonomy":"product_cat","embeddable":true,"href":"https:\/\/baldumarket.lt\/lt\/wp-json\/wp\/v2\/product_cat?post=253295"},{"taxonomy":"product_tag","embeddable":true,"href":"https:\/\/baldumarket.lt\/lt\/wp-json\/wp\/v2\/product_tag?post=253295"}],"curies":[{"name":"wp","href":"https:\/\/api.w.org\/{rel}","templated":true}]}}