{"id":253247,"date":"2026-01-10T22:12:32","date_gmt":"2026-01-10T19:12:32","guid":{"rendered":"https:\/\/baldumarket.lt\/product\/dante-dt05-komoda\/"},"modified":"2026-02-11T18:31:29","modified_gmt":"2026-02-11T15:31:29","slug":"dante-dt05-komoda","status":"publish","type":"product","link":"https:\/\/baldumarket.lt\/lt\/product\/dante-dt05-komoda\/","title":{"rendered":"DANTE DT05 komoda su stal\u010diais"},"content":{"rendered":"<p>\u201eDante DT05\u201c indauja \u2013 meistri\u0161kas stiliaus ir funkcionalumo balansas. \u201eDante DT05\u201c \u2013 tai unikali indauja, kurioje dera minimalistinis dizainas, tvirta gamyba ir didel\u0117 talpa. Eleganti\u0161ka forma, i\u0161rai\u0161kingos spalvos ir gerai apgalvotas i\u0161d\u0117stymas paver\u010dia j\u0105 ne tik prakti\u0161ku baldu, bet ir stilingu bet kokio modernaus interjero papildymu. \u0160e\u0161i plat\u016bs, simetri\u0161kai i\u0161d\u0117styti stal\u010diai suteikia puiki\u0105 viet\u0105 drabu\u017eiams, dokumentams, aksesuarams ir tekstil\u0117s gaminiams laikyti. Tai puikus pasirinkimas tiek miegamajam, tiek svetainei, tiek biurui. Matiniai stal\u010di\u0173 fasadai, kuriuos galima \u012fsigyti penki\u0173 spalv\u0173, kontrastuoja su \u0161iltu, nat\u016braliu mediniu korpusu, sukurdami ry\u0161ki\u0105, ta\u010diau sant\u016bri\u0105 kompozicij\u0105. Lieknos auksin\u0117s arba juodos ranken\u0117l\u0117s ir metalin\u0117s kojel\u0117s su juoda ir auksine apdaila suteikia bendram dizainui elegancijos ir vizualinio lengvumo. Centre \u012fmontuota papildoma koja sustiprina konstrukcij\u0105, u\u017etikrindama stabilum\u0105 net ir esant dideliam naudojimui. \u201eDT05\u201c indauja \u2013 tai erdv\u0117, kuri organizuoja ir \u012fkvepia. Sukurkite interjer\u0105, kuris atspind\u0117t\u0173 j\u016bs\u0173 stili\u0173, su baldais, kurie derina estetik\u0105 ir prakti\u0161kum\u0105.<\/p>\n<p>Plotis 164,5 cm Gylis 40 cm Auk\u0161tis 88 cm Produkto svoris su pakuote 65,35 kg Gamintojo kodas \/ simbolis DT05 Kolekcijos pavadinimas DANTE Pavadinimas b2b sistemoje DANTE DT05 CREMONA \u0104\u017dUOLAS T\/ANTHRACITE MATT KOMOD\u0172 KOMOD\u0172 RINKINYS Produkto pakuo\u010di\u0173 skai\u010dius 5 Stilius Modernus \u012eranga Surinkimo instrukcijos \/ surinkimo priedai Surinkimas Savaranki\u0161kam surinkimui Korpuso spalva Cremona Torro Oak Korpuso med\u017eiaga \/ tipas \/ storis 16 mm bald\u0173 plok\u0161t\u0117 \/ Juosta 32 mm MDF bald\u0173 plok\u0161t\u0117 Korpuso vir\u0161utin\u0117 dalis \/ tipas \/ storis 16 mm bald\u0173 plok\u0161t\u0117 Korpuso apatin\u0117 dalis \/ tipas \/ storis 16 mm bald\u0173 plok\u0161t\u0117 Galin\u0117s sienel\u0117s med\u017eiaga \/ tipas \/ storis 2,5 mm HDF bald\u0173 plok\u0161t\u0117 Priekin\u0117 spalva Antracito matin\u0117 Priekin\u0117 med\u017eiaga \/ tipas \/ storis 18 mm MDF bald\u0173 plok\u0161t\u0117 Priekin\u0117 rankena \/ med\u017eiaga \/ spalva \/ storis Metalin\u0117 \/ Juoda arba auksin\u0117 Sistema \u0160velniai u\u017esidarantys stal\u010diai Standartiniai Stal\u010di\u0173 b\u0117geliai Favorit Q2 Kojel\u0117 \/ apdaila \/ spalva Nereguliuojama \/ metalin\u0117 \/ juoda \u2013 auksin\u0117 Kojel\u0117s auk\u0161tis 118 mm Papildoma koja \/ apdaila \/ spalva Reguliuojama vidurin\u0117 \/ metalas \/ juodas stal\u010di\u0173 skai\u010dius: 6<\/p>","protected":false},"excerpt":{"rendered":"<p>\u201eDante DT05\u201c indauja \u2013 meistri\u0161kas stiliaus ir funkcionalumo balansas. \u201eDante DT05\u201c \u2013 tai unikali indauja, kurioje dera minimalistinis dizainas, tvirta gamyba ir didel\u0117 talpa. Eleganti\u0161ka forma, i\u0161rai\u0161kingos spalvos ir gerai apgalvotas i\u0161d\u0117stymas paver\u010dia j\u0105 ne tik prakti\u0161ku baldu, bet ir stilingu bet kokio modernaus interjero papildymu. \u0160e\u0161ios pla\u010dios, simetri\u0161kai [\u2026]<\/p>","protected":false},"featured_media":253122,"comment_status":"open","ping_status":"open","template":"","meta":[],"product_brand":[],"product_cat":[1173,2457],"product_tag":[],"class_list":{"0":"post-253247","1":"product","2":"type-product","3":"status-publish","4":"has-post-thumbnail","6":"product_cat-chests-of-drawers","7":"product_cat-liveo","9":"first","10":"instock","11":"purchasable","12":"product-type-simple"},"_links":{"self":[{"href":"https:\/\/baldumarket.lt\/lt\/wp-json\/wp\/v2\/product\/253247","targetHints":{"allow":["GET"]}}],"collection":[{"href":"https:\/\/baldumarket.lt\/lt\/wp-json\/wp\/v2\/product"}],"about":[{"href":"https:\/\/baldumarket.lt\/lt\/wp-json\/wp\/v2\/types\/product"}],"replies":[{"embeddable":true,"href":"https:\/\/baldumarket.lt\/lt\/wp-json\/wp\/v2\/comments?post=253247"}],"wp:featuredmedia":[{"embeddable":true,"href":"https:\/\/baldumarket.lt\/lt\/wp-json\/wp\/v2\/media\/253122"}],"wp:attachment":[{"href":"https:\/\/baldumarket.lt\/lt\/wp-json\/wp\/v2\/media?parent=253247"}],"wp:term":[{"taxonomy":"product_brand","embeddable":true,"href":"https:\/\/baldumarket.lt\/lt\/wp-json\/wp\/v2\/product_brand?post=253247"},{"taxonomy":"product_cat","embeddable":true,"href":"https:\/\/baldumarket.lt\/lt\/wp-json\/wp\/v2\/product_cat?post=253247"},{"taxonomy":"product_tag","embeddable":true,"href":"https:\/\/baldumarket.lt\/lt\/wp-json\/wp\/v2\/product_tag?post=253247"}],"curies":[{"name":"wp","href":"https:\/\/api.w.org\/{rel}","templated":true}]}}