{"id":253241,"date":"2026-01-10T22:12:28","date_gmt":"2026-01-10T19:12:28","guid":{"rendered":"https:\/\/baldumarket.lt\/product\/dante-dt04-komoda-5\/"},"modified":"2026-02-11T18:31:29","modified_gmt":"2026-02-11T15:31:29","slug":"dante-dt04-komoda-5","status":"publish","type":"product","link":"https:\/\/baldumarket.lt\/lt\/product\/dante-dt04-komoda-5\/","title":{"rendered":"DANTE DT04 komoda su stal\u010diais"},"content":{"rendered":"<p>\u201eDante DT04\u201c indauja pasi\u017eymi modernia simetrija ir elegancija funkcionalioje formoje. \u012ene\u0161kite nauj\u0105 dimensij\u0105 \u012f savo interjer\u0105 su \u201eDante DT04\u201c indauja \u2013 baldu, kuris derina modern\u0173 stili\u0173 su maksimaliu prakti\u0161kumu. \u0160is dizaineri\u0173 sukurtas modelis puikiai tinka tiems, kurie vertina subalansuotas proporcijas, auk\u0161tos kokyb\u0117s meistri\u0161kum\u0105 ir nesenstan\u010di\u0105 i\u0161vaizd\u0105. Matiniai fasadai, si\u016blomi penki\u0173 spalv\u0173 variant\u0173, ir \u0161e\u0161i tolygiai i\u0161d\u0117styti stal\u010diai sukuria eleganti\u0161k\u0105 vizualin\u012f ritm\u0105, kur\u012f pabr\u0117\u017eia auksin\u0117s arba juodos rankenos ir subtili apdaila. Nat\u016bralaus med\u017eio korpusas suteikia \u0161ilumos ir kontrasto, sukurdamas unikali\u0105 kompozicij\u0105, kuri papildo tiek lofto, tiek skandinavi\u0161k\u0105, tiek modern\u0173 interjer\u0105. \u0160e\u0161i erdv\u016bs stal\u010diai suteikia \u012fsp\u016bding\u0105 talp\u0105 daiktams susid\u0117ti \u2013 idealus sprendimas miegamajam, svetainei, drabu\u017einei ar net moderniam biurui. D\u0117l kruop\u0161\u010diai suprojektuotos konstrukcijos kiekvienas stal\u010dius veikia skland\u017eiai ir tyliai, u\u017etikrindamas kasdienio naudojimo komfort\u0105. Kompakti\u0161ka \u201eDante\u201c indauja puikiai tinka tiek erdviose, tiek ma\u017eesn\u0117se erdv\u0117se, si\u016blydama funkcionalum\u0105 neaukodama stiliaus. Komoda DT04 \u2013 tai stilius, kuris organizuoja erdv\u0119. Rinkit\u0117s rafinuot\u0105 estetik\u0105, kuri dera su paprastu naudojimu.<\/p>\n<p>Plotis 140,5 cm Gylis 40 cm Auk\u0161tis 88 cm Produkto svoris su pakuote 58,75 kg Gamintojo kodas \/ simbolis DT04 Kolekcijos pavadinimas DANTE Pavadinimas b2b sistemoje DANTE DT04 CREMONA \u0104\u017dUOLAS T\/MATIN\u0116 BALTA KOMODOS KOMPLEKTAS Produkto pakuo\u010di\u0173 skai\u010dius 5 Stilius Modernus \u012eranga Surinkimo instrukcijos \/ surinkimo priedai Surinkimas Savaranki\u0161kam surinkimui Korpuso spalva Cremona Torro Oak Korpuso med\u017eiaga \/ tipas \/ storis 16 mm baldin\u0117 plok\u0161t\u0117 \/ Juostel\u0117 32 mm MDF baldin\u0117 plok\u0161t\u0117 Korpuso vir\u0161utin\u0117s dalies \/ tipas \/ storis 16 mm baldin\u0117 plok\u0161t\u0117 Korpuso apatin\u0117s dalies \/ tipas \/ storis 16 mm baldin\u0117 plok\u0161t\u0117 Galin\u0117s sienel\u0117s med\u017eiaga \/ tipas \/ storis 2,5 mm HDF baldin\u0117 plok\u0161t\u0117 Priekin\u0117 spalva Matin\u0117 balta Priekin\u0117 med\u017eiaga \/ tipas \/ storis 18 mm MDF baldin\u0117 plok\u0161t\u0117 Priekin\u0117 rankena \/ med\u017eiaga \/ spalva \/ spalva Metalin\u0117 \/ Juoda arba auksin\u0117 Tyli sistema Stal\u010di\u0173 u\u017edarymo mechanizmas Standartinis Stal\u010di\u0173 b\u0117geliai Favorit Q2 Kojel\u0117 \/ apdaila \/ spalva Nereguliuojama \/ metalin\u0117 \/ juoda \u2013 auksin\u0117 Kojel\u0117s auk\u0161tis 118 mm Stal\u010di\u0173 skai\u010dius 6<\/p>","protected":false},"excerpt":{"rendered":"<p>\u201eDante DT04\u201c indauja pasi\u017eymi modernia simetrija ir elegancija funkcionalioje formoje. \u012ene\u0161kite nauj\u0105 dimensij\u0105 \u012f savo interjer\u0105 su \u201eDante DT04\u201c indauja \u2013 baldu, kuriame derinamas modernus stilius ir maksimalus prakti\u0161kumas. \u0160is dizainerio modelis puikiai tinka tiems, kurie vertina subalansuotas proporcijas, auk\u0161tos kokyb\u0117s meistri\u0161kum\u0105 ir nesenstant\u012f vaizd\u0105. Matinis [\u2026]<\/p>","protected":false},"featured_media":253216,"comment_status":"open","ping_status":"open","template":"","meta":[],"product_brand":[],"product_cat":[1173,2457],"product_tag":[],"class_list":{"0":"post-253241","1":"product","2":"type-product","3":"status-publish","4":"has-post-thumbnail","6":"product_cat-chests-of-drawers","7":"product_cat-liveo","9":"first","10":"instock","11":"purchasable","12":"product-type-simple"},"_links":{"self":[{"href":"https:\/\/baldumarket.lt\/lt\/wp-json\/wp\/v2\/product\/253241","targetHints":{"allow":["GET"]}}],"collection":[{"href":"https:\/\/baldumarket.lt\/lt\/wp-json\/wp\/v2\/product"}],"about":[{"href":"https:\/\/baldumarket.lt\/lt\/wp-json\/wp\/v2\/types\/product"}],"replies":[{"embeddable":true,"href":"https:\/\/baldumarket.lt\/lt\/wp-json\/wp\/v2\/comments?post=253241"}],"wp:featuredmedia":[{"embeddable":true,"href":"https:\/\/baldumarket.lt\/lt\/wp-json\/wp\/v2\/media\/253216"}],"wp:attachment":[{"href":"https:\/\/baldumarket.lt\/lt\/wp-json\/wp\/v2\/media?parent=253241"}],"wp:term":[{"taxonomy":"product_brand","embeddable":true,"href":"https:\/\/baldumarket.lt\/lt\/wp-json\/wp\/v2\/product_brand?post=253241"},{"taxonomy":"product_cat","embeddable":true,"href":"https:\/\/baldumarket.lt\/lt\/wp-json\/wp\/v2\/product_cat?post=253241"},{"taxonomy":"product_tag","embeddable":true,"href":"https:\/\/baldumarket.lt\/lt\/wp-json\/wp\/v2\/product_tag?post=253241"}],"curies":[{"name":"wp","href":"https:\/\/api.w.org\/{rel}","templated":true}]}}