{"id":253193,"date":"2026-01-10T22:12:00","date_gmt":"2026-01-10T19:12:00","guid":{"rendered":"https:\/\/baldumarket.lt\/product\/dante-dt03-komoda-3\/"},"modified":"2026-02-11T18:31:30","modified_gmt":"2026-02-11T15:31:30","slug":"dante-dt03-komoda-3","status":"publish","type":"product","link":"https:\/\/baldumarket.lt\/lt\/product\/dante-dt03-komoda-3\/","title":{"rendered":"DANTE DT03 KOMODA SU STAL\u010cIAIS"},"content":{"rendered":"<p>\u201eDante DT03\u201c indauja \u2013 rafinuotas stilius ir prakti\u0161kumas viename. Atraskite i\u0161skirtin\u0119 elegancijos ir funkcionalumo harmonij\u0105 su \u201eDT03\u201c indauja \u2013 baldu, sukurtu galvojant apie modern\u0173, stiling\u0105 interjer\u0105. Tai daugiau nei baldas \u2013 tai gero skonio i\u0161rai\u0161ka, suteikianti bet kuriai erdvei unikalumo. Indauja \u017eavi kruop\u0161\u010diai parinktu med\u017eiag\u0173 ir spalv\u0173 deriniu. Matiniai fasadai, kuriuos galima rinktis i\u0161 penki\u0173 spalv\u0173, dera su \u0161iltu nat\u016bralios medienos atspalviu, sukurdami darni\u0105 ir moderni\u0105 kompozicij\u0105. Auksin\u0117s ir juodos detal\u0117s \u2013 liekn\u0173 ranken\u0117li\u0173 ir subtili\u0173 kojeli\u0173 apdailos pavidalu \u2013 suteikia prabangos, pabr\u0117\u017eia eleganti\u0161k\u0105 form\u0105 be pernelyg i\u0161laidaus dizaino. Sukurta galvojant apie kasdien\u012f komfort\u0105, sukurti trys erdv\u016bs stal\u010diai ir erdvi spintel\u0117 su durel\u0117mis. Tai puiki vieta laikyti dokumentus, tekstil\u0119, aksesuarus ar stalo \u012frankius \u2013 viskas i\u0161lieka tvarkinga ir lengvai pasiekiama. Tvirta konstrukcija ir auk\u0161tos kokyb\u0117s med\u017eiagos garantuoja patvarum\u0105 ir atsparum\u0105 kasdieniam naudojimui. \u201eDante\u201c indauja puikiai tiks modernioje svetain\u0117je, miegamajame, valgomajame arba eleganti\u0161kame biure ar darbo kambaryje. D\u0117l universalaus, ta\u010diau dr\u0105saus dizaino ji tinka \u012fvairiems interjerams \u2013 nuo minimalistinio iki industrinio. \u201eDante DT03\u201c indauja \u2013 kai svarbus dizainas, kokyb\u0117 ir funkcionalumas. Sukurkite \u012fkvepian\u010di\u0105 erdv\u0119 su baldu, kuris d\u017eiugina savo forma ir prakti\u0161kumu.<\/p>\n<p>Plotis 108,5 cm Gylis 40 cm Auk\u0161tis 88 cm Produkto svoris su pakuote 43,80 kg Gamintojo kodas \/ simbolis DT03 Kolekcijos pavadinimas DANTE Pavadinimas b2b sistemoje DANTE DT03 CREMONA \u0104\u017dUOLAS T\/MATIN\u0116 \u017dALIA KOMOD\u0172 RINKINYS Produkto pakuo\u010di\u0173 skai\u010dius 5 Stilius Moderni \u012franga Surinkimo instrukcijos \/ surinkimo priedai Surinkimas Savaranki\u0161kam surinkimui Korpuso spalva Cremona Torro \u0105\u017euolas Korpuso med\u017eiaga \/ tipas \/ storis 16 mm bald\u0173 plok\u0161t\u0117 \/ Juosta 32 mm MDF bald\u0173 plok\u0161t\u0117 Korpuso vir\u0161utin\u0117 dalis \/ tipas \/ storis 16 mm bald\u0173 plok\u0161t\u0117 Korpuso apatin\u0117 dalis \/ tipas \/ storis 16 mm bald\u0173 plok\u0161t\u0117 Lentynos spalva Cremona Torro \u0105\u017euolas Lentynos med\u017eiaga \/ tipas \/ storis 16 mm bald\u0173 plok\u0161t\u0117 Lentyn\u0173 kiekis 1 Galin\u0117s sienel\u0117s med\u017eiaga \/ tipas \/ storis 2,5 mm HDF bald\u0173 plok\u0161t\u0117 Matoma galin\u0117s sienel\u0117s dalis Spalva: Artisan \u0105\u017euolas Priekin\u0117 spalva: Matin\u0117 \u017ealia Priekin\u0117 apdaila: med\u017eiaga \/ tipas \/ storis: 18 mm MDF bald\u0173 plok\u0161t\u0117 Priekinis vyris: \u2300 35 mm, reguliuojamas trijose plok\u0161tumose Priekin\u0117 rankena \/ apdaila \/ Spalva: Metalin\u0117 \/ Juoda arba auksin\u0117 \u0160velniai u\u017esidaranti dureli\u0173 sistema Standartin\u0117 \u0160velniai u\u017esidaranti stal\u010di\u0173 sistema Standartin\u0117 Stal\u010di\u0173 b\u0117geliai: Favorit Q2 Kojel\u0117 \/ apdaila \/ spalva: Nereguliuojama \/ metalin\u0117 \/ juoda \u2013 auksin\u0117 Kojel\u0117s auk\u0161tis: 118 mm Dureli\u0173 skai\u010dius: 1 Stal\u010di\u0173 skai\u010dius: 3 U\u017edar\u0173 ni\u0161\u0173 skai\u010dius: 2<\/p>","protected":false},"excerpt":{"rendered":"<p>\u201eDante DT03\u201c indauja \u2013 rafinuotas stilius ir prakti\u0161kumas viename. Atraskite i\u0161skirtin\u0119 elegancijos ir funkcionalumo harmonij\u0105 su \u201eDT03\u201c indauja \u2013 baldu, sukurtu galvojant apie modern\u0173, stiling\u0105 interjer\u0105. Tai daugiau nei baldas \u2013 tai gero skonio i\u0161rai\u0161ka, suteikianti unikal\u0173 charakter\u012f bet kokiam [\u2026]<\/p>","protected":false},"featured_media":253194,"comment_status":"open","ping_status":"open","template":"","meta":[],"product_brand":[],"product_cat":[1173,2457],"product_tag":[],"class_list":{"0":"post-253193","1":"product","2":"type-product","3":"status-publish","4":"has-post-thumbnail","6":"product_cat-chests-of-drawers","7":"product_cat-liveo","9":"first","10":"instock","11":"purchasable","12":"product-type-simple"},"_links":{"self":[{"href":"https:\/\/baldumarket.lt\/lt\/wp-json\/wp\/v2\/product\/253193","targetHints":{"allow":["GET"]}}],"collection":[{"href":"https:\/\/baldumarket.lt\/lt\/wp-json\/wp\/v2\/product"}],"about":[{"href":"https:\/\/baldumarket.lt\/lt\/wp-json\/wp\/v2\/types\/product"}],"replies":[{"embeddable":true,"href":"https:\/\/baldumarket.lt\/lt\/wp-json\/wp\/v2\/comments?post=253193"}],"wp:featuredmedia":[{"embeddable":true,"href":"https:\/\/baldumarket.lt\/lt\/wp-json\/wp\/v2\/media\/253194"}],"wp:attachment":[{"href":"https:\/\/baldumarket.lt\/lt\/wp-json\/wp\/v2\/media?parent=253193"}],"wp:term":[{"taxonomy":"product_brand","embeddable":true,"href":"https:\/\/baldumarket.lt\/lt\/wp-json\/wp\/v2\/product_brand?post=253193"},{"taxonomy":"product_cat","embeddable":true,"href":"https:\/\/baldumarket.lt\/lt\/wp-json\/wp\/v2\/product_cat?post=253193"},{"taxonomy":"product_tag","embeddable":true,"href":"https:\/\/baldumarket.lt\/lt\/wp-json\/wp\/v2\/product_tag?post=253193"}],"curies":[{"name":"wp","href":"https:\/\/api.w.org\/{rel}","templated":true}]}}