{"id":253153,"date":"2026-01-10T22:11:40","date_gmt":"2026-01-10T19:11:40","guid":{"rendered":"https:\/\/baldumarket.lt\/product\/dante-dt02-rtv-3\/"},"modified":"2026-02-11T18:31:31","modified_gmt":"2026-02-11T15:31:31","slug":"dante-dt02-rtv-3","status":"publish","type":"product","link":"https:\/\/baldumarket.lt\/lt\/product\/dante-dt02-rtv-3\/","title":{"rendered":"DANTE DT02 RTV"},"content":{"rendered":"<p>\u201eDante DT02\u201c televizoriaus staliukas \u2013 moderni forma, nesenstantis stilius. Jus su\u017eav\u0117s \u0161io DT02 televizoriaus staliuko elegancija ir funkcionalumas, kuris puikiai derina paprast\u0105 form\u0105 su rafinuotomis detal\u0117mis. Pailgas dizainas idealiai tinka kaip stilingas televizoriaus staliukas. Penki\u0173 spalv\u0173 grioveli\u0173 fasad\u0173 ir nat\u016bralaus \u0105\u017euolo atspalvio, medien\u0105 imituojan\u010dio korpuso derinys sukuria modernios prabangos estetik\u0105. Auksin\u0117s arba juodos ranken\u0117l\u0117s ir subtili kojeli\u0173 apdaila papildo dizain\u0105, suteikdama baldui eleganti\u0161k\u0105 charakter\u012f. Skiriamieji bruo\u017eai: keturi\u0173 dureli\u0173 spintel\u0117s ir du centriniai stal\u010diai \u2013 puikiai tinka daiktams laikyti, grioveliai fasadai \u2013 dizainerio detal\u0117, pabr\u0117\u017eianti baldo charakter\u012f, stabilios metalin\u0117s kojel\u0117s su dekoratyviniais aukso antgaliais, stilingos auksin\u0117s arba juodos ranken\u0117l\u0117s \u2013 auk\u0161\u010diausios kokyb\u0117s akcentas. Puikiai tinka: moderniam ir pramoniniam interjerui, svetainei kaip televizoriaus staliukas. \u201eDante DT02\u201c televizoriaus spintel\u0117 yra ne tik baldas \u2013 tai interjero dekoracija, kurioje derinamas modernus dizainas ir kasdienis prakti\u0161kumas.<\/p>\n<p>Plotis 185,5 cm Gylis 40 cm Auk\u0161tis 61 cm Produkto svoris su pakuote 44,25 kg Gamintojo kodas \/ simbolis DT02 Kolekcijos pavadinimas DANTE Pavadinimas b2b sistemoje DANTE DT02 CREMONA \u0104\u017dUOLAS T\/MATIN\u0116 \u017dALIA RTV KPL Produkto pakuo\u010di\u0173 skai\u010dius 5 Stilius Moderni \u012franga Surinkimo instrukcijos \/ surinkimo priedai Surinkimas Savaranki\u0161kam surinkimui Korpuso spalva Cremona Torro \u0105\u017euolas Korpuso med\u017eiaga \/ tipas \/ storis 16 mm bald\u0173 plok\u0161t\u0117 \/ Juosta 32 mm MDF bald\u0173 plok\u0161t\u0117 Vir\u0161utinio korpuso med\u017eiaga \/ tipas \/ storis 16 mm bald\u0173 plok\u0161t\u0117 Apatinio korpuso med\u017eiaga \/ tipas \/ storis 16 mm bald\u0173 plok\u0161t\u0117 Galin\u0117s sienel\u0117s med\u017eiaga \/ tipas \/ storis 2,5 mm HDF bald\u0173 plok\u0161t\u0117 Matomos galin\u0117s sienel\u0117s dalies spalva Artisan \u0105\u017euolas Priekin\u0117 spalva Matin\u0117 \u017ealia Priekin\u0117 med\u017eiaga \/ tipas \/ storis 18 mm MDF bald\u0173 plok\u0161t\u0117 Vyris Priekinis \u2300 35 mm reguliuojamas trijose plok\u0161tumose Priekin\u0117 rankena \/ apdaila \/ spalva Metalin\u0117 \/ Juoda arba auksin\u0117 \u0160velniai u\u017esidaranti dur\u0173 sistema Standartin\u0117 \u0160velniai u\u017esidaranti stal\u010di\u0173 sistema Standartin\u0117 Stal\u010di\u0173 b\u0117geliai Favorit Q2 Kojel\u0117 \/ apdaila \/ spalva Nereguliuojama \/ metalas \/ juoda \u2013 auksin\u0117 Kojel\u0117s auk\u0161tis 118 mm Papildoma koja \/ apdaila \/ spalva Reguliuojamas vidurinis auk\u0161tis \/ metalas \/ juoda Dureli\u0173 skai\u010dius 3 Stal\u010di\u0173 skai\u010dius 2 U\u017edar\u0173 ni\u0161\u0173 skai\u010dius 2<\/p>","protected":false},"excerpt":{"rendered":"<p>\u201eDante DT02\u201c televizoriaus staliukas \u2013 moderni forma, nesenstantis stilius. Jus su\u017eav\u0117s DT02 televizoriaus staliuko elegancija ir funkcionalumas, kuris puikiai derina paprast\u0105 form\u0105 su rafinuotomis detal\u0117mis. Pailgas dizainas idealiai tinka kaip stilingas televizoriaus staliukas. Grioveli\u0173 fasad\u0173, penki\u0173 spalv\u0173, ir med\u017eio imitacijos korpuso derinys [\u2026]<\/p>","protected":false},"featured_media":253154,"comment_status":"open","ping_status":"open","template":"","meta":[],"product_brand":[],"product_cat":[2457,1175],"product_tag":[],"class_list":{"0":"post-253153","1":"product","2":"type-product","3":"status-publish","4":"has-post-thumbnail","6":"product_cat-liveo","7":"product_cat-tv-stands","9":"first","10":"instock","11":"purchasable","12":"product-type-simple"},"_links":{"self":[{"href":"https:\/\/baldumarket.lt\/lt\/wp-json\/wp\/v2\/product\/253153","targetHints":{"allow":["GET"]}}],"collection":[{"href":"https:\/\/baldumarket.lt\/lt\/wp-json\/wp\/v2\/product"}],"about":[{"href":"https:\/\/baldumarket.lt\/lt\/wp-json\/wp\/v2\/types\/product"}],"replies":[{"embeddable":true,"href":"https:\/\/baldumarket.lt\/lt\/wp-json\/wp\/v2\/comments?post=253153"}],"wp:featuredmedia":[{"embeddable":true,"href":"https:\/\/baldumarket.lt\/lt\/wp-json\/wp\/v2\/media\/253154"}],"wp:attachment":[{"href":"https:\/\/baldumarket.lt\/lt\/wp-json\/wp\/v2\/media?parent=253153"}],"wp:term":[{"taxonomy":"product_brand","embeddable":true,"href":"https:\/\/baldumarket.lt\/lt\/wp-json\/wp\/v2\/product_brand?post=253153"},{"taxonomy":"product_cat","embeddable":true,"href":"https:\/\/baldumarket.lt\/lt\/wp-json\/wp\/v2\/product_cat?post=253153"},{"taxonomy":"product_tag","embeddable":true,"href":"https:\/\/baldumarket.lt\/lt\/wp-json\/wp\/v2\/product_tag?post=253153"}],"curies":[{"name":"wp","href":"https:\/\/api.w.org\/{rel}","templated":true}]}}