{"id":253131,"date":"2026-01-10T22:11:26","date_gmt":"2026-01-10T19:11:26","guid":{"rendered":"https:\/\/baldumarket.lt\/product\/dante-dt01-rtv-5\/"},"modified":"2026-02-11T18:31:31","modified_gmt":"2026-02-11T15:31:31","slug":"dante-dt01-rtv-5","status":"publish","type":"product","link":"https:\/\/baldumarket.lt\/lt\/product\/dante-dt01-rtv-5\/","title":{"rendered":"DANTE DT01 RTV"},"content":{"rendered":"<p>\u201eDante DT01\u201c televizoriaus spintel\u0117 \u2013 elegancija moderniu b\u016bdu. Su \u201eDante DT01\u201c spintele \u012fne\u0161kite stiliaus ir funkcionalumo harmonijos \u012f savo interjer\u0105. \u0160is baldas d\u017eiugina ne tik savo dizainu, bet ir prakti\u0161kumu. Nat\u016bralaus \u0105\u017euolo dekoro ir matini\u0173, grioveli\u0173 fasad\u0173 derinys, kur\u012f galima rinktis i\u0161 penki\u0173 spalv\u0173 variant\u0173, sukuria unikal\u0173 kontrast\u0105 \u2013 subtil\u0173, ta\u010diau i\u0161rai\u0161king\u0105. Auksin\u0117s arba juodos ranken\u0117l\u0117s ir detal\u0117s ant kojeli\u0173 suteikia bendram dizainui elegancijos ir lengvumo, puikiai dera prie modernaus, lofto ir skandinavi\u0161ko interjero atmosferos. Gaminio savyb\u0117s: 4 erdvios spintel\u0117s ir 2 funkcional\u016bs stal\u010diai \u2013 idealiai tinka dokumentams, tekstilei ar stalo \u012frankiams; grioveliai su vertikaliu ra\u0161tu \u2013 dizainerio akcentas, patraukiantis ak\u012f; tvirta konstrukcija ant metalini\u0173 kojeli\u0173 su auksine apdaila \u2013 stabilumas ir stilius viename; ergonomi\u0161kos, auksin\u0117s ranken\u0117l\u0117s \u2013 patogumas naudoti ir prabangi i\u0161vaizda. Puikiai tinka svetainei kaip televizoriaus spintel\u0117. Rinkit\u0117s kokyb\u0119 ir stili\u0173, kurie pakeis erdv\u0119. \u201eDT01\u201c televizoriaus spintel\u0117 \u2013 puikus pasirinkimas \u017emon\u0117ms, kurie vertina modern\u0173 dizain\u0105 su klasikin\u0117s elegancijos prisilietimu.<\/p>\n<p>Plotis 164,5 cm Gylis 40 cm Auk\u0161tis 61 cm Produkto svoris su pakuote 40,30 kg Gamintojo kodas \/ simbolis DT01 Kolekcijos pavadinimas DANTE Pavadinimas b2b sistemoje DANTE DT01 CREMONA \u0104\u017dUOLAS T\/MATIN\u0116 BALTA RTV KPL Produkto pakuo\u010di\u0173 skai\u010dius 5 Stilius Moderni \u012franga Surinkimo instrukcijos \/ surinkimo priedai Surinkimas Savaranki\u0161kam surinkimui Korpuso spalva Cremona Torro \u0105\u017euolas Korpuso med\u017eiaga \/ tipas \/ storis 16 mm bald\u0173 plok\u0161t\u0117 \/ Juostel\u0117 32 mm MDF bald\u0173 plok\u0161t\u0117 Vir\u0161utinio korpuso med\u017eiaga \/ tipas \/ storis 16 mm bald\u0173 plok\u0161t\u0117 Apatinio korpuso med\u017eiaga \/ tipas \/ storis 16 mm bald\u0173 plok\u0161t\u0117 Galin\u0117s sienel\u0117s med\u017eiaga \/ tipas \/ storis 2,5 mm HDF bald\u0173 plok\u0161t\u0117 Matomos galin\u0117s sienel\u0117s dalies spalva Artisan \u0105\u017euolas Priekin\u0117 spalva Matin\u0117 balta Priekin\u0117 med\u017eiaga \/ tipas \/ storis 18 mm MDF bald\u0173 plok\u0161t\u0117 Vyris Priekinis \u2300 35 mm reguliuojamas trijose plok\u0161tumose Priekin\u0117 rankena \/ apdaila \/ spalva Metalin\u0117 \/ Juoda arba auksin\u0117 \u0160velniai u\u017esidaranti dur\u0173 sistema Standartin\u0117 \u0160velniai u\u017esidaranti stal\u010di\u0173 sistema Standartin\u0117 Stal\u010di\u0173 b\u0117geliai Favorit Q2 Kojel\u0117 \/ apdaila \/ spalva Nereguliuojama \/ metalas \/ juoda \u2013 auksin\u0117 Kojel\u0117s auk\u0161tis 118 mm Papildoma koja \/ apdaila \/ spalva Reguliuojamas vidurinis auk\u0161tis \/ metalas \/ juoda Dureli\u0173 skai\u010dius 2 Stal\u010di\u0173 skai\u010dius 2 U\u017edar\u0173 ni\u0161\u0173 skai\u010dius 2<\/p>","protected":false},"excerpt":{"rendered":"<p>\u201eDante DT01\u201c televizoriaus spintel\u0117 \u2013 elegancija moderniu b\u016bdu. Su \u201eDante DT01\u201c spintele \u012fne\u0161kite \u012f savo interjer\u0105 stiliaus ir funkcionalumo harmonijos. \u0160is baldas d\u017eiugina ne tik savo dizainu, bet ir prakti\u0161kumu. Nat\u016bralaus \u0105\u017euolo dekoro ir matini\u0173, grioveli\u0173 fasad\u0173 derinys penki\u0173 spalv\u0173 variantuose [\u2026]<\/p>","protected":false},"featured_media":253130,"comment_status":"open","ping_status":"open","template":"","meta":[],"product_brand":[],"product_cat":[2457,1175],"product_tag":[],"class_list":{"0":"post-253131","1":"product","2":"type-product","3":"status-publish","4":"has-post-thumbnail","6":"product_cat-liveo","7":"product_cat-tv-stands","9":"first","10":"instock","11":"purchasable","12":"product-type-simple"},"_links":{"self":[{"href":"https:\/\/baldumarket.lt\/lt\/wp-json\/wp\/v2\/product\/253131","targetHints":{"allow":["GET"]}}],"collection":[{"href":"https:\/\/baldumarket.lt\/lt\/wp-json\/wp\/v2\/product"}],"about":[{"href":"https:\/\/baldumarket.lt\/lt\/wp-json\/wp\/v2\/types\/product"}],"replies":[{"embeddable":true,"href":"https:\/\/baldumarket.lt\/lt\/wp-json\/wp\/v2\/comments?post=253131"}],"wp:featuredmedia":[{"embeddable":true,"href":"https:\/\/baldumarket.lt\/lt\/wp-json\/wp\/v2\/media\/253130"}],"wp:attachment":[{"href":"https:\/\/baldumarket.lt\/lt\/wp-json\/wp\/v2\/media?parent=253131"}],"wp:term":[{"taxonomy":"product_brand","embeddable":true,"href":"https:\/\/baldumarket.lt\/lt\/wp-json\/wp\/v2\/product_brand?post=253131"},{"taxonomy":"product_cat","embeddable":true,"href":"https:\/\/baldumarket.lt\/lt\/wp-json\/wp\/v2\/product_cat?post=253131"},{"taxonomy":"product_tag","embeddable":true,"href":"https:\/\/baldumarket.lt\/lt\/wp-json\/wp\/v2\/product_tag?post=253131"}],"curies":[{"name":"wp","href":"https:\/\/api.w.org\/{rel}","templated":true}]}}