{"id":253093,"date":"2026-01-10T22:11:00","date_gmt":"2026-01-10T19:11:00","guid":{"rendered":"https:\/\/baldumarket.lt\/product\/cu02-cokol-uniwersalny-2-szt\/"},"modified":"2026-02-11T18:31:31","modified_gmt":"2026-02-11T15:31:31","slug":"cu02-cokol-uniwersalny-2-szt","status":"publish","type":"product","link":"https:\/\/baldumarket.lt\/lt\/product\/cu02-cokol-uniwersalny-2-szt\/","title":{"rendered":"CU02 UNIVERSALUS PLINTAS 2 VNT"},"content":{"rendered":"<p>Ilgis 54 cm Gylis 1,6 cm Auk\u0161tis 10 cm Gaminio svoris su pakuote 1,30 kg Gamintojo kodas \/ simbolis CU02 Gaminio pakuo\u010di\u0173 skai\u010dius 1 \u012eranga Surinkimo instrukcijos \/ surinkimo priedai Surinkimas Savaranki\u0161kam surinkimui Galimos cokolio spalvos balta, ka\u0161myro, kremonos \u0105\u017euolo, meni\u0161ko \u0105\u017euolo, auksinio amatinio \u0105\u017euolo, \u0161viesaus grafito Korpuso med\u017eiaga \/ tipas \/ storis 16 mm baldin\u0117 plok\u0161t\u0117<\/p>","protected":false},"excerpt":{"rendered":"<p>Ilgis 54 cm Gylis 1,6 cm Auk\u0161tis 10 cm Gaminio svoris su pakuote 1,30 kg Gamintojo kodas \/ simbolis CU02 Gaminio pakuo\u010di\u0173 skai\u010dius 1 \u012eranga Surinkimo instrukcijos \/ surinkimo priedai Surinkimas Savaranki\u0161kam surinkimui Galimos cokolio spalvos balta, ka\u0161myro, kremonos \u0105\u017euolo, artisan \u0105\u017euolo, auksinio amatinio \u0105\u017euolo, \u0161viesaus grafito Korpuso med\u017eiaga \/ tipas \/ storis [\u2026]<\/p>","protected":false},"featured_media":253090,"comment_status":"open","ping_status":"open","template":"","meta":[],"product_brand":[],"product_cat":[1043,2457],"product_tag":[],"class_list":{"0":"post-253093","1":"product","2":"type-product","3":"status-publish","4":"has-post-thumbnail","6":"product_cat-extras","7":"product_cat-liveo","9":"first","10":"instock","11":"purchasable","12":"product-type-simple"},"_links":{"self":[{"href":"https:\/\/baldumarket.lt\/lt\/wp-json\/wp\/v2\/product\/253093","targetHints":{"allow":["GET"]}}],"collection":[{"href":"https:\/\/baldumarket.lt\/lt\/wp-json\/wp\/v2\/product"}],"about":[{"href":"https:\/\/baldumarket.lt\/lt\/wp-json\/wp\/v2\/types\/product"}],"replies":[{"embeddable":true,"href":"https:\/\/baldumarket.lt\/lt\/wp-json\/wp\/v2\/comments?post=253093"}],"wp:featuredmedia":[{"embeddable":true,"href":"https:\/\/baldumarket.lt\/lt\/wp-json\/wp\/v2\/media\/253090"}],"wp:attachment":[{"href":"https:\/\/baldumarket.lt\/lt\/wp-json\/wp\/v2\/media?parent=253093"}],"wp:term":[{"taxonomy":"product_brand","embeddable":true,"href":"https:\/\/baldumarket.lt\/lt\/wp-json\/wp\/v2\/product_brand?post=253093"},{"taxonomy":"product_cat","embeddable":true,"href":"https:\/\/baldumarket.lt\/lt\/wp-json\/wp\/v2\/product_cat?post=253093"},{"taxonomy":"product_tag","embeddable":true,"href":"https:\/\/baldumarket.lt\/lt\/wp-json\/wp\/v2\/product_tag?post=253093"}],"curies":[{"name":"wp","href":"https:\/\/api.w.org\/{rel}","templated":true}]}}