{"id":253083,"date":"2026-01-10T22:10:52","date_gmt":"2026-01-10T19:10:52","guid":{"rendered":"https:\/\/baldumarket.lt\/product\/colin-cn17-stol-rozkladany\/"},"modified":"2026-02-11T18:31:32","modified_gmt":"2026-02-11T15:31:32","slug":"colin-cn17-stol-rozkladany","status":"publish","type":"product","link":"https:\/\/baldumarket.lt\/lt\/product\/colin-cn17-stol-rozkladany\/","title":{"rendered":"COLIN CN17 I\u0160PL\u0116STAMAS STALAS"},"content":{"rendered":"<p>Paprasto ir modernaus dizaino i\u0161skleid\u017eiamas stalas i\u0161 COLIN CN17 kolekcijos puikiai tinka valgomajam, virtuvei ar svetainei. Du 33 cm plo\u010dio prailginimai leid\u017eia greitai padidinti stalo ilg\u012f nuo 112 iki 178 cm. Stalas pakeis kambar\u012f, sukurdamas erdv\u0119 tiek kasdieniams patiekalams, tiek ypatingiems susib\u016brimams su \u0161eima ir draugais. Derinkite stal\u0105 su tos pa\u010dios kolekcijos baldais, kad sukurtum\u0117te unikal\u0173 stili\u0173.<\/p>\n<p>I\u0161traukiama TAIP \u012ed\u0117kl\u0173 skai\u010dius 2 Plotis 90 cm Ilgis 112 cm 1 ilgis po i\u0161skleidimo 145 cm 2 ilgis po i\u0161skleidimo 178 cm Auk\u0161tis 76 cm Produkto svoris su pakuote 47,00 kg Gamintojo kodas \/ simbolis CN17 Kolekcijos pavadinimas COLIN Pavadinimas b2b sistemoje COLIN CN17 NAGANO \u0104\u017dUOLO\/BALTASIS STALAS KPL Produkto pakuo\u010di\u0173 skai\u010dius 2 Stilius UNIVERSAL \u012eranga Surinkimo instrukcijos \/ surinkimo priedai Surinkimas Savaranki\u0161kam surinkimui Spalva Nagano \u0105\u017euolas Stalvir\u0161io med\u017eiaga \/ tipas \/ storis 22 mm baldin\u0117 lenta R\u0117mo med\u017eiaga \/ tipas \/ storis 16 mm baldin\u0117 lenta Kojeli\u0173 med\u017eiaga \/ tipas \/ storis 16 mm baldin\u0117 lenta Kojel\u0117 \/ med\u017eiaga \/ spalva Nereguliuojama \/ Bald\u0173 b\u0117geliai \/ plastikas \/ Juoda<\/p>","protected":false},"excerpt":{"rendered":"<p>I\u0161skleid\u017eiamas stalas i\u0161 COLIN CN17 kolekcijos, pasi\u017eymintis paprastu ir moderniu dizainu, puikiai tinka valgomajam, virtuvei ar svetainei. Du prailginimai, kuri\u0173 kiekvienas yra 33 cm plo\u010dio, leid\u017eia greitai padidinti stalo plot\u0105 nuo 112 iki 178 cm. Stalas pakeis kambar\u012f, sukurdamas erdv\u0119 tiek kasdieniam naudojimui [\u2026]<\/p>","protected":false},"featured_media":253037,"comment_status":"open","ping_status":"open","template":"","meta":[],"product_brand":[],"product_cat":[2457,1934],"product_tag":[],"class_list":{"0":"post-253083","1":"product","2":"type-product","3":"status-publish","4":"has-post-thumbnail","6":"product_cat-liveo","7":"product_cat-tables","9":"first","10":"instock","11":"purchasable","12":"product-type-simple"},"_links":{"self":[{"href":"https:\/\/baldumarket.lt\/lt\/wp-json\/wp\/v2\/product\/253083","targetHints":{"allow":["GET"]}}],"collection":[{"href":"https:\/\/baldumarket.lt\/lt\/wp-json\/wp\/v2\/product"}],"about":[{"href":"https:\/\/baldumarket.lt\/lt\/wp-json\/wp\/v2\/types\/product"}],"replies":[{"embeddable":true,"href":"https:\/\/baldumarket.lt\/lt\/wp-json\/wp\/v2\/comments?post=253083"}],"wp:featuredmedia":[{"embeddable":true,"href":"https:\/\/baldumarket.lt\/lt\/wp-json\/wp\/v2\/media\/253037"}],"wp:attachment":[{"href":"https:\/\/baldumarket.lt\/lt\/wp-json\/wp\/v2\/media?parent=253083"}],"wp:term":[{"taxonomy":"product_brand","embeddable":true,"href":"https:\/\/baldumarket.lt\/lt\/wp-json\/wp\/v2\/product_brand?post=253083"},{"taxonomy":"product_cat","embeddable":true,"href":"https:\/\/baldumarket.lt\/lt\/wp-json\/wp\/v2\/product_cat?post=253083"},{"taxonomy":"product_tag","embeddable":true,"href":"https:\/\/baldumarket.lt\/lt\/wp-json\/wp\/v2\/product_tag?post=253083"}],"curies":[{"name":"wp","href":"https:\/\/api.w.org\/{rel}","templated":true}]}}