{"id":253080,"date":"2026-01-10T22:10:46","date_gmt":"2026-01-10T19:10:46","guid":{"rendered":"https:\/\/baldumarket.lt\/product\/colin-cn16-lawa-rozkladana\/"},"modified":"2026-02-11T18:31:32","modified_gmt":"2026-02-11T15:31:32","slug":"colin-cn16-lawa-rozkladana","status":"publish","type":"product","link":"https:\/\/baldumarket.lt\/lt\/product\/colin-cn16-lawa-rozkladana\/","title":{"rendered":"COLIN CN16 SULANKSTOMAS SUOLAS"},"content":{"rendered":"<p>I\u0161traukiamas kavos staliukas COLIN CN16 sukurs unikali\u0105 erdv\u0119 j\u016bs\u0173 poilsio zonoje. D\u0117l i\u0161traukiamos funkcijos jis tinka tiek kasdieniam naudojimui, tiek didesniems susib\u016brimams ir \u0161vent\u0117ms. Stalvir\u0161is yra 64 cm plo\u010dio ir i\u0161siple\u010dia nuo 114 cm iki 144 cm ilgio, tod\u0117l tinka tiek ma\u017eiems, tiek dideliems kampeliams. Tradicines kojas pakeit\u0117 stilinga, eleganti\u0161ka kolona. Derinkite kavos staliuk\u0105 su tos pa\u010dios kolekcijos baldais, kad sukurtum\u0117te unikal\u0173 stili\u0173.<\/p>\n<p>I\u0161traukiama TAIP \u012ed\u0117kl\u0173 skai\u010dius 1 Plotis 68 cm Ilgis 114 cm Ilgis po i\u0161skleidimo 144 cm Auk\u0161tis 51,5 cm Produkto svoris su pakuote 35,00 kg Gamintojo kodas \/ simbolis CN16 Kolekcijos pavadinimas COLIN Pavadinimas b2b sistemoje COLIN CN16 NAGANO \u0104\u017dUOLO\/BALTO KAVOS STALIUKO KOMPLEKTAS Produkto pakuo\u010di\u0173 skai\u010dius 1 Stilius UNIVERSAL \u012eranga Surinkimo instrukcijos \/ surinkimo priedai Surinkimas Savaranki\u0161kam surinkimui Spalvos Alpi\u0173 balta \/ Nagano \u0105\u017euolas Stalvir\u0161io med\u017eiaga \/ tipas \/ storis 22 mm baldin\u0117 lenta R\u0117mo med\u017eiaga \/ tipas \/ storis 16 mm baldin\u0117 lenta Kolonos med\u017eiaga \/ tipas \/ storis 16 mm baldin\u0117 lenta Kolonos pagrindo med\u017eiaga \/ tipas \/ storis 22 mm baldin\u0117 lenta Kojel\u0117 \/ med\u017eiaga \/ spalva Nereguliuojama \/ Bald\u0173 b\u0117geliai \/ plastikas \/ Juoda<\/p>","protected":false},"excerpt":{"rendered":"<p>I\u0161traukiamas kavos staliukas COLIN CN16 sukurs unikali\u0105 erdv\u0119 j\u016bs\u0173 poilsio zonoje. D\u0117l i\u0161traukiamos funkcijos jis tinka tiek kasdieniam naudojimui, tiek didesniems susib\u016brimams ir \u0161vent\u0117ms. Stalvir\u0161is yra 64 cm plo\u010dio ir i\u0161siple\u010dia nuo 114 cm iki 144 cm, tod\u0117l tinka tiek ma\u017eiems, tiek dideliems kampeliams. [\u2026]<\/p>","protected":false},"featured_media":253044,"comment_status":"open","ping_status":"open","template":"","meta":[],"product_brand":[],"product_cat":[866,2457],"product_tag":[],"class_list":{"0":"post-253080","1":"product","2":"type-product","3":"status-publish","4":"has-post-thumbnail","6":"product_cat-coffee-tables","7":"product_cat-liveo","9":"first","10":"instock","11":"purchasable","12":"product-type-simple"},"_links":{"self":[{"href":"https:\/\/baldumarket.lt\/lt\/wp-json\/wp\/v2\/product\/253080","targetHints":{"allow":["GET"]}}],"collection":[{"href":"https:\/\/baldumarket.lt\/lt\/wp-json\/wp\/v2\/product"}],"about":[{"href":"https:\/\/baldumarket.lt\/lt\/wp-json\/wp\/v2\/types\/product"}],"replies":[{"embeddable":true,"href":"https:\/\/baldumarket.lt\/lt\/wp-json\/wp\/v2\/comments?post=253080"}],"wp:featuredmedia":[{"embeddable":true,"href":"https:\/\/baldumarket.lt\/lt\/wp-json\/wp\/v2\/media\/253044"}],"wp:attachment":[{"href":"https:\/\/baldumarket.lt\/lt\/wp-json\/wp\/v2\/media?parent=253080"}],"wp:term":[{"taxonomy":"product_brand","embeddable":true,"href":"https:\/\/baldumarket.lt\/lt\/wp-json\/wp\/v2\/product_brand?post=253080"},{"taxonomy":"product_cat","embeddable":true,"href":"https:\/\/baldumarket.lt\/lt\/wp-json\/wp\/v2\/product_cat?post=253080"},{"taxonomy":"product_tag","embeddable":true,"href":"https:\/\/baldumarket.lt\/lt\/wp-json\/wp\/v2\/product_tag?post=253080"}],"curies":[{"name":"wp","href":"https:\/\/api.w.org\/{rel}","templated":true}]}}