{"id":253078,"date":"2026-01-10T22:10:43","date_gmt":"2026-01-10T19:10:43","guid":{"rendered":"https:\/\/baldumarket.lt\/product\/colin-cn14-polka-wiszaca\/"},"modified":"2026-02-11T18:31:32","modified_gmt":"2026-02-11T15:31:32","slug":"colin-cn14-polka-wiszaca","status":"publish","type":"product","link":"https:\/\/baldumarket.lt\/lt\/product\/colin-cn14-polka-wiszaca\/","title":{"rendered":"COLIN CN14 PAKABINAME LENTYNA"},"content":{"rendered":"<p>Pakabinama lentyna COLIN CN14 yra baldas, skirtas svetainei arba valgomajam. Ant jos galima laikyti knygas, dekoracijas ir nuotraukas. Ji gali b\u016bti \u012fkomponuota tiek \u012f modern\u0173, tiek \u012f klasikin\u012f interjer\u0105. Lentyn\u0105 galima derinti su kitais kolekcijos baldais, ta\u010diau ji taip pat puikiai tinka kaip atskiras baldas, prisitaikantis prie j\u016bs\u0173 kambario dekoro.<\/p>\n<p>Plotis 153,5 cm Gylis 23,5 cm Auk\u0161tis 22 cm Produkto svoris su pakuote 10,00 kg Gamintojo kodas \/ simbolis CN14 Kolekcijos pavadinimas COLIN Pavadinimas b2b sistemoje COLIN CN14 NAGANO \u0104\u017dUOLO\/BALTA LENTYN\u0172 KOMPLEKTAS Produkto pakuo\u010di\u0173 skai\u010dius 1 Stilius Modernus \u012eranga Surinkimo instrukcijos \/ surinkimo priedai Surinkimas Savaranki\u0161kam surinkimui Spalvos Alpi\u0173 balta \/ Nagano \u0105\u017euolas Korpuso med\u017eiaga \/ tipas \/ storis 16 mm bald\u0173 plok\u0161t\u0117 Korpuso vir\u0161utin\u0117s dalies med\u017eiaga \/ tipas \/ storis 22 mm bald\u0173 plok\u0161t\u0117 Korpuso \u012franga Reguliuojami bald\u0173 pakabos<\/p>","protected":false},"excerpt":{"rendered":"<p>Pakabinama lentyna COLIN CN14 yra baldas, skirtas svetainei arba valgomajam. Ji gali b\u016bti naudojama knygoms, dekoracijoms ir nuotraukoms eksponuoti. Ji gali b\u016bti \u012fkomponuota tiek \u012f modern\u0173, tiek \u012f klasikin\u012f interjer\u0105. Lentyn\u0105 galima derinti su kitais kolekcijos baldais, ta\u010diau ji taip pat puikiai tinka kaip [\u2026]<\/p>","protected":false},"featured_media":253054,"comment_status":"open","ping_status":"open","template":"","meta":[],"product_brand":[],"product_cat":[1174,2457],"product_tag":[],"class_list":{"0":"post-253078","1":"product","2":"type-product","3":"status-publish","4":"has-post-thumbnail","6":"product_cat-hanging-shelves","7":"product_cat-liveo","9":"first","10":"instock","11":"purchasable","12":"product-type-simple"},"_links":{"self":[{"href":"https:\/\/baldumarket.lt\/lt\/wp-json\/wp\/v2\/product\/253078","targetHints":{"allow":["GET"]}}],"collection":[{"href":"https:\/\/baldumarket.lt\/lt\/wp-json\/wp\/v2\/product"}],"about":[{"href":"https:\/\/baldumarket.lt\/lt\/wp-json\/wp\/v2\/types\/product"}],"replies":[{"embeddable":true,"href":"https:\/\/baldumarket.lt\/lt\/wp-json\/wp\/v2\/comments?post=253078"}],"wp:featuredmedia":[{"embeddable":true,"href":"https:\/\/baldumarket.lt\/lt\/wp-json\/wp\/v2\/media\/253054"}],"wp:attachment":[{"href":"https:\/\/baldumarket.lt\/lt\/wp-json\/wp\/v2\/media?parent=253078"}],"wp:term":[{"taxonomy":"product_brand","embeddable":true,"href":"https:\/\/baldumarket.lt\/lt\/wp-json\/wp\/v2\/product_brand?post=253078"},{"taxonomy":"product_cat","embeddable":true,"href":"https:\/\/baldumarket.lt\/lt\/wp-json\/wp\/v2\/product_cat?post=253078"},{"taxonomy":"product_tag","embeddable":true,"href":"https:\/\/baldumarket.lt\/lt\/wp-json\/wp\/v2\/product_tag?post=253078"}],"curies":[{"name":"wp","href":"https:\/\/api.w.org\/{rel}","templated":true}]}}