{"id":253076,"date":"2026-01-10T22:10:40","date_gmt":"2026-01-10T19:10:40","guid":{"rendered":"https:\/\/baldumarket.lt\/product\/colin-cn13-lustro\/"},"modified":"2026-02-11T18:31:32","modified_gmt":"2026-02-11T15:31:32","slug":"colin-cn13-lustro","status":"publish","type":"product","link":"https:\/\/baldumarket.lt\/lt\/product\/colin-cn13-lustro\/","title":{"rendered":"COLIN CN13 VEIDRODIS"},"content":{"rendered":"<p>Nereikia apsiriboti veidrod\u017eio kabinimu dekoratyviniame r\u0117melyje, kaip \u012fprasta prie\u0161kambaryje. COLIN CN13 veidrodis taip pat bus puikus svetain\u0117s ar miegamojo papildymas. Tinkamoje vietoje pastatytas jis pagra\u017eins interjer\u0105 ir vizualiai padidins erdv\u0119. J\u012f galima laisvai derinti su komoda CN12.<\/p>\n<p>Plotis 53,5 cm Gylis 2 cm Auk\u0161tis 79 cm Produkto svoris su pakuote 8,40 kg Gamintojo kodas \/ simbolis CN13 Kolekcijos pavadinimas COLIN Pavadinimas b2b sistemoje COLIN CN13 NAGANO \u0104\u017dUOLO\/BALTO VEIDROD\u017dIO RINKINYS Produkto pakuo\u010di\u0173 skai\u010dius 1 Stilius UNIVERSAL \u012eranga Surinkimo instrukcijos \/ surinkimo priedai Surinkimas Savaranki\u0161kam surinkimui Korpuso \u012franga Standartin\u0117s reguliuojamos bald\u0173 pakabos<\/p>","protected":false},"excerpt":{"rendered":"<p>Nereikia apsiriboti veidrod\u017eio kabinimu dekoratyviniame r\u0117melyje, kaip \u012fprasta prie\u0161kambaryje. COLIN CN13 veidrodis taip pat bus puikus svetain\u0117s ar miegamojo papildymas. Tinkamoje vietoje pastatytas jis pagra\u017eins interjer\u0105 ir vizualiai padidins erdv\u0119. J\u012f galima laisvai [\u2026]<\/p>","protected":false},"featured_media":253045,"comment_status":"open","ping_status":"open","template":"","meta":[],"product_brand":[],"product_cat":[1043,2457],"product_tag":[],"class_list":{"0":"post-253076","1":"product","2":"type-product","3":"status-publish","4":"has-post-thumbnail","6":"product_cat-extras","7":"product_cat-liveo","9":"first","10":"instock","11":"purchasable","12":"product-type-simple"},"_links":{"self":[{"href":"https:\/\/baldumarket.lt\/lt\/wp-json\/wp\/v2\/product\/253076","targetHints":{"allow":["GET"]}}],"collection":[{"href":"https:\/\/baldumarket.lt\/lt\/wp-json\/wp\/v2\/product"}],"about":[{"href":"https:\/\/baldumarket.lt\/lt\/wp-json\/wp\/v2\/types\/product"}],"replies":[{"embeddable":true,"href":"https:\/\/baldumarket.lt\/lt\/wp-json\/wp\/v2\/comments?post=253076"}],"wp:featuredmedia":[{"embeddable":true,"href":"https:\/\/baldumarket.lt\/lt\/wp-json\/wp\/v2\/media\/253045"}],"wp:attachment":[{"href":"https:\/\/baldumarket.lt\/lt\/wp-json\/wp\/v2\/media?parent=253076"}],"wp:term":[{"taxonomy":"product_brand","embeddable":true,"href":"https:\/\/baldumarket.lt\/lt\/wp-json\/wp\/v2\/product_brand?post=253076"},{"taxonomy":"product_cat","embeddable":true,"href":"https:\/\/baldumarket.lt\/lt\/wp-json\/wp\/v2\/product_cat?post=253076"},{"taxonomy":"product_tag","embeddable":true,"href":"https:\/\/baldumarket.lt\/lt\/wp-json\/wp\/v2\/product_tag?post=253076"}],"curies":[{"name":"wp","href":"https:\/\/api.w.org\/{rel}","templated":true}]}}