{"id":253073,"date":"2026-01-10T22:10:38","date_gmt":"2026-01-10T19:10:38","guid":{"rendered":"https:\/\/baldumarket.lt\/product\/colin-cn12-komoda\/"},"modified":"2026-02-11T18:31:32","modified_gmt":"2026-02-11T15:31:32","slug":"colin-cn12-komoda","status":"publish","type":"product","link":"https:\/\/baldumarket.lt\/lt\/product\/colin-cn12-komoda\/","title":{"rendered":"COLIN CN12 komoda su stal\u010diais"},"content":{"rendered":"<p>Komoda \u201eCOLIN CN12\u201c \u2013 tai prakti\u0161ka komoda, kurioje suderintas \u017eemos lentynos ir rakinamos spintel\u0117s funkcionalumas. Ji puikiai tiks daugelyje kambari\u0173, pavyzd\u017eiui, valgomajame, svetain\u0117je ar persirengimo kambaryje. Ji turi du erdvius stal\u010dius, rakinam\u0105 ni\u0161\u0105 ir lentyn\u0105, tod\u0117l lengva palaikyti tvark\u0105 ir tvark\u0105. Prie komodos galima prid\u0117ti LED ap\u0161vietim\u0105 (u\u017e papildom\u0105 mokest\u012f), kuris suteikia jai eleganti\u0161k\u0105 i\u0161vaizd\u0105. Taip pat verta d\u0117mesio minimalistin\u0117s pilkos ranken\u0117l\u0117s ir stabilus, klasikinis pagrindas. Komoda puikiai der\u0117s su \u201eCOLIN CN 13\u201c veidrod\u017eiu arba bus naudojama kaip atskiras baldas, tod\u0117l gal\u0117site j\u0105 pritaikyti prie savo kambario interjero.<\/p>\n<p>Plotis 53,5 cm Gylis 37 cm Auk\u0161tis 102 cm Produkto svoris su pakuote 28,20 kg Gamintojo kodas \/ simbolis CN12 Kolekcijos pavadinimas COLIN Pavadinimas b2b sistemoje COLIN CN12 NAGANO \u0104\u017dUOLO\/BALTA KOMOD\u0172 RINKINYS Produkto pakuo\u010di\u0173 skai\u010dius 1 Stilius Moderni \u012franga Surinkimo instrukcijos \/ surinkimo priedai Surinkimas Savaranki\u0161kam surinkimui Korpuso spalva Nagano \u0105\u017euolas Korpuso med\u017eiaga \/ tipas \/ storis 16 mm bald\u0173 plok\u0161t\u0117 Vir\u0161utinio korpuso med\u017eiaga \/ tipas \/ storis 22 mm bald\u0173 plok\u0161t\u0117 Apatinio korpuso med\u017eiaga \/ tipas \/ storis 22 mm bald\u0173 plok\u0161t\u0117 Galin\u0117s sienel\u0117s med\u017eiaga \/ tipas \/ storis 2,5 mm HDF bald\u0173 plok\u0161t\u0117 Galin\u0117s sienel\u0117s matomos dalies spalva Nagano \u0105\u017euolas Priekin\u0117 spalva Alpi\u0173 balta Priekin\u0117 med\u017eiaga \/ tipas \/ storis 16 mm bald\u0173 plok\u0161t\u0117 Priekinis vyris \u2300 35 mm, reguliuojamas trijose plok\u0161tumose Priekinis universalus atidarymas kairiarankiams \/ de\u0161iniarankiams TAIP Priekin\u0117 rankena \/ apdaila \/ spalva Plastikas \/ pilka Stal\u010di\u0173 b\u0117geliai su pilnu i\u0161traukimu Kojel\u0117 \/ apdaila \/ spalva Reguliuojama \/ plastikin\u0117 \/ pilka Kojel\u0117s auk\u0161tis 110 mm Dureli\u0173 skai\u010dius 1 Stal\u010di\u0173 skai\u010dius 2 Atidaryt\u0173 dureli\u0173 skai\u010dius ni\u0161\u0173 1 U\u017edar\u0173 ni\u0161\u0173 skai\u010dius 1<\/p>","protected":false},"excerpt":{"rendered":"<p>COLIN CN12 komoda \u2013 tai prakti\u0161ka komoda, kurioje suderintas \u017eemos lentynos ir u\u017erakinamos spintel\u0117s funkcionalumas. Ji puikiai tiks daugelyje kambari\u0173, pavyzd\u017eiui, valgomajame, svetain\u0117je ar persirengimo kambaryje. Joje yra du erdv\u016bs stal\u010diai, u\u017erakinama ni\u0161a ir lentyna, tod\u0117l lengva [\u2026]<\/p>","protected":false},"featured_media":253074,"comment_status":"open","ping_status":"open","template":"","meta":[],"product_brand":[],"product_cat":[1173,2457],"product_tag":[],"class_list":{"0":"post-253073","1":"product","2":"type-product","3":"status-publish","4":"has-post-thumbnail","6":"product_cat-chests-of-drawers","7":"product_cat-liveo","9":"first","10":"instock","11":"purchasable","12":"product-type-simple"},"_links":{"self":[{"href":"https:\/\/baldumarket.lt\/lt\/wp-json\/wp\/v2\/product\/253073","targetHints":{"allow":["GET"]}}],"collection":[{"href":"https:\/\/baldumarket.lt\/lt\/wp-json\/wp\/v2\/product"}],"about":[{"href":"https:\/\/baldumarket.lt\/lt\/wp-json\/wp\/v2\/types\/product"}],"replies":[{"embeddable":true,"href":"https:\/\/baldumarket.lt\/lt\/wp-json\/wp\/v2\/comments?post=253073"}],"wp:featuredmedia":[{"embeddable":true,"href":"https:\/\/baldumarket.lt\/lt\/wp-json\/wp\/v2\/media\/253074"}],"wp:attachment":[{"href":"https:\/\/baldumarket.lt\/lt\/wp-json\/wp\/v2\/media?parent=253073"}],"wp:term":[{"taxonomy":"product_brand","embeddable":true,"href":"https:\/\/baldumarket.lt\/lt\/wp-json\/wp\/v2\/product_brand?post=253073"},{"taxonomy":"product_cat","embeddable":true,"href":"https:\/\/baldumarket.lt\/lt\/wp-json\/wp\/v2\/product_cat?post=253073"},{"taxonomy":"product_tag","embeddable":true,"href":"https:\/\/baldumarket.lt\/lt\/wp-json\/wp\/v2\/product_tag?post=253073"}],"curies":[{"name":"wp","href":"https:\/\/api.w.org\/{rel}","templated":true}]}}