{"id":253071,"date":"2026-01-10T22:10:35","date_gmt":"2026-01-10T19:10:35","guid":{"rendered":"https:\/\/baldumarket.lt\/product\/colin-cn11-wieszak\/"},"modified":"2026-02-11T18:31:32","modified_gmt":"2026-02-11T15:31:32","slug":"colin-cn11-wieszak","status":"publish","type":"product","link":"https:\/\/baldumarket.lt\/lt\/product\/colin-cn11-wieszak\/","title":{"rendered":"COLIN CN11 PAKABA"},"content":{"rendered":"<p>COLIN CN11 kabykla pasi\u017eymi paprastu, minimalistiniu dizainu, kuris dera prie modernaus interjero. Tai kolekcijos, leid\u017eian\u010dios tvarkingai susid\u0117ti \u0161eimos vir\u0161utinius drabu\u017eius ir aksesuarus net ma\u017eoje erdv\u0117je, dalis, u\u017etikrinant, kad viskas, ko jums reikia prie\u0161 i\u0161einant i\u0161 nam\u0173, b\u016bt\u0173 lengvai pasiekiama. \u0160i prie\u0161kambario kabykla skirta tvirtinti prie sienos. J\u0105 galima derinti su spintele i\u0161 m\u016bs\u0173 CN10 kolekcijos, kad prie\u0161kambaryje b\u016bt\u0173 visi\u0161kai atlaisvinta vietos.<\/p>\n<p>Plotis 84 cm Gylis 24,5 cm Auk\u0161tis 106 cm Produkto svoris su pakuote 18,50 kg Gamintojo kodas \/ simbolis CN11 Kolekcijos pavadinimas COLIN Pavadinimas b2b sistemoje COLIN CN11 NAGANO \u0104\u017dUOLO\/BALTA PAKAB\u0172 RINKINYS Produkto pakuo\u010di\u0173 skai\u010dius 1 Stilius Modernus \u012eranga Surinkimo instrukcijos \/ surinkimo priedai Surinkimas Savaranki\u0161kam surinkimui Spalva Nagano \u0105\u017euolas Korpuso med\u017eiaga \/ tipas \/ storis 16 mm bald\u0173 plok\u0161t\u0117 Korpuso vir\u0161utin\u0117s dalies med\u017eiaga \/ tipas \/ storis 22 mm bald\u0173 plok\u0161t\u0117 Korpuso \u012franga Standartinis 1 pakabos b\u0117gelis Standartinis 3 drabu\u017ei\u0173 pakabos Standartin\u0117s reguliuojamos bald\u0173 pakabos<\/p>","protected":false},"excerpt":{"rendered":"<p>COLIN CN11 kabykla pasi\u017eymi paprastu, minimalistiniu dizainu, kuris dera prie modernaus interjero. Tai kolekcijos, leid\u017eian\u010dios tvarkingai susid\u0117ti \u0161eimos vir\u0161utinius drabu\u017eius ir aksesuarus net ma\u017eoje erdv\u0117je, dalis, u\u017etikrinant, kad viskas, ko jums reikia prie\u0161 i\u0161einant i\u0161 nam\u0173, b\u016bt\u0173 lengvai pasiekiama. \u0160i kabykla skirta montuoti prie sienos. Ji [\u2026]<\/p>","protected":false},"featured_media":253063,"comment_status":"open","ping_status":"open","template":"","meta":[],"product_brand":[],"product_cat":[1931,2457],"product_tag":[],"class_list":{"0":"post-253071","1":"product","2":"type-product","3":"status-publish","4":"has-post-thumbnail","6":"product_cat-hangers","7":"product_cat-liveo","9":"first","10":"instock","11":"purchasable","12":"product-type-simple"},"_links":{"self":[{"href":"https:\/\/baldumarket.lt\/lt\/wp-json\/wp\/v2\/product\/253071","targetHints":{"allow":["GET"]}}],"collection":[{"href":"https:\/\/baldumarket.lt\/lt\/wp-json\/wp\/v2\/product"}],"about":[{"href":"https:\/\/baldumarket.lt\/lt\/wp-json\/wp\/v2\/types\/product"}],"replies":[{"embeddable":true,"href":"https:\/\/baldumarket.lt\/lt\/wp-json\/wp\/v2\/comments?post=253071"}],"wp:featuredmedia":[{"embeddable":true,"href":"https:\/\/baldumarket.lt\/lt\/wp-json\/wp\/v2\/media\/253063"}],"wp:attachment":[{"href":"https:\/\/baldumarket.lt\/lt\/wp-json\/wp\/v2\/media?parent=253071"}],"wp:term":[{"taxonomy":"product_brand","embeddable":true,"href":"https:\/\/baldumarket.lt\/lt\/wp-json\/wp\/v2\/product_brand?post=253071"},{"taxonomy":"product_cat","embeddable":true,"href":"https:\/\/baldumarket.lt\/lt\/wp-json\/wp\/v2\/product_cat?post=253071"},{"taxonomy":"product_tag","embeddable":true,"href":"https:\/\/baldumarket.lt\/lt\/wp-json\/wp\/v2\/product_tag?post=253071"}],"curies":[{"name":"wp","href":"https:\/\/api.w.org\/{rel}","templated":true}]}}