{"id":253069,"date":"2026-01-10T22:10:32","date_gmt":"2026-01-10T19:10:32","guid":{"rendered":"https:\/\/baldumarket.lt\/product\/colin-cn10-szafka\/"},"modified":"2026-02-11T18:31:32","modified_gmt":"2026-02-11T15:31:32","slug":"colin-cn10-szafka","status":"publish","type":"product","link":"https:\/\/baldumarket.lt\/lt\/product\/colin-cn10-szafka\/","title":{"rendered":"COLIN CN10 spintel\u0117"},"content":{"rendered":"<p>Spintel\u0117 COLIN CN10 pasi\u017eymi paprastu, minimalistiniu dizainu, kuris dera prie modernaus interjero. Ji turi varstomas duris, kurios leid\u017eia optimaliai organizuoti prie\u0161kambario erdv\u0119. Spintel\u0119 galima naudoti kasdieniams batams, sve\u010di\u0173 \u0161lepet\u0117ms ar valymo priemon\u0117ms laikyti. J\u0105 galima derinti su m\u016bs\u0173 CN11 kolekcijos palt\u0173 kabykla, kad visi\u0161kai atlaisvintum\u0117te vietos prie\u0161kambaryje. Taip pat verta d\u0117mesio minimalistin\u0117 pilka rankena ir tvirtas, klasikinis pagrindas.<\/p>\n<p>Plotis 84 cm Gylis 37 cm Auk\u0161tis 48,5 cm Produkto svoris su pakuote 20,00 kg Gamintojo kodas \/ simbolis CN10 Kolekcijos pavadinimas COLIN Pavadinimas b2b sistemoje COLIN CN10 NAGANO \u0104\u017dUOLO\/BALTA SPINTEL\u0116 K PL Produkto pakuo\u010di\u0173 skai\u010dius 1 Stilius Moderni \u012franga Surinkimo instrukcijos \/ surinkimo priedai Surinkimui Savaranki\u0161kam surinkimui Korpuso spalva Nagano \u0105\u017euolas Korpuso apdailos med\u017eiaga \/ tipas \/ storis 16 mm baldin\u0117 plok\u0161t\u0117 Vir\u0161utinio korpuso apdaila \/ med\u017eiaga \/ tipas \/ storis 22 mm baldin\u0117 plok\u0161t\u0117 Apatinio korpuso apdaila \/ med\u017eiaga \/ tipas \/ storis 22 mm baldin\u0117 plok\u0161t\u0117 Galin\u0117s sienel\u0117s apdailos med\u017eiaga \/ tipas \/ storis 2,5 mm HDF baldin\u0117 plok\u0161t\u0117 Matoma galin\u0117s sienel\u0117s dalis Nagano \u0105\u017euolas Priekin\u0117 spalva Alpi\u0173 balta Priekin\u0117s apdailos med\u017eiaga \/ tipas \/ storis 16 mm baldin\u0117 plok\u0161t\u0117 Priekinis vyris Dujinis liftas Priekin\u0117 rankena \/ apdaila \/ spalva Plastikas \/ pilka Kojel\u0117 \/ apdaila \/ spalva Reguliuojama \/ plastikin\u0117 \/ pilka Kojel\u0117s auk\u0161tis 110 mm Dureli\u0173 skai\u010dius 1 U\u017edar\u0173 ni\u0161\u0173 skai\u010dius 1<\/p>","protected":false},"excerpt":{"rendered":"<p>Spintel\u0117 COLIN CN10 pasi\u017eymi paprastu, minimalistiniu dizainu, kuris dera prie modernaus interjero. Ji turi varstomas duris, kurios leid\u017eia optimaliai organizuoti prie\u0161kambario erdv\u0119. Spintel\u0119 galima naudoti kasdieniams batams, sve\u010di\u0173 \u0161lepet\u0117ms ar valymo priemon\u0117ms laikyti. J\u0105 galima derinti su m\u016bs\u0173 CN11 kolekcijos palt\u0173 kabykla, kad b\u016bt\u0173 visi\u0161kai atlaisvinta [\u2026]<\/p>","protected":false},"featured_media":253039,"comment_status":"open","ping_status":"open","template":"","meta":[],"product_brand":[],"product_cat":[9120,2457],"product_tag":[],"class_list":{"0":"post-253069","1":"product","2":"type-product","3":"status-publish","4":"has-post-thumbnail","6":"product_cat-cabinets","7":"product_cat-liveo","9":"first","10":"instock","11":"purchasable","12":"product-type-simple"},"_links":{"self":[{"href":"https:\/\/baldumarket.lt\/lt\/wp-json\/wp\/v2\/product\/253069","targetHints":{"allow":["GET"]}}],"collection":[{"href":"https:\/\/baldumarket.lt\/lt\/wp-json\/wp\/v2\/product"}],"about":[{"href":"https:\/\/baldumarket.lt\/lt\/wp-json\/wp\/v2\/types\/product"}],"replies":[{"embeddable":true,"href":"https:\/\/baldumarket.lt\/lt\/wp-json\/wp\/v2\/comments?post=253069"}],"wp:featuredmedia":[{"embeddable":true,"href":"https:\/\/baldumarket.lt\/lt\/wp-json\/wp\/v2\/media\/253039"}],"wp:attachment":[{"href":"https:\/\/baldumarket.lt\/lt\/wp-json\/wp\/v2\/media?parent=253069"}],"wp:term":[{"taxonomy":"product_brand","embeddable":true,"href":"https:\/\/baldumarket.lt\/lt\/wp-json\/wp\/v2\/product_brand?post=253069"},{"taxonomy":"product_cat","embeddable":true,"href":"https:\/\/baldumarket.lt\/lt\/wp-json\/wp\/v2\/product_cat?post=253069"},{"taxonomy":"product_tag","embeddable":true,"href":"https:\/\/baldumarket.lt\/lt\/wp-json\/wp\/v2\/product_tag?post=253069"}],"curies":[{"name":"wp","href":"https:\/\/api.w.org\/{rel}","templated":true}]}}