{"id":253064,"date":"2026-01-10T22:10:28","date_gmt":"2026-01-10T19:10:28","guid":{"rendered":"https:\/\/baldumarket.lt\/product\/colin-cn09-szafka\/"},"modified":"2026-02-11T18:31:32","modified_gmt":"2026-02-11T15:31:32","slug":"colin-cn09-szafka","status":"publish","type":"product","link":"https:\/\/baldumarket.lt\/lt\/product\/colin-cn09-szafka\/","title":{"rendered":"COLIN CN09 SPINTEL\u0116"},"content":{"rendered":"<p>Vos 37 cm gylio COLIN CN09 spintel\u0117 yra ne\u012ftik\u0117tinai prakti\u0161kas sprendimas ma\u017eam prie\u0161kambariui. \u0160is ne\u012ftik\u0117tinai funkcionalus baldas su dviem erdviais stal\u010diais suteikia vietos kepur\u0117ms, \u0161alikams ir kitiems aksesuarams laikyti. Spintel\u0117je taip pat yra i\u0161traukiama drabu\u017ei\u0173 kabykla. Verta pamin\u0117ti ir minimalistines, pilkas ranken\u0117les bei stabil\u0173, klasikin\u012f pagrind\u0105. Spintel\u0119 galima derinti su kitais m\u016bs\u0173 kolekcijos baldais, tokiais kaip CN10 spintel\u0117 ir CN11 palt\u0173 kabykla, ta\u010diau ji taip pat puikiai tinka kaip atskiras baldas, prisitaikantis prie j\u016bs\u0173 kambario interjero.<\/p>\n<p>Plotis 71,5 cm Gylis 37 cm Auk\u0161tis 194,5 cm Produkto svoris su pakuote 52,20 kg Gamintojo kodas \/ simbolis CN09 Kolekcijos pavadinimas COLIN Pavadinimas b2b sistemoje COLIN CN09 NAGANO \u0104\u017dUOLO\/BALTA SPINTELI\u0172 KOMPLEKTAS Produkto pakuo\u010di\u0173 skai\u010dius 2 Stilius Moderni \u012franga Surinkimo instrukcijos \/ surinkimo priedai Surinkimas Savaranki\u0161kam surinkimui Korpuso spalva Nagano \u0105\u017euolas Korpuso apdailos med\u017eiaga \/ tipas \/ storis 16 mm baldin\u0117 plok\u0161t\u0117 Vir\u0161utin\u0117 korpuso apdaila \/ med\u017eiaga \/ tipas \/ storis 22 mm baldin\u0117 plok\u0161t\u0117 Apatin\u0117 korpuso apdaila \/ med\u017eiaga \/ tipas \/ storis 22 mm baldin\u0117 plok\u0161t\u0117 Lentynos spalva Nagano \u0105\u017euolas Lentynos apdailos med\u017eiaga \/ tipas \/ storis 16 mm baldin\u0117 plok\u0161t\u0117 Kar\u016bnuotos lentynos kiekis 1 Galin\u0117s sienel\u0117s apdailos med\u017eiaga \/ tipas \/ storis 2,5 mm HDF baldin\u0117 plok\u0161t\u0117 Matoma galin\u0117s sienel\u0117s dalis Nagano \u0105\u017euolas Priekin\u0117 spalva Alpi\u0173 balta Priekin\u0117 med\u017eiaga \/ tipas \/ storis 16 mm baldin\u0117 plok\u0161t\u0117 Priekinis vyris \u2300 35 mm reguliuojamas trijose plok\u0161tumose Priekin\u0117 rankena \/ apdaila \/ spalva Plastikin\u0117 \/ pilka Pilno i\u0161traukimo stal\u010diaus b\u0117geliai Kojel\u0117 \/ apdaila \/ spalva Reguliuojama \/ plastikin\u0117 \/ pilka Kojel\u0117s auk\u0161tis 110 mm Skai\u010dius Dur\u0173 skai\u010dius 2 Stal\u010di\u0173 skai\u010dius 2 U\u017edar\u0173 ni\u0161\u0173 skai\u010dius 2 Korpuso \u012franga Standartin\u0117 komplektacija 1 i\u0161traukiama drabu\u017ei\u0173 kabykla<\/p>","protected":false},"excerpt":{"rendered":"<p>Vos 37 cm gylio COLIN CN09 spintel\u0117 yra ne\u012ftik\u0117tinai prakti\u0161kas sprendimas ma\u017eam prie\u0161kambariui. \u0160is ne\u012ftik\u0117tinai funkcionalus baldas su dviem erdviais stal\u010diais suteikia vietos kepur\u0117ms, \u0161alikams ir kitiems aksesuarams laikyti. Spintel\u0117 taip pat turi i\u0161traukiam\u0105 drabu\u017ei\u0173 kabykl\u0105. Taip pat verta d\u0117mesio minimalistin\u0117s, pilkos ranken\u0117l\u0117s ir stabilus, klasikinis pagrindas. Spintel\u0117 [\u2026]<\/p>","protected":false},"featured_media":253050,"comment_status":"open","ping_status":"open","template":"","meta":[],"product_brand":[],"product_cat":[2457,1177],"product_tag":[],"class_list":{"0":"post-253064","1":"product","2":"type-product","3":"status-publish","4":"has-post-thumbnail","6":"product_cat-liveo","7":"product_cat-wardrobes","9":"first","10":"instock","11":"purchasable","12":"product-type-simple"},"_links":{"self":[{"href":"https:\/\/baldumarket.lt\/lt\/wp-json\/wp\/v2\/product\/253064","targetHints":{"allow":["GET"]}}],"collection":[{"href":"https:\/\/baldumarket.lt\/lt\/wp-json\/wp\/v2\/product"}],"about":[{"href":"https:\/\/baldumarket.lt\/lt\/wp-json\/wp\/v2\/types\/product"}],"replies":[{"embeddable":true,"href":"https:\/\/baldumarket.lt\/lt\/wp-json\/wp\/v2\/comments?post=253064"}],"wp:featuredmedia":[{"embeddable":true,"href":"https:\/\/baldumarket.lt\/lt\/wp-json\/wp\/v2\/media\/253050"}],"wp:attachment":[{"href":"https:\/\/baldumarket.lt\/lt\/wp-json\/wp\/v2\/media?parent=253064"}],"wp:term":[{"taxonomy":"product_brand","embeddable":true,"href":"https:\/\/baldumarket.lt\/lt\/wp-json\/wp\/v2\/product_brand?post=253064"},{"taxonomy":"product_cat","embeddable":true,"href":"https:\/\/baldumarket.lt\/lt\/wp-json\/wp\/v2\/product_cat?post=253064"},{"taxonomy":"product_tag","embeddable":true,"href":"https:\/\/baldumarket.lt\/lt\/wp-json\/wp\/v2\/product_tag?post=253064"}],"curies":[{"name":"wp","href":"https:\/\/api.w.org\/{rel}","templated":true}]}}