{"id":253060,"date":"2026-01-10T22:10:25","date_gmt":"2026-01-10T19:10:25","guid":{"rendered":"https:\/\/baldumarket.lt\/product\/colin-cn07-szafka-l-p\/"},"modified":"2026-02-11T18:31:32","modified_gmt":"2026-02-11T15:31:32","slug":"colin-cn07-szafka-l-p","status":"publish","type":"product","link":"https:\/\/baldumarket.lt\/lt\/product\/colin-cn07-szafka-l-p\/","title":{"rendered":"COLIN CN07 SPINTEL\u0116 K\/D"},"content":{"rendered":"<p>Spintel\u0117 COLIN CN07 puikiai papildys modern\u0173 ir eleganti\u0161k\u0105 svetain\u0117s ar bet kurio kito kambario dizain\u0105. Ji turi stal\u010di\u0173, du atvirus ir du u\u017edarus skyrius, kuriuose yra daug vietos nam\u0173 tekstilei, drabu\u017eiams ir aksesuarams laikyti. D\u0117l ma\u017eo plo\u010dio ji tilps net ir ma\u017eose erdv\u0117se. Galima prid\u0117ti LED ap\u0161vietim\u0105 (u\u017e papildom\u0105 mokest\u012f), kuris suteikia baldui i\u0161ties eleganti\u0161k\u0105 i\u0161vaizd\u0105. Taip pat verta d\u0117mesio minimalistin\u0117s pilkos ranken\u0117l\u0117s ir stabilus, klasikinis pagrindas. Spintel\u0117 puikiai der\u0117s su kitais COLIN serijos baldais arba bus naudojama kaip atskiras baldas, prisitaikant prie j\u016bs\u0173 kambario interjero.<\/p>\n<p>Plotis 53,5 cm Gylis 40 cm Auk\u0161tis 194,5 cm Produkto svoris su pakuote 44,10 kg Gamintojo kodas \/ simbolis CN07 Kolekcijos pavadinimas COLIN Pavadinimas b2b sistemoje COLIN CN07 NAGANO \u0104\u017dUOLO\/BALTA SPINTEL\u0116 L\/P KOMPLEKTAS Produkto pakuo\u010di\u0173 skai\u010dius 2 Stilius Moderni \u012franga Surinkimo instrukcijos \/ surinkimo priedai Surinkimui Savaranki\u0161kam surinkimui Korpuso spalva Nagano \u0105\u017euolas Korpuso apdailos med\u017eiaga \/ tipas \/ storis 16 mm baldin\u0117 plok\u0161t\u0117 Vir\u0161utin\u0117 korpuso apdaila \/ med\u017eiaga \/ tipas \/ storis 22 mm baldin\u0117 plok\u0161t\u0117 Apatin\u0117 korpuso apdaila \/ med\u017eiaga \/ tipas \/ storis 22 mm baldin\u0117 plok\u0161t\u0117 Lentynos spalva Nagano \u0105\u017euolas Lentynos apdailos med\u017eiaga \/ tipas \/ storis 16 mm baldin\u0117 plok\u0161t\u0117 Lentyn\u0173 kiekis 1 Galin\u0117s sienel\u0117s apdailos med\u017eiaga \/ tipas \/ storis 2,5 mm HDF baldin\u0117 plok\u0161t\u0117 Matoma galin\u0117s sienel\u0117s dalis Nagano \u0105\u017euolas Priekin\u0117 spalva Alpi\u0173 balta Priekin\u0117 med\u017eiaga \/ tipas \/ storis 16 mm baldin\u0117 plok\u0161t\u0117 Priekinis vyris \u2300 35 mm reguliuojamas trijose plok\u0161tumose Priekinis universalus atidarymas kair\u0117n \/ de\u0161in\u0117n TAIP Priekin\u0117 rankena \/ apdaila \/ spalva Plastikas \/ pilka Stal\u010di\u0173 b\u0117geliai su pilnu i\u0161traukimu Kojel\u0117 \/ apdaila \/ spalva Reguliuojamas \/ plastikas \/ pilka Kojeli\u0173 auk\u0161tis 110 mm Dureli\u0173 skai\u010dius 2 Stal\u010di\u0173 skai\u010dius 1 Atvir\u0173 ni\u0161\u0173 skai\u010dius 2 U\u017edar\u0173 ni\u0161\u0173 skai\u010dius 3<\/p>","protected":false},"excerpt":{"rendered":"<p>Spintel\u0117 COLIN CN07 puikiai papildys modern\u0173 ir eleganti\u0161k\u0105 svetain\u0117s ar bet kurio kito kambario dizain\u0105. Ji turi stal\u010di\u0173, du atvirus ir du u\u017edarus skyrius, kuriuose yra daug vietos nam\u0173 tekstilei, drabu\u017eiams ir aksesuarams laikyti. D\u0117l ma\u017eo plo\u010dio ji tilps net ir ma\u017eose erdv\u0117se. LED ap\u0161vietimas [\u2026]<\/p>","protected":false},"featured_media":253061,"comment_status":"open","ping_status":"open","template":"","meta":[],"product_brand":[],"product_cat":[2457,1177],"product_tag":[],"class_list":{"0":"post-253060","1":"product","2":"type-product","3":"status-publish","4":"has-post-thumbnail","6":"product_cat-liveo","7":"product_cat-wardrobes","9":"first","10":"instock","11":"purchasable","12":"product-type-simple"},"_links":{"self":[{"href":"https:\/\/baldumarket.lt\/lt\/wp-json\/wp\/v2\/product\/253060","targetHints":{"allow":["GET"]}}],"collection":[{"href":"https:\/\/baldumarket.lt\/lt\/wp-json\/wp\/v2\/product"}],"about":[{"href":"https:\/\/baldumarket.lt\/lt\/wp-json\/wp\/v2\/types\/product"}],"replies":[{"embeddable":true,"href":"https:\/\/baldumarket.lt\/lt\/wp-json\/wp\/v2\/comments?post=253060"}],"wp:featuredmedia":[{"embeddable":true,"href":"https:\/\/baldumarket.lt\/lt\/wp-json\/wp\/v2\/media\/253061"}],"wp:attachment":[{"href":"https:\/\/baldumarket.lt\/lt\/wp-json\/wp\/v2\/media?parent=253060"}],"wp:term":[{"taxonomy":"product_brand","embeddable":true,"href":"https:\/\/baldumarket.lt\/lt\/wp-json\/wp\/v2\/product_brand?post=253060"},{"taxonomy":"product_cat","embeddable":true,"href":"https:\/\/baldumarket.lt\/lt\/wp-json\/wp\/v2\/product_cat?post=253060"},{"taxonomy":"product_tag","embeddable":true,"href":"https:\/\/baldumarket.lt\/lt\/wp-json\/wp\/v2\/product_tag?post=253060"}],"curies":[{"name":"wp","href":"https:\/\/api.w.org\/{rel}","templated":true}]}}