{"id":253056,"date":"2026-01-10T22:10:22","date_gmt":"2026-01-10T19:10:22","guid":{"rendered":"https:\/\/baldumarket.lt\/product\/colin-cn06-witryna-l-p\/"},"modified":"2026-02-11T18:31:32","modified_gmt":"2026-02-11T15:31:32","slug":"colin-cn06-witryna-l-p","status":"publish","type":"product","link":"https:\/\/baldumarket.lt\/lt\/product\/colin-cn06-witryna-l-p\/","title":{"rendered":"COLIN CN06 VITRINA K\/D"},"content":{"rendered":"<p>\u201eCOLIN CN06\u201c vitrina \u2013 tai erdvus baldas, puikiai papildantis svetain\u0119 ar valgom\u0105j\u012f. Joje yra stal\u010dius, lentyna ir du rakinami skyriai. Viename skyriuje yra daug vietos nam\u0173 baldams, o kitame, u\u017e stiklini\u0173 dureli\u0173, gra\u017eiai eksponuojami dekoratyviniai daiktai ar suvenyrai (did\u017eiausia stiklin\u0117s lentynos apkrova \u2013 2 kg). Vitrin\u0105 galima apr\u016bpinti LED ap\u0161vietimu (u\u017e papildom\u0105 mokest\u012f), kuris vakarais suteiks unikali\u0105 atmosfer\u0105. Taip pat verta d\u0117mesio minimalistin\u0117s pilkos rankenos ir stabilus, klasikinis pagrindas. Vitrina idealiai tinka derinti su kitais \u201eCOLIN\u201c serijos baldais arba naudoti kaip atskir\u0105 bald\u0105, prisitaikant prie j\u016bs\u0173 kambario interjero.<\/p>\n<p>Plotis 53,5 cm Gylis 40 cm Auk\u0161tis 194,5 cm Produkto svoris su pakuote 46,50 kg Gamintojo kodas \/ simbolis CN06 Kolekcijos pavadinimas COLIN Pavadinimas b2b sistemoje COLIN CN06 NAGANO \u0104\u017dUOLO\/BALTA VITRIN\u0116L\u0116 L\/P KOMPLEKTAS Produkto pakuo\u010di\u0173 skai\u010dius 2 Stilius Moderni \u012franga Surinkimo instrukcijos \/ surinkimo priedai Surinkimas Savaranki\u0161kam surinkimui Korpuso spalva Nagano \u0105\u017euolas Korpuso apdailos med\u017eiaga \/ tipas \/ storis 16 mm baldin\u0117 plok\u0161t\u0117 Vir\u0161utinio korpuso apdaila \/ med\u017eiaga \/ tipas \/ storis 22 mm baldin\u0117 plok\u0161t\u0117 Apatinio korpuso apdaila \/ med\u017eiaga \/ tipas \/ storis 22 mm baldin\u0117 plok\u0161t\u0117 Galin\u0117s sienel\u0117s apdailos med\u017eiaga \/ tipas \/ storis 2,5 mm HDF baldin\u0117 plok\u0161t\u0117 Matoma galin\u0117s sienel\u0117s dalis Nagano \u0105\u017euolas Priekin\u0117 spalva Alpi\u0173 balta Priekin\u0117s apdailos med\u017eiaga \/ tipas \/ storis 16 mm baldin\u0117 plok\u0161t\u0117 Priekinis vyris \u2300 35 mm, reguliuojamas trijose pad\u0117tyse Priekinis universalus atidarymas kair\u0117n \/ de\u0161in\u0117n TAIP Priekin\u0117 rankena \/ apdaila \/ spalva Plastikas \/ pilka Glaz\u016bruota priekin\u0117 apdaila \/ stiklo spalva Gr\u016bdintas \/ skaidrus Glaz\u016bruoto priekinio stiklo storis 4 mm Stiklin\u0117s lentynos stiklo spalva Skaidrus Stiklin\u0117s lentynos stiklo storis 6 mm Stiklini\u0173 lentyn\u0173 kiekis 2 Pilno i\u0161traukimo stal\u010di\u0173 b\u0117geliai Kojel\u0117 \/ apdaila \/ spalva Reguliuojama \/ plastikin\u0117 \/ pilka Kojel\u0117s auk\u0161tis 110 mm Dureli\u0173 skai\u010dius 2 Stal\u010di\u0173 skai\u010dius 1 Atvir\u0173 ni\u0161\u0173 skai\u010dius 1 U\u017edar\u0173 ni\u0161\u0173 skai\u010dius u\u017e priekinio stiklo 3 U\u017edar\u0173 ni\u0161\u0173 skai\u010dius 1<\/p>","protected":false},"excerpt":{"rendered":"<p>\u201eCOLIN CN06\u201c vitrina \u2013 tai erdvus baldas, puikiai papildantis svetain\u0119 ar valgom\u0105j\u012f. Joje yra stal\u010dius, lentyna ir du rakinami skyriai. Viename skyriuje yra daug vietos nam\u0173 baldams, o kitame, u\u017e stiklini\u0173 dureli\u0173, gra\u017eiai eksponuojami dekoratyviniai daiktai ar suvenyrai (did\u017eiausia apkrova [\u2026]).<\/p>","protected":false},"featured_media":253057,"comment_status":"open","ping_status":"open","template":"","meta":[],"product_brand":[],"product_cat":[2457,2006],"product_tag":[],"class_list":{"0":"post-253056","1":"product","2":"type-product","3":"status-publish","4":"has-post-thumbnail","6":"product_cat-liveo","7":"product_cat-vitrines","9":"first","10":"instock","11":"purchasable","12":"product-type-simple"},"_links":{"self":[{"href":"https:\/\/baldumarket.lt\/lt\/wp-json\/wp\/v2\/product\/253056","targetHints":{"allow":["GET"]}}],"collection":[{"href":"https:\/\/baldumarket.lt\/lt\/wp-json\/wp\/v2\/product"}],"about":[{"href":"https:\/\/baldumarket.lt\/lt\/wp-json\/wp\/v2\/types\/product"}],"replies":[{"embeddable":true,"href":"https:\/\/baldumarket.lt\/lt\/wp-json\/wp\/v2\/comments?post=253056"}],"wp:featuredmedia":[{"embeddable":true,"href":"https:\/\/baldumarket.lt\/lt\/wp-json\/wp\/v2\/media\/253057"}],"wp:attachment":[{"href":"https:\/\/baldumarket.lt\/lt\/wp-json\/wp\/v2\/media?parent=253056"}],"wp:term":[{"taxonomy":"product_brand","embeddable":true,"href":"https:\/\/baldumarket.lt\/lt\/wp-json\/wp\/v2\/product_brand?post=253056"},{"taxonomy":"product_cat","embeddable":true,"href":"https:\/\/baldumarket.lt\/lt\/wp-json\/wp\/v2\/product_cat?post=253056"},{"taxonomy":"product_tag","embeddable":true,"href":"https:\/\/baldumarket.lt\/lt\/wp-json\/wp\/v2\/product_tag?post=253056"}],"curies":[{"name":"wp","href":"https:\/\/api.w.org\/{rel}","templated":true}]}}