{"id":253051,"date":"2026-01-10T22:10:18","date_gmt":"2026-01-10T19:10:18","guid":{"rendered":"https:\/\/baldumarket.lt\/product\/colin-cn04-komoda\/"},"modified":"2026-02-11T18:31:32","modified_gmt":"2026-02-11T15:31:32","slug":"colin-cn04-komoda","status":"publish","type":"product","link":"https:\/\/baldumarket.lt\/lt\/product\/colin-cn04-komoda\/","title":{"rendered":"COLIN CN04 komoda su stal\u010diais"},"content":{"rendered":"<p>Komoda COLIN CN04 puikiai papildys modern\u0173 ir eleganti\u0161k\u0105 svetain\u0117s ar bet kurio kito kambario interjer\u0105. Ji turi du erdvius stal\u010dius, dvi u\u017edaras ni\u0161as ir atvir\u0105 erdv\u0119. Ji puikiai tinka kaip funkcionalus ir eksponuojamas baldas. Ant jos galite laikyti dekoratyvinius daiktus ir suvenyrus, o viduje \u2013 dokumentus ar kasdienius reikmenis. Komod\u0105 galima apr\u016bpinti LED ap\u0161vietimu (u\u017e papildom\u0105 mokest\u012f), kuris suteikia jai tikrai eleganti\u0161k\u0105 i\u0161vaizd\u0105. Taip pat verta d\u0117mesio minimalistin\u0117s pilkos ranken\u0117l\u0117s ir stabilus, klasikinis pagrindas. Komoda puikiai der\u0117s su kitais COLIN serijos baldais arba bus naudojama kaip atskiras baldas, prisitaikantis prie j\u016bs\u0173 kambario interjero.<\/p>\n<p>Plotis 89,5 cm Gylis 40 cm Auk\u0161tis 108 cm Produkto svoris su pakuote 44,60 kg Gamintojo kodas \/ simbolis CN04 Kolekcijos pavadinimas COLIN Pavadinimas b2b sistemoje COLIN CN04 NAGANO \u0104\u017dUOLO\/BALTA KOMODOS KOMPLEKTAS Produkto pakuo\u010di\u0173 skai\u010dius 2 Stilius Modernus \u012eranga Surinkimo instrukcijos \/ surinkimo priedai Surinkimui Savaranki\u0161kam surinkimui Korpuso spalva Nagano \u0105\u017euolas Korpuso med\u017eiaga \/ tipas \/ storis 16 mm baldin\u0117 plok\u0161t\u0117 Vir\u0161utin\u0117 korpuso apdaila \/ med\u017eiaga \/ tipas \/ storis 22 mm baldin\u0117 plok\u0161t\u0117 Apatin\u0117 korpuso apdaila \/ med\u017eiaga \/ tipas \/ storis 22 mm baldin\u0117 plok\u0161t\u0117 Lentynos spalva Nagano \u0105\u017euolas Lentynos med\u017eiaga \/ tipas \/ storis 16 mm baldin\u0117 plok\u0161t\u0117 Kar\u016bnuotos lentynos kiekis 1 Galin\u0117s sienel\u0117s med\u017eiaga \/ tipas \/ storis 2,5 mm HDF baldin\u0117 plok\u0161t\u0117 Galin\u0117s sienel\u0117s \u2013 matomos dalies spalva Nagano \u0105\u017euolas Priekin\u0117s spalvos Alpi\u0173 balta Priekin\u0117s med\u017eiagos \/ tipas \/ storis 16 mm baldin\u0117 plok\u0161t\u0117 Priekinis vyris \u2300 35 mm, reguliuojamas trijose plok\u0161tumose Priekin\u0117 rankena \/ apdaila \/ spalva Plastikin\u0117 \/ pilka Pilno i\u0161traukimo stal\u010di\u0173 b\u0117geliai Kojel\u0117 \/ apdaila \/ spalva Reguliuojama \/ plastikin\u0117 \/ pilka Kojel\u0117s auk\u0161tis 110 mm Stal\u010di\u0173 skai\u010dius Dur\u0173 skai\u010dius 2 Stal\u010di\u0173 skai\u010dius 2 Atvir\u0173 ni\u0161\u0173 skai\u010dius 1 U\u017edar\u0173 ni\u0161\u0173 skai\u010dius 3<\/p>","protected":false},"excerpt":{"rendered":"<p>Komoda COLIN CN04 puikiai papildys modern\u0173 ir eleganti\u0161k\u0105 svetain\u0117s ar bet kurio kito kambario interjer\u0105. Ji turi du erdvius stal\u010dius, dvi u\u017edaras ni\u0161as ir atvir\u0105 erdv\u0119. Ji puikiai tinka kaip funkcionalus ir eksponuojamas elementas. Ant jos galite eksponuoti dekoratyvinius daiktus ir suvenyrus, o viduje galite [\u2026]<\/p>","protected":false},"featured_media":253052,"comment_status":"open","ping_status":"open","template":"","meta":[],"product_brand":[],"product_cat":[1173,2457],"product_tag":[],"class_list":{"0":"post-253051","1":"product","2":"type-product","3":"status-publish","4":"has-post-thumbnail","6":"product_cat-chests-of-drawers","7":"product_cat-liveo","9":"first","10":"instock","11":"purchasable","12":"product-type-simple"},"_links":{"self":[{"href":"https:\/\/baldumarket.lt\/lt\/wp-json\/wp\/v2\/product\/253051","targetHints":{"allow":["GET"]}}],"collection":[{"href":"https:\/\/baldumarket.lt\/lt\/wp-json\/wp\/v2\/product"}],"about":[{"href":"https:\/\/baldumarket.lt\/lt\/wp-json\/wp\/v2\/types\/product"}],"replies":[{"embeddable":true,"href":"https:\/\/baldumarket.lt\/lt\/wp-json\/wp\/v2\/comments?post=253051"}],"wp:featuredmedia":[{"embeddable":true,"href":"https:\/\/baldumarket.lt\/lt\/wp-json\/wp\/v2\/media\/253052"}],"wp:attachment":[{"href":"https:\/\/baldumarket.lt\/lt\/wp-json\/wp\/v2\/media?parent=253051"}],"wp:term":[{"taxonomy":"product_brand","embeddable":true,"href":"https:\/\/baldumarket.lt\/lt\/wp-json\/wp\/v2\/product_brand?post=253051"},{"taxonomy":"product_cat","embeddable":true,"href":"https:\/\/baldumarket.lt\/lt\/wp-json\/wp\/v2\/product_cat?post=253051"},{"taxonomy":"product_tag","embeddable":true,"href":"https:\/\/baldumarket.lt\/lt\/wp-json\/wp\/v2\/product_tag?post=253051"}],"curies":[{"name":"wp","href":"https:\/\/api.w.org\/{rel}","templated":true}]}}