{"id":253046,"date":"2026-01-10T22:10:14","date_gmt":"2026-01-10T19:10:14","guid":{"rendered":"https:\/\/baldumarket.lt\/product\/colin-cn03-komoda\/"},"modified":"2026-02-11T18:31:32","modified_gmt":"2026-02-11T15:31:32","slug":"colin-cn03-komoda","status":"publish","type":"product","link":"https:\/\/baldumarket.lt\/lt\/product\/colin-cn03-komoda\/","title":{"rendered":"COLIN CN03 komoda su stal\u010diais"},"content":{"rendered":"<p>Komoda COLIN CN03 \u2013 unikalus ir nesenstantis baldas. D\u0117l eleganti\u0161ko dizaino ji tinka miegamajam, svetainei ar net paauglio kambariui. Ji pasi\u017eymi prakti\u0161ka erdve su trimis stal\u010diais, \u012fleid\u017eiama dalimi ir didele, erdvia spintele su pasl\u0117pta lentyna. Platus stalvir\u0161is suteikia daug vietos dekoracijoms ir nieku\u010diams eksponuoti. Galima papildomai \u012fsigyti LED ap\u0161vietim\u0105 (u\u017e papildom\u0105 mokest\u012f), kuris suteikia komodai i\u0161ties eleganti\u0161k\u0105 i\u0161vaizd\u0105. Taip pat verta d\u0117mesio minimalistin\u0117s pilkos ranken\u0117l\u0117s ir stabilus, klasikinis pagrindas. Komoda puikiai der\u0117s su kitais COLIN serijos baldais arba bus naudojama kaip atskiras baldas, prisitaikantis prie j\u016bs\u0173 kambario interjero.<\/p>\n<p>Plotis 153,5 cm Gylis 40 cm Auk\u0161tis 88,5 cm Produkto svoris su pakuote 60,20 kg Gamintojo kodas \/ simbolis CN03 Kolekcijos pavadinimas COLIN Pavadinimas b2b sistemoje COLIN CN03 NAGANO \u0104\u017dUOLO\/BALTA KOMODOS KOMPLEKTAS Produkto pakuo\u010di\u0173 skai\u010dius 2 Stilius Moderni \u012franga Surinkimo instrukcijos \/ surinkimo priedai Surinkimui Savaranki\u0161kam surinkimui Korpuso spalva Nagano \u0105\u017euolas Korpuso med\u017eiaga \/ tipas \/ storis 16 mm baldin\u0117 plok\u0161t\u0117 Vir\u0161utin\u0117 korpuso apdaila \/ med\u017eiaga \/ tipas \/ storis 22 mm baldin\u0117 plok\u0161t\u0117 Apatin\u0117 korpuso apdaila \/ med\u017eiaga \/ tipas \/ storis 22 mm baldin\u0117 plok\u0161t\u0117 Lentynos spalva Nagano \u0105\u017euolas Lentynos med\u017eiaga \/ tipas \/ storis 16 mm baldin\u0117 plok\u0161t\u0117 Kar\u016bnuotos lentynos kiekis 1 Galin\u0117s sienel\u0117s med\u017eiaga \/ tipas \/ storis 2,5 mm HDF baldin\u0117 plok\u0161t\u0117 Matoma galin\u0117s sienel\u0117s dalis Nagano \u0105\u017euolas Priekin\u0117 spalva Alpi\u0173 balta Priekin\u0117 med\u017eiaga \/ tipas \/ storis 16 mm baldin\u0117 plok\u0161t\u0117 Priekinis vyris \u2300 35 mm, reguliuojamas trijose plok\u0161tumose Priekin\u0117 rankena \/ Med\u017eiaga \/ Spalva Plastikas \/ Pilka Stal\u010di\u0173 b\u0117geliai su pilnu i\u0161traukimu Kojel\u0117 \/ Med\u017eiaga \/ Spalva Reguliuojama \/ Plastikas \/ Pilka Kojel\u0117s auk\u0161tis 110 mm Papildoma koja \/ Med\u017eiaga \/ Spalva Reguliuojamas vidurys \/ Plastikas \/ Juoda Dureli\u0173 skai\u010dius 2 Stal\u010di\u0173 skai\u010dius 3 Atvir\u0173 ni\u0161\u0173 skai\u010dius 1 U\u017edar\u0173 ni\u0161\u0173 skai\u010dius 2<\/p>","protected":false},"excerpt":{"rendered":"<p>Komoda \u201eCOLIN CN03\u201c yra unikalus ir nesenstantis baldas. D\u0117l eleganti\u0161ko dizaino ji tinka naudoti miegamajame, svetain\u0117je ar net paauglio kambaryje. Ji pasi\u017eymi prakti\u0161ka erdve su trimis stal\u010diais, \u012fleid\u017eiama dalimi ir didele, erdvia spintele su pasl\u0117pta lentyna. Platus stalvir\u0161is suteikia daug [\u2026]<\/p>","protected":false},"featured_media":253047,"comment_status":"open","ping_status":"open","template":"","meta":[],"product_brand":[],"product_cat":[1173,2457],"product_tag":[],"class_list":{"0":"post-253046","1":"product","2":"type-product","3":"status-publish","4":"has-post-thumbnail","6":"product_cat-chests-of-drawers","7":"product_cat-liveo","9":"first","10":"instock","11":"purchasable","12":"product-type-simple"},"_links":{"self":[{"href":"https:\/\/baldumarket.lt\/lt\/wp-json\/wp\/v2\/product\/253046","targetHints":{"allow":["GET"]}}],"collection":[{"href":"https:\/\/baldumarket.lt\/lt\/wp-json\/wp\/v2\/product"}],"about":[{"href":"https:\/\/baldumarket.lt\/lt\/wp-json\/wp\/v2\/types\/product"}],"replies":[{"embeddable":true,"href":"https:\/\/baldumarket.lt\/lt\/wp-json\/wp\/v2\/comments?post=253046"}],"wp:featuredmedia":[{"embeddable":true,"href":"https:\/\/baldumarket.lt\/lt\/wp-json\/wp\/v2\/media\/253047"}],"wp:attachment":[{"href":"https:\/\/baldumarket.lt\/lt\/wp-json\/wp\/v2\/media?parent=253046"}],"wp:term":[{"taxonomy":"product_brand","embeddable":true,"href":"https:\/\/baldumarket.lt\/lt\/wp-json\/wp\/v2\/product_brand?post=253046"},{"taxonomy":"product_cat","embeddable":true,"href":"https:\/\/baldumarket.lt\/lt\/wp-json\/wp\/v2\/product_cat?post=253046"},{"taxonomy":"product_tag","embeddable":true,"href":"https:\/\/baldumarket.lt\/lt\/wp-json\/wp\/v2\/product_tag?post=253046"}],"curies":[{"name":"wp","href":"https:\/\/api.w.org\/{rel}","templated":true}]}}