{"id":253033,"date":"2026-01-10T22:10:04","date_gmt":"2026-01-10T19:10:04","guid":{"rendered":"https:\/\/baldumarket.lt\/product\/colin-cn01-rtv\/"},"modified":"2026-02-11T18:31:33","modified_gmt":"2026-02-11T15:31:33","slug":"colin-cn01-rtv","status":"publish","type":"product","link":"https:\/\/baldumarket.lt\/lt\/product\/colin-cn01-rtv\/","title":{"rendered":"COLIN CN01 RTV"},"content":{"rendered":"<p>COLIN CN01 televizoriaus staliukas puikiai papildys modern\u0173 ir eleganti\u0161k\u0105 svetain\u0117s interjer\u0105. Stovo dizainas leid\u017eia lengvai i\u0161d\u0117styti buitin\u0119 technik\u0105 ir priedus. Po stalvir\u0161iu yra du atviri skyriai, puikiai tinkantys pried\u0117liui ar \u017eaidim\u0173 konsolei laikyti. Du erdv\u016bs stal\u010diai puikiai tinka smulkiems \u012frenginiams laikyti, o u\u017erakinamas skyrius skirtas b\u016btiniausiems daiktams, kuri\u0173 nenorite rodyti. Stovas gali b\u016bti apr\u016bpintas LED ap\u0161vietimu (u\u017e papildom\u0105 mokest\u012f), suteikian\u010diu svetain\u0117s zonai i\u0161ties eleganti\u0161k\u0105 i\u0161vaizd\u0105. Taip pat verta d\u0117mesio minimalistin\u0117s pilkos rankenos ir stabilus, klasikinis pagrindas. Televizoriaus staliukas puikiai papildys kitus COLIN serijos gaminius.<\/p>\n<p>Plotis 153,5 cm Gylis 40 cm Auk\u0161tis 54,5 cm Produkto svoris su pakuote 45,40 kg Gamintojo kodas \/ simbolis CN01 Kolekcijos pavadinimas Colin Pavadinimas b2b sistemoje COLIN CN01 NAGANO \u0104\u017dUOLAS\/BALTA RTV KPL Produkto pakuo\u010di\u0173 skai\u010dius 2 Stilius Moderni \u012franga Surinkimo instrukcijos \/ surinkimo priedai Surinkimas Savaranki\u0161kam surinkimui Korpuso spalva Nagano \u0105\u017euolas Korpuso apdailos med\u017eiaga \/ tipas \/ storis 16 mm bald\u0173 plok\u0161t\u0117 Vir\u0161utinio korpuso apdaila \/ med\u017eiaga \/ tipas \/ storis 22 mm bald\u0173 plok\u0161t\u0117 Apatinio korpuso apdaila \/ med\u017eiaga \/ tipas \/ storis 22 mm bald\u0173 plok\u0161t\u0117 Galin\u0117s sienel\u0117s apdailos med\u017eiaga \/ tipas \/ storis 2,5 mm HDF bald\u0173 plok\u0161t\u0117 Matoma galin\u0117s sienel\u0117s dalis Nagano \u0105\u017euolas Priekin\u0117 spalva Alpi\u0173 balta Priekin\u0117s apdailos med\u017eiaga \/ tipas \/ storis 16 mm bald\u0173 plok\u0161t\u0117 Priekinis vyris \u2300 35 mm, reguliuojamas trijose plok\u0161tumose Priekin\u0117 rankena \/ Apdaila \/ Spalva Plastikas \/ Pilka Skyl\u0117 RTV laidams \u2300 50 mm Stal\u010diaus b\u0117geliai su pilnu i\u0161traukimu Kojel\u0117 \/ Apdaila \/ Spalva Reguliuojama \/ Plastikas \/ Pilka Kojel\u0117s auk\u0161tis 110 mm Papildoma koja \/ Apdaila \/ Spalva Reguliuojamas vidurys \/ Plastikinis \/ Juodas Dureli\u0173 skai\u010dius 1 Stal\u010di\u0173 skai\u010dius 2 Atvir\u0173 ni\u0161\u0173 skai\u010dius 2 U\u017edar\u0173 ni\u0161\u0173 skai\u010dius 1<\/p>","protected":false},"excerpt":{"rendered":"<p>COLIN CN01 televizoriaus staliukas puikiai papildys modern\u0173 ir eleganti\u0161k\u0105 svetain\u0117s interjer\u0105. Stovo dizainas leid\u017eia lengvai i\u0161d\u0117styti prietaisus ir priedus. Po stalvir\u0161iu yra du atviri skyriai, puikiai tinkantys pried\u0117liui ar konsolei laikyti. Du erdv\u016bs stal\u010diai puikiai tinka smulkiems \u012frenginiams laikyti, o u\u017erakinamas [\u2026]<\/p>","protected":false},"featured_media":253034,"comment_status":"open","ping_status":"open","template":"","meta":[],"product_brand":[],"product_cat":[2457,1175],"product_tag":[],"class_list":{"0":"post-253033","1":"product","2":"type-product","3":"status-publish","4":"has-post-thumbnail","6":"product_cat-liveo","7":"product_cat-tv-stands","9":"first","10":"instock","11":"purchasable","12":"product-type-simple"},"_links":{"self":[{"href":"https:\/\/baldumarket.lt\/lt\/wp-json\/wp\/v2\/product\/253033","targetHints":{"allow":["GET"]}}],"collection":[{"href":"https:\/\/baldumarket.lt\/lt\/wp-json\/wp\/v2\/product"}],"about":[{"href":"https:\/\/baldumarket.lt\/lt\/wp-json\/wp\/v2\/types\/product"}],"replies":[{"embeddable":true,"href":"https:\/\/baldumarket.lt\/lt\/wp-json\/wp\/v2\/comments?post=253033"}],"wp:featuredmedia":[{"embeddable":true,"href":"https:\/\/baldumarket.lt\/lt\/wp-json\/wp\/v2\/media\/253034"}],"wp:attachment":[{"href":"https:\/\/baldumarket.lt\/lt\/wp-json\/wp\/v2\/media?parent=253033"}],"wp:term":[{"taxonomy":"product_brand","embeddable":true,"href":"https:\/\/baldumarket.lt\/lt\/wp-json\/wp\/v2\/product_brand?post=253033"},{"taxonomy":"product_cat","embeddable":true,"href":"https:\/\/baldumarket.lt\/lt\/wp-json\/wp\/v2\/product_cat?post=253033"},{"taxonomy":"product_tag","embeddable":true,"href":"https:\/\/baldumarket.lt\/lt\/wp-json\/wp\/v2\/product_tag?post=253033"}],"curies":[{"name":"wp","href":"https:\/\/api.w.org\/{rel}","templated":true}]}}